{"id":1340,"date":"2022-09-19T06:06:05","date_gmt":"2022-09-19T06:06:05","guid":{"rendered":"https:\/\/www.largepillow.com\/product\/wedge-pillow-for-reading"},"modified":"2025-10-31T19:46:49","modified_gmt":"2025-10-31T19:46:49","slug":"kiilatyyny-lukemista-varten","status":"publish","type":"product","link":"https:\/\/www.largepillow.com\/fi\/product\/wedge-pillow-for-reading\/","title":{"rendered":"Kiilatyyny lukemiseen"},"content":{"rendered":"<p>Etsitk\u00f6 mukavaa ja monipuolista tyyny\u00e4 parantaaksesi lukukokemustasi? \u00c4l\u00e4 etsi kauempaa kuin Wedge Pillow For Reading.<\/p>\n<p>T\u00e4m\u00e4 ergonominen tyyny on suunniteltu tarjoamaan sinulle tukeva ja mukava lukukokemus. Valmistettu korkealaatuisista materiaaleista, mukaan lukien kest\u00e4v\u00e4 kangaskangasp\u00e4\u00e4llinen ja eritt\u00e4in elastinen polyesterikuitut\u00e4yte, t\u00e4m\u00e4 tyyny on sek\u00e4 riitt\u00e4v\u00e4n pehme\u00e4 ett\u00e4 kiinte\u00e4 tarjoamaan pehmusteen ja tuen.<\/p>\n<p>Sen lis\u00e4ksi, ett\u00e4 se sopii erinomaisesti lukemiseen, t\u00e4m\u00e4 kaarevan muotoinen tyyny voi my\u00f6s kohottaa tiettyj\u00e4 kehosi osia lievitt\u00e4\u00e4kseen sairauksia, kuten kuorsausta tai hapon refluksia. Raskaana olevat naiset voivat hy\u00f6ty\u00e4 sen k\u00e4yt\u00f6st\u00e4 my\u00f6s s\u00e4ilytt\u00e4m\u00e4ll\u00e4 makuuasennon sivulla tai k\u00e4ytt\u00e4m\u00e4ll\u00e4 sit\u00e4 lannerangan tyynyn\u00e4 lannerangan paineen alentamiseksi.<\/p>\n<p>Erinomaisilla printtikuvioillaan t\u00e4m\u00e4 asemointityyny lis\u00e4\u00e4 taatusti v\u00e4ri\u00e4 ja tyyli\u00e4 makuuhuoneeseesi. Valitse pastoraalinen tyyli &quot;mets\u00e4musiikki&quot;, retrotyyli &quot;vanha sanomalehti&quot;, kirjallisuustyyli &quot;sininen perhonen&quot; tai realistinen tyyli &quot;kamelikartta&quot; muutamia mainitakseni. T\u00e4m\u00e4 tyyny on t\u00e4ydellinen pojille ja tyt\u00f6ille sek\u00e4 aikuisille, ja se on loistava lahja lapsille, jotka rakastavat lukemista.<\/p>\n<p>Irrotettavassa tyynynp\u00e4\u00e4llyksess\u00e4 on n\u00e4kym\u00e4t\u00f6n metallivetoketju, joka on helppo irrottaa ja puhdistaa. Se on my\u00f6s konepest\u00e4v\u00e4 ja siin\u00e4 on k\u00e4tev\u00e4 sivutasku pienten esineiden, kuten matkapuhelimien ja lasien, s\u00e4ilytt\u00e4miseen.<\/p>\n<p>\u00c4l\u00e4 vain ota sanaamme, t\u00e4ss\u00e4 on joitain kommentteja tyytyv\u00e4isilt\u00e4 asiakkailta:<\/p>\n<p>\u201dOlen aina kamppaillut l\u00f6yt\u00e4\u00e4kseni mukavan asennon s\u00e4ngyss\u00e4 lukiessani, mutta t\u00e4m\u00e4 kiilatyyny on ollut pelin muuttaja. Se on niin mukava ja tukeva, ja sivutasku on mukava kosketus.\u201d<\/p>\n<p>\u2013 K\u00e4rsin happorefluksista, ja t\u00e4m\u00e4 tyyny on ollut hengenpelastaja. Se on paljon mukavampaa kuin tavallisten tyynyjen pinoaminen, ja muotoilu on my\u00f6s todella s\u00f6p\u00f6.<\/p>\n<p>Kaiken kaikkiaan Wedge Pillow For Reading on v\u00e4ltt\u00e4m\u00e4t\u00f6n kaikille, jotka nauttivat s\u00e4ngyss\u00e4 lukemisesta tai tarvitsevat lis\u00e4tukea nukkuessaan. Laadukkaiden materiaalien, monipuolisen suunnittelun ja tyylikk\u00e4iden tulosteiden ansiosta et tule pettym\u00e4\u00e4n t\u00e4h\u00e4n ostokseen.<\/p>","protected":false},"excerpt":{"rendered":"<ul>\n<li><strong>Ergonominen tyyny:<\/strong>\u00a0Jos sin\u00e4 ja yst\u00e4v\u00e4si pid\u00e4t lukemisesta s\u00e4ngyss\u00e4, mutta sinulla on erilaisia ep\u00e4mukavia tuntemuksia v\u00e4\u00e4r\u00e4n asennon vuoksi: ala- ja yl\u00e4sel\u00e4n kipuja, niska- ja hartiavaivoja jne. K\u00e4yt\u00e4 sitten t\u00e4t\u00e4 ergonomista tyyny\u00e4 auttamaan lukemistasi ergonomisessa asennossa. T\u00e4m\u00e4 lukutyyny ei ole vain pehme\u00e4 ja mukava, vaan my\u00f6s riitt\u00e4v\u00e4n kiinte\u00e4 tarjoamaan pehmustetta ja tukea.<\/li>\n<li><strong>Laadukkaat materiaalit:<\/strong>\u00a0Kiilatyynynp\u00e4\u00e4llinen on valmistettu korkealaatuisesta kangaskankaasta, joka on vahvaa ja kest\u00e4v\u00e4\u00e4 ja jolla on eritt\u00e4in hyv\u00e4 ilmanl\u00e4p\u00e4isevyys; se k\u00e4ytt\u00e4\u00e4 reaktiivista tulostus- ja v\u00e4rj\u00e4ystekniikkaa, joka ei haalistu; sis\u00e4ydin on t\u00e4ytetty korkealaatuisella korkeaelastisella polyesterikuitut\u00e4ytteell\u00e4, joka voi s\u00e4ilytt\u00e4\u00e4 vakaan muodon romahtamatta.<\/li>\n<li><strong>Monik\u00e4ytt\u00f6inen k\u00e4ytt\u00f6:<\/strong>\u00a0T\u00e4m\u00e4 kaarevan muotoinen tyyny voi pit\u00e4\u00e4 tietyt kehon osat kohotettuina. Siksi se auttaa lievitt\u00e4m\u00e4\u00e4n tiettyj\u00e4 sairauksia, kuten kuorsausta tai happorefluksia. Lis\u00e4ksi se voi my\u00f6s auttaa raskaana olevia naisia v\u00e4ltt\u00e4m\u00e4\u00e4n kaatumista ja s\u00e4ilytt\u00e4m\u00e4\u00e4n makuuasennon kyljess\u00e4 tai k\u00e4ytt\u00e4m\u00e4\u00e4n sit\u00e4 lannerangan tyynyn\u00e4 lannerangan paineen alentamiseksi. Sen lis\u00e4ksi, ett\u00e4 k\u00e4yt\u00e4t t\u00e4t\u00e4 selk\u00e4nojatyyny\u00e4 s\u00e4ngyss\u00e4, sit\u00e4 voidaan k\u00e4ytt\u00e4\u00e4 my\u00f6s sohvalla, lasten leikkialueen lattialla, ulkona puutarhakalusteessa.<\/li>\n<li><strong>Erinomainen painosuunnittelu:<\/strong>\u00a0T\u00e4m\u00e4 kirkkailla v\u00e4reill\u00e4 koristeltu tyynysarja lis\u00e4\u00e4 kiiltoa makuuhuoneeseesi. Pastoraalinen tyyli &quot;mets\u00e4musiikki&quot;, retrotyyli &quot;vanha sanomalehti&quot;, kirjallisuustyyli &quot;sininen perhonen&quot;, realistinen tyyli &quot;kamelikartta&quot;, l\u00f6yd\u00e4t varmasti persoonallesi sopivan v\u00e4rin. Se on hyv\u00e4 lukutyyny pojille ja tyt\u00f6ille tai aikuisille. T\u00e4m\u00e4 on my\u00f6s loistava lahja lapsille, jotka rakastavat lukemista, ja saa huoneensa n\u00e4ytt\u00e4m\u00e4\u00e4n viile\u00e4mm\u00e4lt\u00e4.<\/li>\n<li><strong>Irrotettava tyynynp\u00e4\u00e4llinen:<\/strong>\u00a0Tyynynp\u00e4\u00e4llinen, jossa on n\u00e4kym\u00e4t\u00f6n metallinen vetoketju, on helppo irrottaa ja asentaa tyynyyn; se on helppo puhdistaa ja sopii konepesuun; k\u00e4tev\u00e4\u00e4n sivutaskuun mahtuu milloin tahansa pieni\u00e4 esineit\u00e4, kuten matkapuhelimia ja laseja.<\/li>\n<li><strong>Koko:<\/strong>\u00a060x20x50cm.<\/li>\n<\/ul>","protected":false},"featured_media":1332,"comment_status":"open","ping_status":"closed","template":"","meta":[],"product_brand":[],"product_cat":[29],"product_tag":[60,81,78,79,80,59,65],"class_list":{"0":"post-1340","1":"product","2":"type-product","3":"status-publish","4":"has-post-thumbnail","6":"product_cat-large-reading-pillow","7":"product_tag-backrest-pillow","8":"product_tag-curved-shape-pillow","9":"product_tag-ergonomic-pillow","10":"product_tag-lumbar-pillow","11":"product_tag-positioning-pillow","12":"product_tag-reading-pillow","13":"product_tag-wedge-pillow","15":"first","16":"instock","17":"featured","18":"shipping-taxable","19":"purchasable","20":"product-type-simple"},"_links":{"self":[{"href":"https:\/\/www.largepillow.com\/fi\/wp-json\/wp\/v2\/product\/1340","targetHints":{"allow":["GET"]}}],"collection":[{"href":"https:\/\/www.largepillow.com\/fi\/wp-json\/wp\/v2\/product"}],"about":[{"href":"https:\/\/www.largepillow.com\/fi\/wp-json\/wp\/v2\/types\/product"}],"replies":[{"embeddable":true,"href":"https:\/\/www.largepillow.com\/fi\/wp-json\/wp\/v2\/comments?post=1340"}],"wp:featuredmedia":[{"embeddable":true,"href":"https:\/\/www.largepillow.com\/fi\/wp-json\/wp\/v2\/media\/1332"}],"wp:attachment":[{"href":"https:\/\/www.largepillow.com\/fi\/wp-json\/wp\/v2\/media?parent=1340"}],"wp:term":[{"taxonomy":"product_brand","embeddable":true,"href":"https:\/\/www.largepillow.com\/fi\/wp-json\/wp\/v2\/product_brand?post=1340"},{"taxonomy":"product_cat","embeddable":true,"href":"https:\/\/www.largepillow.com\/fi\/wp-json\/wp\/v2\/product_cat?post=1340"},{"taxonomy":"product_tag","embeddable":true,"href":"https:\/\/www.largepillow.com\/fi\/wp-json\/wp\/v2\/product_tag?post=1340"}],"curies":[{"name":"wp","href":"https:\/\/api.w.org\/{rel}","templated":true}]}}