{"id":1403,"date":"2022-09-20T02:44:16","date_gmt":"2022-09-20T02:44:16","guid":{"rendered":"https:\/\/www.largepillow.com\/product\/huge-rock-pillows-pebble-pillows-living-pillows-living-stones-pillows-pre-filled-christmas-present-max-size-dark-gray-9002"},"modified":"2025-01-15T14:54:41","modified_gmt":"2025-01-15T14:54:41","slug":"kivi-tyynyt-2","status":"publish","type":"product","link":"https:\/\/www.largepillow.com\/fi\/product\/rock-pillows","title":{"rendered":"Rock Tyynyt"},"content":{"rendered":"[zc_getpagecontent mb=&#8221;mb_aplus&#8221; apid=&#8221;21&#8243;]\n","protected":false},"excerpt":{"rendered":"<ul>\n<li><strong>Verisimilar 3D Outdoor -tyyny:<\/strong> Ensi silm\u00e4yksell\u00e4 et koskaan usko, ett\u00e4 se on vain deco-tyyny. Nerokkaan suunnittelun avulla yhdist\u00e4mme kodikkaan tyynyn ja &quot;kiven&quot; t\u00e4ydellisesti. Ellipsin muoto ja kapea kaarevuus saavat ne n\u00e4ytt\u00e4m\u00e4\u00e4n oikeilta kivilt\u00e4. Tummien ja vaaleiden v\u00e4rien sekoittaminen ja yhteensovittaminen voi lis\u00e4t\u00e4 huoneeseesi monipuolisia visuaalisia muutoksia ja tehd\u00e4 siit\u00e4 hauskaa. N\u00e4m\u00e4 el\u00e4v\u00e4t deco-tyynyt tekev\u00e4t kodistamme mielenkiintoisen paikan.<\/li>\n<li><strong>Koristetyynyt eri tilanteisiin:<\/strong> Tyynyj\u00e4mme voidaan k\u00e4ytt\u00e4\u00e4 koristeena erilaisiin tarpeisiisi useaan otteeseen. Aseta se sis\u00e4tiloihin antaaksesi huoneelle luonnollisen maun.Aseta se ulos puutarhaan, patiolle, uima-altaalle jne. Voit palata todelliseen, t\u00e4ydelliseen integraatioon ja tuntea olosi mukavaksi;K\u00e4ytet\u00e4\u00e4n lastenhuoneen sisustamiseen, voi luoda leikkipuiston.<\/li>\n<li><strong>Monik\u00e4ytt\u00f6iset luovat tyynyt:<\/strong> Pehmotyynyj\u00e4mme ei voi k\u00e4ytt\u00e4\u00e4 vain koristetyynyin\u00e4 miss\u00e4 tahansa sis\u00e4tilojen kulmassa\/ulkotyynyin\u00e4 ulkok\u00e4ytt\u00f6\u00f6n, vaan niit\u00e4 voidaan k\u00e4ytt\u00e4\u00e4 my\u00f6s lasten leluina, jotta lapset voivat leikki\u00e4 pehmotyynyin\u00e4 halutessaan ja tunteitaan peliss\u00e4. Isoja sohvatyynyj\u00e4 voidaan k\u00e4ytt\u00e4\u00e4 my\u00f6s luovina istuimina ja pieni\u00e4 sohvatyynyj\u00e4. Erimuotoiset deco-tyynyt ovat my\u00f6s hyv\u00e4 valinta valokuvarekvisiittiin.<\/li>\n<li><strong>Korkealaatuinen simulaatiokivityyny:<\/strong> Valitut superpehme\u00e4t lyhyet samettikankaat, pehme\u00e4t ja mukavat. Deco-tyynyt t\u00e4ytteell\u00e4 (polyesterit\u00e4yte), joka on p\u00f6rr\u00f6inen ja pehme\u00e4 sek\u00e4 hyv\u00e4 joustavuus. N\u00e4kym\u00e4t\u00f6n vetoketju, mutta my\u00f6s tekee tyynyliinasta helposti purettavan. Reaktiivisella tulostus- ja v\u00e4rj\u00e4ystekniikalla, materiaalin valinnasta v\u00e4rin kiinnitt\u00e4miseen, muotoiluun, muotoiluun ja valmiiseen tuotteeseen, jokainen vaihe toteutetaan tiukasti.<\/li>\n<li><strong>Pakkaus ja koko:<\/strong> jokainen pakkaus sis\u00e4lt\u00e4\u00e4 1 sarjan 6 erikokoista ulkotyyny\u00e4, jotka on suunniteltu ep\u00e4s\u00e4\u00e4nn\u00f6llisiksi soikeiksi muotoiksi enemm\u00e4n kiviksi. Koot ovat: 100 \u00d7 50 \/ 50 \u00d7 35 \/ 50 \u00d7 25 \/ 35 \u00d7 23 \/ 30 \u00d7 15 \/ 18 \u00d7 10 cm.<\/li>\n<\/ul>","protected":false},"featured_media":1391,"comment_status":"open","ping_status":"closed","template":"","meta":[],"product_brand":[],"product_cat":[30],"product_tag":[58,57,53,56,52,54,51,55,50],"class_list":{"0":"post-1403","1":"product","2":"type-product","3":"status-publish","4":"has-post-thumbnail","6":"product_cat-large-rock-pillow","7":"product_tag-floor-cushion","8":"product_tag-floor-pillow","9":"product_tag-livingstones","10":"product_tag-pebble-cushion","11":"product_tag-pebble-pillow","12":"product_tag-rock-cushion","13":"product_tag-rock-pillow","14":"product_tag-stone-cushion","15":"product_tag-stone-pillow","17":"first","18":"instock","19":"featured","20":"shipping-taxable","21":"purchasable","22":"product-type-variable","23":"has-default-attributes"},"_links":{"self":[{"href":"https:\/\/www.largepillow.com\/fi\/wp-json\/wp\/v2\/product\/1403","targetHints":{"allow":["GET"]}}],"collection":[{"href":"https:\/\/www.largepillow.com\/fi\/wp-json\/wp\/v2\/product"}],"about":[{"href":"https:\/\/www.largepillow.com\/fi\/wp-json\/wp\/v2\/types\/product"}],"replies":[{"embeddable":true,"href":"https:\/\/www.largepillow.com\/fi\/wp-json\/wp\/v2\/comments?post=1403"}],"wp:featuredmedia":[{"embeddable":true,"href":"https:\/\/www.largepillow.com\/fi\/wp-json\/wp\/v2\/media\/1391"}],"wp:attachment":[{"href":"https:\/\/www.largepillow.com\/fi\/wp-json\/wp\/v2\/media?parent=1403"}],"wp:term":[{"taxonomy":"product_brand","embeddable":true,"href":"https:\/\/www.largepillow.com\/fi\/wp-json\/wp\/v2\/product_brand?post=1403"},{"taxonomy":"product_cat","embeddable":true,"href":"https:\/\/www.largepillow.com\/fi\/wp-json\/wp\/v2\/product_cat?post=1403"},{"taxonomy":"product_tag","embeddable":true,"href":"https:\/\/www.largepillow.com\/fi\/wp-json\/wp\/v2\/product_tag?post=1403"}],"curies":[{"name":"wp","href":"https:\/\/api.w.org\/{rel}","templated":true}]}}