{"id":14329,"date":"2025-09-25T01:11:37","date_gmt":"2025-09-25T01:11:37","guid":{"rendered":"https:\/\/www.largepillow.com\/product\/velvet-modular-floor-sofa-set-with-back-support-armrest-pillows"},"modified":"2025-09-25T01:20:38","modified_gmt":"2025-09-25T01:20:38","slug":"samettinen-modulaarinen-lattiasohvaryhma-selkanojalla-ja-kasinojatyynyilla","status":"publish","type":"product","link":"https:\/\/www.largepillow.com\/fi\/product\/velvet-modular-floor-sofa-set-with-back-support-armrest-pillows","title":{"rendered":"Samettinen modulaarinen lattiasohvasetti selk\u00e4nojalla ja k\u00e4sinojatyynyill\u00e4"},"content":{"rendered":"[zc_getpagecontent mb=&#8221;mb_aplus&#8221; apid=&#8221;144&#8243;]\n","protected":false},"excerpt":{"rendered":"<ul>\n<li>Boheemihenkinen lattiasohva: Lis\u00e4\u00e4 l\u00e4mmin ja taiteellinen ilme kotiisi t\u00e4ll\u00e4 modulaarisella lattiasohvaryhm\u00e4ll\u00e4. Tyylikk\u00e4\u00e4ll\u00e4 boheemilla kuvioinnilla, tuftatuilla napeilla ja pehme\u00e4ll\u00e4 samettikangasella se yhdist\u00e4\u00e4 mukavuuden ja tyylin ja parantaa olohuoneesi, parvekkeen tai lukunurkkauksen ilmett\u00e4.<\/li>\n<li>Joustava modulaarinen muotoilu: Jokainen sarja sis\u00e4lt\u00e4\u00e4 5 osaa: 2 lieri\u00f6m\u00e4ist\u00e4 k\u00e4sinojatyyny\u00e4 (6\u2033 \u00d7 10\u2033), 2 neli\u00f6nmuotoista selk\u00e4tyyny\u00e4 (24\u2033 \u00d7 18\u2033) ja 1 paksun suorakaiteen muotoisen pohjatyynyn (8\u2033 \u00d7 47\u2033 \u00d7 28\u2033). K\u00e4yt\u00e4 sit\u00e4 kompaktina lattiasohvana, yhden lepotuolin tai korotetun sohvan tapaan ja osta lis\u00e4sarjoja luodaksesi suuremman sohvaryhm\u00e4n tai jopa mukavan lattias\u00e4ngyn.<\/li>\n<li>Pehme\u00e4t mutta tukevat: Tihe\u00e4ll\u00e4 PP-puuvillalla t\u00e4ytetyt tyynyt ovat pehme\u00e4t ja p\u00f6rr\u00f6iset mutta vakaat, tarjoten juuri oikean tasapainon pehmeyden ja tuen v\u00e4lill\u00e4. T\u00e4ydelliset pitkiin lukuhetkiin, rentoutumiseen tai rennoille torkuille ilman, ett\u00e4 patja painuu notkolle.<\/li>\n<li>Ensiluokkainen hollantilainen sametti: Pehme\u00e4ll\u00e4 hollantilaisella sametilla verhoiltu sohva tarjoaa sile\u00e4n ja ihoyst\u00e4v\u00e4llisen tuntuman sek\u00e4 paksumman pinnan kest\u00e4vyyden takaamiseksi. Kangas on hengitt\u00e4v\u00e4, kulutusta kest\u00e4v\u00e4 ja mukava, ja tuftatut yksityiskohdat est\u00e4v\u00e4t roikkumisen pitk\u00e4aikaisen k\u00e4yt\u00f6n takaamiseksi.<\/li>\n<li>Monipuolinen k\u00e4ytt\u00f6kokemus: Voit sijoittaa sen lattiasohvaksi, penkkityynyksi, divaaniksi tai ikkunalaudalle sopivaksi erilaisiin tiloihin. Ihanteellinen pieniin asuntoihin, asuntola-asuntolaan, olohuoneeseen, parvekkeelle tai vierashuoneeseen, sill\u00e4 se tarjoaa joustavaa mukavuutta jokaiseen nurkkaan.<\/li>\n<\/ul>","protected":false},"featured_media":14320,"comment_status":"open","ping_status":"closed","template":"","meta":[],"product_brand":[],"product_cat":[228],"product_tag":[],"class_list":{"0":"post-14329","1":"product","2":"type-product","3":"status-publish","4":"has-post-thumbnail","6":"product_cat-cushions","8":"first","9":"instock","10":"sold-individually","11":"shipping-taxable","12":"purchasable","13":"product-type-simple"},"_links":{"self":[{"href":"https:\/\/www.largepillow.com\/fi\/wp-json\/wp\/v2\/product\/14329","targetHints":{"allow":["GET"]}}],"collection":[{"href":"https:\/\/www.largepillow.com\/fi\/wp-json\/wp\/v2\/product"}],"about":[{"href":"https:\/\/www.largepillow.com\/fi\/wp-json\/wp\/v2\/types\/product"}],"replies":[{"embeddable":true,"href":"https:\/\/www.largepillow.com\/fi\/wp-json\/wp\/v2\/comments?post=14329"}],"wp:featuredmedia":[{"embeddable":true,"href":"https:\/\/www.largepillow.com\/fi\/wp-json\/wp\/v2\/media\/14320"}],"wp:attachment":[{"href":"https:\/\/www.largepillow.com\/fi\/wp-json\/wp\/v2\/media?parent=14329"}],"wp:term":[{"taxonomy":"product_brand","embeddable":true,"href":"https:\/\/www.largepillow.com\/fi\/wp-json\/wp\/v2\/product_brand?post=14329"},{"taxonomy":"product_cat","embeddable":true,"href":"https:\/\/www.largepillow.com\/fi\/wp-json\/wp\/v2\/product_cat?post=14329"},{"taxonomy":"product_tag","embeddable":true,"href":"https:\/\/www.largepillow.com\/fi\/wp-json\/wp\/v2\/product_tag?post=14329"}],"curies":[{"name":"wp","href":"https:\/\/api.w.org\/{rel}","templated":true}]}}