{"id":156,"date":"2022-09-15T06:26:18","date_gmt":"2022-09-15T06:26:18","guid":{"rendered":"https:\/\/www.largepillow.com\/product\/daybed-wedge-pillow"},"modified":"2025-11-05T02:15:25","modified_gmt":"2025-11-05T02:15:25","slug":"sanky-pehmuste-tyyny-2","status":"publish","type":"product","link":"https:\/\/www.largepillow.com\/fi\/product\/bed-bolster-pillow","title":{"rendered":"Bed Bolster tyyny"},"content":{"rendered":"<p>L\u00f6yd\u00e4 \u00e4\u00e4rimm\u00e4inen mukavuus Bed Bolster -tyynyll\u00e4<\/p>\n<p>Oletko kyll\u00e4stynyt vaikeutumaan s\u00e4ngyss\u00e4 lukemisen tai television katselun aikana? Esittelyss\u00e4 vallankumouksellinen Bed Bolster Pillow, 3-in-1-monitoimityyny, joka vie nukkumaanmenon rentoutumisen uusiin korkeuksiin. <\/p>\n<p>T\u00e4m\u00e4 korkealaatuisista materiaaleista valmistettu kolmionmuotoinen tyyny tarjoaa ergonomisen ristisel\u00e4n tuen, joka muotoutuu t\u00e4ydellisesti selk\u00e4\u00e4si ja vy\u00f6t\u00e4r\u00f6\u00e4si vasten. Hengitt\u00e4v\u00e4 polyesterip\u00e4\u00e4llinen ja joustava sis\u00e4pehmuste tarjoavat juuri oikean m\u00e4\u00e4r\u00e4n antamista tuntien j\u00e4nnittym\u00e4tt\u00f6m\u00e4\u00e4n mukavuuteen. <\/p>\n<p>Asiakkaat rakastavat Bed Bolster Pillow -tyynyn monipuolisuutta:<\/p>\n<p>\u201dK\u00e4yt\u00e4n pystysuoraani selk\u00e4nojana istuessani s\u00e4ngyss\u00e4. Se on niin paljon parempi kuin kamppailla litteiden tyynyjen kanssa, jotka liukuvat jatkuvasti alas.\u201d<\/p>\n<p>\u201dT\u00e4m\u00e4 kiilatyyny on upea. Nukun sivuun ja sen laittaminen jalkojeni alle on tehnyt ihmeit\u00e4 selk\u00e4kipuihini.  <\/p>\n<p>\u201dTykk\u00e4\u00e4n k\u00e4ytt\u00e4\u00e4 sit\u00e4 pienen\u00e4 sohvan tyynyn\u00e4. Se on t\u00e4ydellisen kokoinen tytt\u00e4relleni ja minulle, jotta voimme halailla ja lukea yhdess\u00e4.<\/p>\n<p>Bed Bolster Pillow -tyynyn koot vaihtelevat 45 cm:st\u00e4 tilavaan 200 cm:iin, joten se sopii mihin tahansa henkil\u00f6kohtaiseen k\u00e4ytt\u00f6\u00f6n kumppanin kanssa nukkumiseen. K\u00e4tev\u00e4t sivutaskut tarjoavat paikan s\u00e4ilytt\u00e4\u00e4 kirjoja, kaukos\u00e4\u00e4timi\u00e4, puhelimia ja paljon muuta, kun taas vetoketjullinen irrotettava kansi mahdollistaa helpon pesun. <\/p>\n<p>Kohota rentoutumistasi yhdell\u00e4 tyynyll\u00e4, joka tekee kaiken. Tuo kotiin Bed Bolster Pillow ja l\u00f6yd\u00e4 \u00e4\u00e4rimm\u00e4inen mukavuus jo t\u00e4n\u00e4\u00e4n!<\/p>","protected":false},"excerpt":{"rendered":"<ul>\n<li><strong>\u00c4\u00e4rimm\u00e4ist\u00e4 mukavuutta:<\/strong> T\u00e4m\u00e4 s\u00e4ngynp\u00e4\u00e4dyn tyyny tarjoaa erinomaisen mukavuuden kolmionmuotoisen muotoilunsa ansiosta. S\u00e4ngyn tukityyny istuu mukavasti selk\u00e4\u00e4n ja vy\u00f6t\u00e4r\u00f6lle minimoiden lanne-\/selk\u00e4paineen. T\u00e4m\u00e4 kiilatyyny voi auttaa sinua pysym\u00e4\u00e4n j\u00e4nnittym\u00e4tt\u00f6m\u00e4n\u00e4 s\u00e4ngyss\u00e4 tai sohvalla, mik\u00e4 sopii ihanteellisesti y\u00f6ky\u00f6pelien, kirjatoukkien ty\u00f6skentelyyn ja television katseluun s\u00e4ngyss\u00e4. T\u00e4m\u00e4 eritt\u00e4in suuri tyyny on ainoa kiilatyyny, johon mahtuu kaksi henkil\u00f6\u00e4.<\/li>\n<li><strong>3 in 1 iso pehmustetyyny:<\/strong> Voit k\u00e4ytt\u00e4\u00e4 tyyny\u00e4 pystyasennossa selk\u00e4nojan tyynyn\u00e4 istuessasi s\u00e4ngyss\u00e4 tai asettaa sen s\u00e4ngylle tasaisesti k\u00e4ytt\u00e4\u00e4ksesi sit\u00e4 suurena kiilatyynyn\u00e4 nukkuessasi sel\u00e4ll\u00e4\u00e4n tai kyljell\u00e4si tai jalkatyynyn\u00e4 nostaaksesi jalkojasi. Jos haluat suuren s\u00e4ngynp\u00e4\u00e4dyn tyynyn, joka tukee sek\u00e4 sinua ett\u00e4 puolisoasi. Se on erinomainen vaihtoehto.<\/li>\n<li><strong>Monik\u00e4ytt\u00f6inen muotoilu:<\/strong> Jotkut k\u00e4ytt\u00e4v\u00e4t isoa kolmiotyyny\u00e4 s\u00e4ngynp\u00e4\u00e4dyn tyynyn\u00e4, kun taas toiset k\u00e4ytt\u00e4v\u00e4t sit\u00e4 puskurin tyynyn\u00e4, se voi olla my\u00f6s sohva tai leposohvan selk\u00e4nojan tyyny. Se on tyylik\u00e4s ja toimiva, joten se on erinomainen lis\u00e4 jokaiseen makuuhuoneeseen.<\/li>\n<li><strong>Ylivoimaista k\u00e4sity\u00f6taitoa:<\/strong> Tyynyliina on vakosamettin\u00e4k\u00f6inen, jonka koostumus on 100% polyesteri\u00e4. S\u00e4ngynp\u00e4\u00e4tyynymme on hengitt\u00e4v\u00e4 ja tarpeeksi mukava pit\u00e4\u00e4kseen muotonsa eik\u00e4 menet\u00e4 muotoaan ajan my\u00f6t\u00e4. Sivutasku kummallakin puolella mahdollistaa kirjan tai puhelimen sujauttamisen.<\/li>\n<li><strong>Helppo pest\u00e4:<\/strong> Lukutyynyn p\u00e4\u00e4llinen kiinnitet\u00e4\u00e4n tyynyyn napeilla ja on helppo irrottaa yksinkertaisella vetoketjulla. T\u00e4m\u00e4 tekee sen puhdistamisesta vaivatonta. Poista vain p\u00e4\u00e4llinen ja pese tyyny nopeasti koneella, jotta se n\u00e4ytt\u00e4\u00e4 uudelta.<\/li>\n<li><strong>Koko:<\/strong> 45 cm (L45 x L20 x K50 | 0 nappia), 60 cm (L60 x L20 x K50 | 0 nappia), 80 cm (P80 x L20 x K50 | 2 nappia), 100 cm (L100 x L20 x K50 | 3 nappia), 120 cm ( L120 x L20 x K50 | 4 nappia), 140cm (L140 x L20 x K50 | 4 nappia), 160cm (P160 x L20 x K50 | 5 nappia), 180cm (P180 x L20 x K50 | 6 nappia), 200 cm (P20) L20 x K50 | 7 painiketta).<\/li>\n<\/ul>","protected":false},"featured_media":137,"comment_status":"open","ping_status":"closed","template":"","meta":[],"product_brand":[],"product_cat":[15],"product_tag":[66,225,195,206,218,102,75,168,154,199,163,59],"class_list":{"0":"post-156","1":"product","2":"type-product","3":"status-publish","4":"has-post-thumbnail","6":"product_cat-large-wedge-pillow","7":"product_tag-back-support-pillow","8":"product_tag-bed-bolster-pillow","9":"product_tag-brown-pillow","10":"product_tag-bumper-pillow","11":"product_tag-corduroy-pillow","12":"product_tag-couch-pillow","13":"product_tag-daybed-pillow","14":"product_tag-headboard-pillow","15":"product_tag-large-body-pillow","16":"product_tag-large-wedge-pillow","17":"product_tag-leg-pillow","18":"product_tag-reading-pillow","20":"first","21":"instock","22":"featured","23":"shipping-taxable","24":"purchasable","25":"product-type-variable"},"_links":{"self":[{"href":"https:\/\/www.largepillow.com\/fi\/wp-json\/wp\/v2\/product\/156","targetHints":{"allow":["GET"]}}],"collection":[{"href":"https:\/\/www.largepillow.com\/fi\/wp-json\/wp\/v2\/product"}],"about":[{"href":"https:\/\/www.largepillow.com\/fi\/wp-json\/wp\/v2\/types\/product"}],"replies":[{"embeddable":true,"href":"https:\/\/www.largepillow.com\/fi\/wp-json\/wp\/v2\/comments?post=156"}],"wp:featuredmedia":[{"embeddable":true,"href":"https:\/\/www.largepillow.com\/fi\/wp-json\/wp\/v2\/media\/137"}],"wp:attachment":[{"href":"https:\/\/www.largepillow.com\/fi\/wp-json\/wp\/v2\/media?parent=156"}],"wp:term":[{"taxonomy":"product_brand","embeddable":true,"href":"https:\/\/www.largepillow.com\/fi\/wp-json\/wp\/v2\/product_brand?post=156"},{"taxonomy":"product_cat","embeddable":true,"href":"https:\/\/www.largepillow.com\/fi\/wp-json\/wp\/v2\/product_cat?post=156"},{"taxonomy":"product_tag","embeddable":true,"href":"https:\/\/www.largepillow.com\/fi\/wp-json\/wp\/v2\/product_tag?post=156"}],"curies":[{"name":"wp","href":"https:\/\/api.w.org\/{rel}","templated":true}]}}