{"id":16475,"date":"2026-02-08T03:05:13","date_gmt":"2026-02-08T03:05:13","guid":{"rendered":"https:\/\/www.largepillow.com\/product\/decorative-modern-ottoman-cube-foot-stool-for-home-accent-seating-red-brick"},"modified":"2026-02-11T02:58:28","modified_gmt":"2026-02-11T02:58:28","slug":"decorative-modern-ottoman-cube-foot-stool-for-home-accent-seating-red-brick","status":"publish","type":"product","link":"https:\/\/www.largepillow.com\/fi\/product\/decorative-modern-ottoman-cube-foot-stool-for-home-accent-seating-red-brick","title":{"rendered":"Koristeellinen moderni ottomaani-kuutiomainen jalkarahi kodin sisustuselementteihin (punainen tiili)"},"content":{"rendered":"<p>T\u00e4m\u00e4n modernin kuutiorahin mitat ovat noin 55 * 55 * 40 cm (22 tuumaa P x 22 tuumaa L x 17 tuumaa K). T\u00e4m\u00e4 kuutiorahi antaa sinulle realistisemman ulkon\u00e4\u00f6n. T\u00e4m\u00e4 rahi ei ole vain jalkatuki, vaan voit k\u00e4ytt\u00e4\u00e4 sit\u00e4 istuimena, sohvap\u00f6yt\u00e4n\u00e4, apup\u00f6yt\u00e4n\u00e4 tai y\u00f6p\u00f6yt\u00e4n\u00e4. Se voi tuoda mukavaa mukavuutta jokap\u00e4iv\u00e4iseen el\u00e4m\u00e4\u00e4si ja tehd\u00e4 siit\u00e4 monik\u00e4ytt\u00f6isen sisustuselementin, joka mukautuu asuintilasi tarpeisiin.<\/p>","protected":false},"excerpt":{"rendered":"<ul>\n<li>Monipuolinen muotoilu: Moderni kuutiorahi, joka toimii jalkarahina, lis\u00e4istuimena tai koristeellisena yksityiskohtana silmiinpist\u00e4v\u00e4ll\u00e4 syykuvioinnilla.<\/li>\n<li>Premium-koko: Mitat 55 * 55 * 40 cm (22 x 22 x 17 tuumaa), t\u00e4ydellinen olohuoneisiin, makuuhuoneisiin tai mihin tahansa tilaan, joka kaipaa tyylik\u00e4st\u00e4 toimivuutta.<\/li>\n<li>Mukava tuki: Valmistettu korkealaatuisesta vaahtomuovipehmusteesta optimaalisen mukavuuden ja kest\u00e4vyyden takaamiseksi s\u00e4ilytt\u00e4en samalla muotonsa.<\/li>\n<li>Katseenvangitsija: Erottuva s\u00e4vykuvio luo katseenvangitsevan aksentin mihin tahansa huoneen sisustukseen.<\/li>\n<\/ul>","protected":false},"featured_media":16468,"comment_status":"open","ping_status":"closed","template":"","meta":[],"product_brand":[],"product_cat":[228],"product_tag":[],"class_list":{"0":"post-16475","1":"product","2":"type-product","3":"status-publish","4":"has-post-thumbnail","6":"product_cat-cushions","8":"first","9":"instock","10":"shipping-taxable","11":"purchasable","12":"product-type-simple"},"_links":{"self":[{"href":"https:\/\/www.largepillow.com\/fi\/wp-json\/wp\/v2\/product\/16475","targetHints":{"allow":["GET"]}}],"collection":[{"href":"https:\/\/www.largepillow.com\/fi\/wp-json\/wp\/v2\/product"}],"about":[{"href":"https:\/\/www.largepillow.com\/fi\/wp-json\/wp\/v2\/types\/product"}],"replies":[{"embeddable":true,"href":"https:\/\/www.largepillow.com\/fi\/wp-json\/wp\/v2\/comments?post=16475"}],"wp:featuredmedia":[{"embeddable":true,"href":"https:\/\/www.largepillow.com\/fi\/wp-json\/wp\/v2\/media\/16468"}],"wp:attachment":[{"href":"https:\/\/www.largepillow.com\/fi\/wp-json\/wp\/v2\/media?parent=16475"}],"wp:term":[{"taxonomy":"product_brand","embeddable":true,"href":"https:\/\/www.largepillow.com\/fi\/wp-json\/wp\/v2\/product_brand?post=16475"},{"taxonomy":"product_cat","embeddable":true,"href":"https:\/\/www.largepillow.com\/fi\/wp-json\/wp\/v2\/product_cat?post=16475"},{"taxonomy":"product_tag","embeddable":true,"href":"https:\/\/www.largepillow.com\/fi\/wp-json\/wp\/v2\/product_tag?post=16475"}],"curies":[{"name":"wp","href":"https:\/\/api.w.org\/{rel}","templated":true}]}}