{"id":16483,"date":"2026-02-08T03:09:34","date_gmt":"2026-02-08T03:09:34","guid":{"rendered":"https:\/\/www.largepillow.com\/product\/contemporary-ottoman-cube-decorative-pouf-footrest-for-home-white-marble"},"modified":"2026-02-11T02:58:28","modified_gmt":"2026-02-11T02:58:28","slug":"nykyaikainen-ottomaanien-kuutio-koristeellinen-jakkujalkatuki-kotiin-valkoinen-marmori","status":"publish","type":"product","link":"https:\/\/www.largepillow.com\/fi\/product\/contemporary-ottoman-cube-decorative-pouf-footrest-for-home-white-marble","title":{"rendered":"Nykyaikainen ottomaanikuutio koristeellinen jalkatuki kotiin (valkoinen marmori)"},"content":{"rendered":"<p>Muunna asuintilasi t\u00e4ll\u00e4 monipuolisella ja tyylikk\u00e4\u00e4ll\u00e4 kuutionmuotoisella rahilla, joka toimii sek\u00e4 k\u00e4yt\u00e4nn\u00f6llisen\u00e4 jalkarahina ett\u00e4 koristeellisena yksityiskohtana. Upeat kuviot luovat ylellisen ja luonnollisen estetiikan. T\u00e4m\u00e4n rahin mitat ovat 55 * 55 * 40 cm (22 x 22 x 17 tuumaa) \u2013 t\u00e4ydellinen mihin tahansa huoneeseen. Kuutiomuotoilu esittelee monimutkaisia py\u00f6rteilevi\u00e4 kuvioita rikkaissa ruskean ja kullan s\u00e4vyiss\u00e4, mik\u00e4 tekee jokaisesta kappaleesta ainutlaatuisen. Korkealaatuisella vaahtomuovipehmusteella valmistettu rahi tarjoaa mukavaa tukea niin jalkatukena, lis\u00e4istuimena kuin sivup\u00f6yt\u00e4n\u00e4kin. Moderni muotoilu t\u00e4ydent\u00e4\u00e4 saumattomasti erilaisia sisustustyylej\u00e4 modernista rustiikkiseen. Huomattava koko tekee siit\u00e4 ihanteellisen valinnan sek\u00e4 k\u00e4yt\u00e4nn\u00f6lliseen k\u00e4ytt\u00f6\u00f6n ett\u00e4 katseenvangitsijaksi kodin sisustuksessa. Saatavilla useissa eri kuvioissa, ja r\u00e4\u00e4t\u00e4l\u00f6ityj\u00e4 malleja voidaan tehd\u00e4 juuri sinun esteettisiin tarpeisiisi sopivaksi. Monipuolinen korkeus ja tukeva rakenne takaavat, ett\u00e4 t\u00e4m\u00e4 rahi sopii moneen tarkoitukseen k\u00e4tev\u00e4st\u00e4 jalkatuesta improvisoituun sohvap\u00f6yt\u00e4\u00e4n tai lis\u00e4istuimeen vieraita viihdytt\u00e4ess\u00e4.<\/p>","protected":false},"excerpt":{"rendered":"<ul>\n<li>Monipuolinen muotoilu: Moderni kuutiorahi, joka toimii jalkarahina, lis\u00e4istuimena tai koristeellisena yksityiskohtana silmiinpist\u00e4v\u00e4ll\u00e4 syykuvioinnilla.<\/li>\n<li>Premium-koko: Mitat 55 * 55 * 40 cm (22 x 22 x 17 tuumaa), t\u00e4ydellinen olohuoneisiin, makuuhuoneisiin tai mihin tahansa tilaan, joka kaipaa tyylik\u00e4st\u00e4 toimivuutta.<\/li>\n<li>Mukautetut vaihtoehdot: Saatavilla erilaisilla kuvioilla, ja mahdollisuus r\u00e4\u00e4t\u00e4l\u00f6id\u00e4 yksil\u00f6llisi\u00e4 kuvioita vastaamaan ainutlaatuisia sisustustarpeitasi.<\/li>\n<li>Mukava tuki: Valmistettu korkealaatuisesta vaahtomuovipehmusteesta optimaalisen mukavuuden ja kest\u00e4vyyden takaamiseksi s\u00e4ilytt\u00e4en samalla muotonsa.<\/li>\n<li>Katseenvangitsija: Erottuva s\u00e4vykuvio luo katseenvangitsevan aksentin mihin tahansa huoneen sisustukseen.<\/li>\n<\/ul>","protected":false},"featured_media":16476,"comment_status":"open","ping_status":"closed","template":"","meta":[],"product_brand":[],"product_cat":[228],"product_tag":[],"class_list":{"0":"post-16483","1":"product","2":"type-product","3":"status-publish","4":"has-post-thumbnail","6":"product_cat-cushions","8":"first","9":"instock","10":"shipping-taxable","11":"purchasable","12":"product-type-simple"},"_links":{"self":[{"href":"https:\/\/www.largepillow.com\/fi\/wp-json\/wp\/v2\/product\/16483","targetHints":{"allow":["GET"]}}],"collection":[{"href":"https:\/\/www.largepillow.com\/fi\/wp-json\/wp\/v2\/product"}],"about":[{"href":"https:\/\/www.largepillow.com\/fi\/wp-json\/wp\/v2\/types\/product"}],"replies":[{"embeddable":true,"href":"https:\/\/www.largepillow.com\/fi\/wp-json\/wp\/v2\/comments?post=16483"}],"wp:featuredmedia":[{"embeddable":true,"href":"https:\/\/www.largepillow.com\/fi\/wp-json\/wp\/v2\/media\/16476"}],"wp:attachment":[{"href":"https:\/\/www.largepillow.com\/fi\/wp-json\/wp\/v2\/media?parent=16483"}],"wp:term":[{"taxonomy":"product_brand","embeddable":true,"href":"https:\/\/www.largepillow.com\/fi\/wp-json\/wp\/v2\/product_brand?post=16483"},{"taxonomy":"product_cat","embeddable":true,"href":"https:\/\/www.largepillow.com\/fi\/wp-json\/wp\/v2\/product_cat?post=16483"},{"taxonomy":"product_tag","embeddable":true,"href":"https:\/\/www.largepillow.com\/fi\/wp-json\/wp\/v2\/product_tag?post=16483"}],"curies":[{"name":"wp","href":"https:\/\/api.w.org\/{rel}","templated":true}]}}