{"id":16552,"date":"2026-02-08T07:50:38","date_gmt":"2026-02-08T07:50:38","guid":{"rendered":"https:\/\/www.largepillow.com\/product\/convertible-modular-floor-sofa-floor-pillow-couch-lounge-chair-for-home"},"modified":"2026-02-11T02:58:33","modified_gmt":"2026-02-11T02:58:33","slug":"muunneltava-modulaarinen-lattiasohva-lattiatyynysohva-nojatuoli-kotiin","status":"publish","type":"product","link":"https:\/\/www.largepillow.com\/fi\/product\/convertible-modular-floor-sofa-floor-pillow-couch-lounge-chair-for-home","title":{"rendered":"Muunneltava modulaarinen lattiasohva, lattiatyynysohva, nojatuoli kotiin"},"content":{"rendered":"[zc_getpagecontent mb=&#8221;mb_aplus&#8221; apid=&#8221;156&#8243;]\n","protected":false},"excerpt":{"rendered":"<ul>\n<li>Modulaarinen ja tilaa s\u00e4\u00e4st\u00e4v\u00e4 muotoilu: T\u00e4m\u00e4 neliosainen lattiasohvaryhm\u00e4 sis\u00e4lt\u00e4\u00e4 kaksi ylisuurta istuintyyny\u00e4 ja kaksi selk\u00e4nojaa \u2013 runkoa ei tarvita! Voit yhdistell\u00e4 niit\u00e4 vapaasti lattiasohvaksi sein\u00e4\u00e4 vasten, k\u00e4ytt\u00e4\u00e4 niit\u00e4 suurina lattiatyynyin\u00e4 tai muuttaa ne nojatuoliksi, sohvaryhm\u00e4ksi tai rennoksi oleskeluryhm\u00e4ksi tarpeidesi mukaan. T\u00e4ydellinen pieniin asuntoihin, asuntolaan tai viihtyisiin nurkkauksiin, se s\u00e4\u00e4st\u00e4\u00e4 tilaa ja tarjoaa samalla maksimaalista mukavuutta.<\/li>\n<li>Paahtoleiv\u00e4st\u00e4 inspiroitunut, mukavuutta ajatellen tehty: T\u00e4m\u00e4 lattiasohva on saanut inspiraationsa vastapaistetun paahtoleiv\u00e4n pehme\u00e4st\u00e4, kultaisesta koostumuksesta. Siin\u00e4 on l\u00e4mmin beige-kultainen v\u00e4ri ja eritt\u00e4in pehme\u00e4 t\u00e4yte. Heti istuutuessasi tunnet kuin uppoaisit rentoutumisen pilveen \u2013 ihanteellinen luomaan rauhallisen ja viihtyis\u00e4n tunnelman mihin tahansa huoneeseen.<\/li>\n<li>K\u00e4\u00e4nnett\u00e4v\u00e4t v\u00e4rit ja ensiluokkainen kangas: Kaksiv\u00e4riset, k\u00e4\u00e4nnett\u00e4v\u00e4t p\u00e4\u00e4lliset (oranssi ja beige) on valmistettu pehme\u00e4st\u00e4 hollantilaisesta sametista, mik\u00e4 tarjoaa kaksi tyylik\u00e4st\u00e4 ilmett\u00e4 ja kodikkaan ilmeen sisustukseesi.<\/li>\n<li>Pilven kaltaista, tukevaa mukavuutta: Jokainen tyyny on runsaasti pehmustettu pehme\u00e4ll\u00e4 PP-puuvillalla, joka tarjoaa paksun, tukevan pehmusteen ja erinomaisen kimmoisuuden. Olitpa sitten lukemassa, pelaamassa, ottamassa torkkuja tai rentoutumassa, t\u00e4m\u00e4 lattiasohva tarjoaa \u00e4\u00e4rimm\u00e4ist\u00e4 mukavuutta maan tasolla.<\/li>\n<li>Joustava ja kannettava: Kevyt muotoilu piilotetuilla vetokahvoilla tekee siirt\u00e4misest\u00e4 ja uudelleenj\u00e4rjestelyst\u00e4 helppoa. Modulaariset tyynyt inspiroivat luovuuteen ja joustavuuteen asuintilassasi.<\/li>\n<li>Helppo hoito ja asennus: Mukana irrotettavat ja pest\u00e4v\u00e4t p\u00e4\u00e4lliset helppoa puhdistusta varten. Sarja toimitetaan tyhji\u00f6pakattuna kahteen erilliseen pakkaukseen; anna pakkauksen laajentua kokonaan 24\u201372 tuntia purkamisen j\u00e4lkeen, jotta voit kokea sen todellisen pehmoisuuden.<\/li>\n<\/ul>","protected":false},"featured_media":16535,"comment_status":"open","ping_status":"closed","template":"","meta":[],"product_brand":[],"product_cat":[228],"product_tag":[],"class_list":{"0":"post-16552","1":"product","2":"type-product","3":"status-publish","4":"has-post-thumbnail","6":"product_cat-cushions","8":"first","9":"outofstock","10":"sold-individually","11":"shipping-taxable","12":"purchasable","13":"product-type-simple"},"_links":{"self":[{"href":"https:\/\/www.largepillow.com\/fi\/wp-json\/wp\/v2\/product\/16552","targetHints":{"allow":["GET"]}}],"collection":[{"href":"https:\/\/www.largepillow.com\/fi\/wp-json\/wp\/v2\/product"}],"about":[{"href":"https:\/\/www.largepillow.com\/fi\/wp-json\/wp\/v2\/types\/product"}],"replies":[{"embeddable":true,"href":"https:\/\/www.largepillow.com\/fi\/wp-json\/wp\/v2\/comments?post=16552"}],"wp:featuredmedia":[{"embeddable":true,"href":"https:\/\/www.largepillow.com\/fi\/wp-json\/wp\/v2\/media\/16535"}],"wp:attachment":[{"href":"https:\/\/www.largepillow.com\/fi\/wp-json\/wp\/v2\/media?parent=16552"}],"wp:term":[{"taxonomy":"product_brand","embeddable":true,"href":"https:\/\/www.largepillow.com\/fi\/wp-json\/wp\/v2\/product_brand?post=16552"},{"taxonomy":"product_cat","embeddable":true,"href":"https:\/\/www.largepillow.com\/fi\/wp-json\/wp\/v2\/product_cat?post=16552"},{"taxonomy":"product_tag","embeddable":true,"href":"https:\/\/www.largepillow.com\/fi\/wp-json\/wp\/v2\/product_tag?post=16552"}],"curies":[{"name":"wp","href":"https:\/\/api.w.org\/{rel}","templated":true}]}}