{"id":185,"date":"2022-09-15T06:35:24","date_gmt":"2022-09-15T06:35:24","guid":{"rendered":"https:\/\/www.largepillow.com\/product\/triangle-bolster-pillow"},"modified":"2025-11-05T02:15:26","modified_gmt":"2025-11-05T02:15:26","slug":"kolmion-muotoinen-tyyny-2","status":"publish","type":"product","link":"https:\/\/www.largepillow.com\/fi\/product\/triangular-pillow\/","title":{"rendered":"Kolmion muotoinen tyyny"},"content":{"rendered":"<p>L\u00f6yd\u00e4 \u00e4\u00e4rimm\u00e4inen mukavuus monipuolisen kolmion muotoisen tyynyn avulla<\/p>\n<p>Nauti vertaansa vailla olevasta mukavuudesta innovatiivisella kolmiotyynyll\u00e4, joka on suunniteltu parantamaan rentoutumistasi ja tukemaan kokemustasi.<\/p>\n<p>Verraton mukavuus ja tuki<\/p>\n<p>T\u00e4m\u00e4n s\u00e4ngynp\u00e4\u00e4dyn tyynyn ergonominen kolmion muotoinen muoto muotoilee t\u00e4ydellisesti selk\u00e4\u00e4si ja vy\u00f6t\u00e4r\u00f6\u00e4si, tarjoten poikkeuksellista tukea ja minimoiden ristisel\u00e4n painetta. Olitpa s\u00e4ngyss\u00e4 nojaten tuntikausia lukemista, ty\u00f6t\u00e4 tai television katselua varten, t\u00e4m\u00e4 tyyny varmistaa j\u00e4nnitteet\u00f6n ja rento asennon.<\/p>\n<p>3-in-1 monik\u00e4ytt\u00f6inen muotoilu<\/p>\n<p>Hy\u00f6dynn\u00e4 kolmiotyynyn monipuolisuus. K\u00e4yt\u00e4 sit\u00e4 pystyasennossa tukevana s\u00e4ngynp\u00e4\u00e4tyn\u00e4, aseta se tasaiseksi parantaaksesi unta kiilatyynyn\u00e4 tai nosta jalkojasi parantaaksesi verenkiertoa jalkatyynyn\u00e4. Se on t\u00e4ydellinen ratkaisu pariskunnille, jotka etsiv\u00e4t parasta mukavuutta s\u00e4ngyss\u00e4.<\/p>\n<p>Tyylik\u00e4s ja toimiva<\/p>\n<p>Tyynyliinan tyylik\u00e4s vakosametti ja pehme\u00e4 polyesterikoostumus huokuvat eleganssia ja tarjoavat samalla hengitt\u00e4vyytt\u00e4 ja mukavuutta. Tyyny s\u00e4ilytt\u00e4\u00e4 muotonsa vaivattomasti, mik\u00e4 takaa pitk\u00e4kestoisen mukavuuden ja tuen. Sivutaskut molemmilla puolilla sopivat k\u00e4tev\u00e4sti puhelimesi tai kirjan s\u00e4ilytykseen.<\/p>\n<p>Helppo huolto<\/p>\n<p>Kolmiotyynyn puhdistaminen on helppoa. Sen irrotettavassa kansissa on vetoketju, joka takaa vaivattoman pesun. Poista se ja heit\u00e4 se koneeseen perusteellista puhdistusta varten, jolloin tyynysi n\u00e4ytt\u00e4\u00e4 raikkaalta ja kutsuvalta.<\/p>\n<p>Asiakkaiden suosittelut<\/p>\n<p>\u00c4l\u00e4 vain ota sanaamme. T\u00e4ss\u00e4 on mit\u00e4 tyytyv\u00e4iset asiakkaat sanovat:<\/p>\n<p>\u201dT\u00e4m\u00e4 tyyny on upea! K\u00e4yt\u00e4n sit\u00e4 s\u00e4ngynp\u00e4\u00e4dyn tyynyn\u00e4, ja se on niin pehme\u00e4 ja tukeva. Rakastan vakosamettiv\u00e4ri\u00e4, ja se on t\u00e4ydellinen lis\u00e4 makuuhuoneeseeni.\u201d<br \/>\n\u201dOlen sivuunnukkuja, ja t\u00e4m\u00e4 tyyny on pelastanut. Se pit\u00e4\u00e4 p\u00e4\u00e4ni ja niskani kohdakkain, ja olen huomannut valtavan eron unen laadussa.<br \/>\n\u201dRakastan t\u00e4m\u00e4n tyynyn monipuolisuutta. K\u00e4yt\u00e4n sit\u00e4 s\u00e4ngynp\u00e4\u00e4dyn tyynyn\u00e4 p\u00e4iv\u00e4ll\u00e4, ja sitten litist\u00e4n sit\u00e4 k\u00e4ytett\u00e4v\u00e4ksi kiilatyynyn\u00e4 nukkumiseen. Se on niin mukavaa ja k\u00e4tev\u00e4\u00e4.\u201d<\/p>\n<p>Lis\u00e4\u00e4 mukavuuttasi ja rentouttasi t\u00e4n\u00e4\u00e4n kolmiotyynyll\u00e4. Sen vertaansa vailla oleva monipuolisuus, erinomainen ammattitaito ja asiakkaiden hyv\u00e4ksym\u00e4 laatu tekev\u00e4t siit\u00e4 olennaisen lis\u00e4yksen jokaiseen makuuhuoneeseen.<\/p>","protected":false},"excerpt":{"rendered":"<ul>\n<li><strong>\u00c4\u00e4rimm\u00e4ist\u00e4 mukavuutta:<\/strong> T\u00e4m\u00e4 s\u00e4ngynp\u00e4\u00e4dyn tyyny tarjoaa erinomaisen mukavuuden kolmionmuotoisen muotoilunsa ansiosta. S\u00e4ngyn tukityyny istuu mukavasti selk\u00e4\u00e4n ja vy\u00f6t\u00e4r\u00f6lle minimoiden lanne-\/selk\u00e4paineen. T\u00e4m\u00e4 kiilatyyny voi auttaa sinua pysym\u00e4\u00e4n j\u00e4nnittym\u00e4tt\u00f6m\u00e4n\u00e4 s\u00e4ngyss\u00e4 tai sohvalla, mik\u00e4 sopii ihanteellisesti y\u00f6ky\u00f6pelien, kirjatoukkien ty\u00f6skentelyyn ja television katseluun s\u00e4ngyss\u00e4. T\u00e4m\u00e4 eritt\u00e4in suuri tyyny on ainoa kiilatyyny, johon mahtuu kaksi henkil\u00f6\u00e4.<\/li>\n<li><strong>3 in 1 iso pehmustetyyny:<\/strong> Voit k\u00e4ytt\u00e4\u00e4 tyyny\u00e4 pystyasennossa selk\u00e4nojan tyynyn\u00e4 istuessasi s\u00e4ngyss\u00e4 tai asettaa sen s\u00e4ngylle tasaisesti k\u00e4ytt\u00e4\u00e4ksesi sit\u00e4 suurena kiilatyynyn\u00e4 nukkuessasi sel\u00e4ll\u00e4\u00e4n tai kyljell\u00e4si tai jalkatyynyn\u00e4 nostaaksesi jalkojasi. Jos haluat suuren s\u00e4ngynp\u00e4\u00e4dyn tyynyn, joka tukee sek\u00e4 sinua ett\u00e4 puolisoasi. Se on erinomainen vaihtoehto.<\/li>\n<li><strong>Monik\u00e4ytt\u00f6inen muotoilu:<\/strong> Jotkut k\u00e4ytt\u00e4v\u00e4t isoa kolmiotyyny\u00e4 s\u00e4ngynp\u00e4\u00e4dyn tyynyn\u00e4, kun taas toiset k\u00e4ytt\u00e4v\u00e4t sit\u00e4 puskurin tyynyn\u00e4, se voi olla my\u00f6s sohva tai leposohvan selk\u00e4nojan tyyny. Se on tyylik\u00e4s ja toimiva, joten se on erinomainen lis\u00e4 jokaiseen makuuhuoneeseen.<\/li>\n<li><strong>Ylivoimaista k\u00e4sity\u00f6taitoa:<\/strong> Tyynyliina on vakosamettin\u00e4k\u00f6inen, jonka koostumus on 100% polyesteri\u00e4. S\u00e4ngynp\u00e4\u00e4tyynymme on hengitt\u00e4v\u00e4 ja tarpeeksi mukava pit\u00e4\u00e4kseen muotonsa eik\u00e4 menet\u00e4 muotoaan ajan my\u00f6t\u00e4. Sivutasku kummallakin puolella mahdollistaa kirjan tai puhelimen sujauttamisen.<\/li>\n<li><strong>Helppo pest\u00e4:<\/strong> Lukutyynyn p\u00e4\u00e4llinen kiinnitet\u00e4\u00e4n tyynyyn napeilla ja on helppo irrottaa yksinkertaisella vetoketjulla. T\u00e4m\u00e4 tekee sen puhdistamisesta vaivatonta. Poista vain p\u00e4\u00e4llinen ja pese tyyny nopeasti koneella, jotta se n\u00e4ytt\u00e4\u00e4 uudelta.<\/li>\n<li><strong>Koko:<\/strong> 45 cm (L45 x L20 x K50 | 0 nappia), 60 cm (L60 x L20 x K50 | 0 nappia), 80 cm (P80 x L20 x K50 | 2 nappia), 100 cm (L100 x L20 x K50 | 3 nappia), 120 cm ( L120 x L20 x K50 | 4 nappia), 140cm (L140 x L20 x K50 | 4 nappia), 160cm (P160 x L20 x K50 | 5 nappia), 180cm (P180 x L20 x K50 | 6 nappia), 200 cm (P20) L20 x K50 | 7 painiketta).<\/li>\n<\/ul>","protected":false},"featured_media":166,"comment_status":"open","ping_status":"closed","template":"","meta":[],"product_brand":[],"product_cat":[15],"product_tag":[205,204,206,218,207,209,223,199,163,68],"class_list":{"0":"post-185","1":"product","2":"type-product","3":"status-publish","4":"has-post-thumbnail","6":"product_cat-large-wedge-pillow","7":"product_tag-back-support-headboard-pillow","8":"product_tag-bed-support-cushion","9":"product_tag-bumper-pillow","10":"product_tag-corduroy-pillow","11":"product_tag-daybed-backrest-bolster-pillow","12":"product_tag-extra-large-bolster-pillow","13":"product_tag-large-bolster","14":"product_tag-large-wedge-pillow","15":"product_tag-leg-pillow","16":"product_tag-wedge-reading-pillow","18":"first","19":"instock","20":"featured","21":"shipping-taxable","22":"purchasable","23":"product-type-variable"},"_links":{"self":[{"href":"https:\/\/www.largepillow.com\/fi\/wp-json\/wp\/v2\/product\/185","targetHints":{"allow":["GET"]}}],"collection":[{"href":"https:\/\/www.largepillow.com\/fi\/wp-json\/wp\/v2\/product"}],"about":[{"href":"https:\/\/www.largepillow.com\/fi\/wp-json\/wp\/v2\/types\/product"}],"replies":[{"embeddable":true,"href":"https:\/\/www.largepillow.com\/fi\/wp-json\/wp\/v2\/comments?post=185"}],"wp:featuredmedia":[{"embeddable":true,"href":"https:\/\/www.largepillow.com\/fi\/wp-json\/wp\/v2\/media\/166"}],"wp:attachment":[{"href":"https:\/\/www.largepillow.com\/fi\/wp-json\/wp\/v2\/media?parent=185"}],"wp:term":[{"taxonomy":"product_brand","embeddable":true,"href":"https:\/\/www.largepillow.com\/fi\/wp-json\/wp\/v2\/product_brand?post=185"},{"taxonomy":"product_cat","embeddable":true,"href":"https:\/\/www.largepillow.com\/fi\/wp-json\/wp\/v2\/product_cat?post=185"},{"taxonomy":"product_tag","embeddable":true,"href":"https:\/\/www.largepillow.com\/fi\/wp-json\/wp\/v2\/product_tag?post=185"}],"curies":[{"name":"wp","href":"https:\/\/api.w.org\/{rel}","templated":true}]}}