{"id":290,"date":"2022-09-15T22:35:06","date_gmt":"2022-09-15T22:35:06","guid":{"rendered":"https:\/\/www.largepillow.com\/product\/daybed-bolster-pillow"},"modified":"2025-11-05T02:15:26","modified_gmt":"2025-11-05T02:15:26","slug":"kolmion-muotoinen-kiilatyyny-2","status":"publish","type":"product","link":"https:\/\/www.largepillow.com\/fi\/product\/triangular-wedge-pillow","title":{"rendered":"Kolmion muotoinen kiilatyyny"},"content":{"rendered":"<p>Tutustu \u00e4\u00e4rimm\u00e4iseen mukavuuteen kolmiomaisella kiilatyynyll\u00e4<\/p>\n<p>Oletko kyll\u00e4stynyt rasittamaan selk\u00e4\u00e4si ja niskaasi lukiessasi tai katsoessasi televisiota s\u00e4ngyss\u00e4? Esittelyss\u00e4 Triangular Wedge Pillow \u2013 monik\u00e4ytt\u00f6inen tyyny, joka vie nukkumaanmenon rentoutumisen uudelle tasolle. <\/p>\n<p>T\u00e4m\u00e4 korkealaatuisista materiaaleista valmistettu suuri tyyny tarjoaa erinomaisen mukavuuden ergonomisen kolmion muotoisen muotoilunsa ansiosta, joka kohdistaa selk\u00e4si ja vy\u00f6t\u00e4r\u00f6n. Hengitt\u00e4v\u00e4 polyesterip\u00e4\u00e4llinen ja muotonsa s\u00e4ilytt\u00e4v\u00e4 t\u00e4yte antavat pehme\u00e4n mutta lujan tuen niin pysty- kuin makuuasennossakin.<\/p>\n<p>Asiakkaat rakastavat sit\u00e4 useilla tavoilla:<\/p>\n<p>&quot;K\u00e4yt\u00e4n sit\u00e4 joka ilta selk\u00e4nojan tyynyn\u00e4. Alasel\u00e4n kipuni on v\u00e4hentynyt huomattavasti!\u201d<\/p>\n<p>\u201dSe on tarpeeksi leve\u00e4, jotta voimme vaimoni kanssa nojata siihen mukavasti. Ei en\u00e4\u00e4 niskaj\u00e4nnityst\u00e4!&quot;  <\/p>\n<p>&quot;Laitan sen jalkojeni alle auttaakseni verenkierto-ongelmissa. Niin mukava!\u201d<\/p>\n<p>Saatavilla on yhdeks\u00e4n kokoa, joten l\u00f6yd\u00e4t varmasti tarpeisiisi sopivan. Nauti yksil\u00f6llisest\u00e4 mukavuudesta ja tuesta lukemiseen, ty\u00f6skentelyyn, ohjelmien katseluun tai vain s\u00e4ngyss\u00e4 l\u00f6h\u00f6ilyyn t\u00e4ll\u00e4 3-in-1-kiilatyynyll\u00e4.  <\/p>\n<p>Tuo monik\u00e4ytt\u00f6inen rentoutus kotiin jo t\u00e4n\u00e4\u00e4n!<\/p>","protected":false},"excerpt":{"rendered":"<ul>\n<li><strong>\u00c4\u00e4rimm\u00e4ist\u00e4 mukavuutta:<\/strong> T\u00e4m\u00e4 s\u00e4ngynp\u00e4\u00e4dyn tyyny tarjoaa erinomaisen mukavuuden kolmionmuotoisen muotoilunsa ansiosta. S\u00e4ngyn tukityyny istuu mukavasti selk\u00e4\u00e4n ja vy\u00f6t\u00e4r\u00f6lle minimoiden lanne-\/selk\u00e4paineen. T\u00e4m\u00e4 kiilatyyny voi auttaa sinua pysym\u00e4\u00e4n j\u00e4nnittym\u00e4tt\u00f6m\u00e4n\u00e4 s\u00e4ngyss\u00e4 tai sohvalla, mik\u00e4 sopii ihanteellisesti y\u00f6ky\u00f6pelien, kirjatoukkien ty\u00f6skentelyyn ja television katseluun s\u00e4ngyss\u00e4. T\u00e4m\u00e4 eritt\u00e4in suuri tyyny on ainoa kiilatyyny, johon mahtuu kaksi henkil\u00f6\u00e4.<\/li>\n<li><strong>3 in 1 iso pehmustetyyny:<\/strong> Voit k\u00e4ytt\u00e4\u00e4 tyyny\u00e4 pystyasennossa selk\u00e4nojan tyynyn\u00e4 istuessasi s\u00e4ngyss\u00e4 tai asettaa sen s\u00e4ngylle tasaisesti k\u00e4ytt\u00e4\u00e4ksesi sit\u00e4 suurena kiilatyynyn\u00e4 nukkuessasi sel\u00e4ll\u00e4\u00e4n tai kyljell\u00e4si tai jalkatyynyn\u00e4 nostaaksesi jalkojasi. Jos haluat suuren s\u00e4ngynp\u00e4\u00e4dyn tyynyn, joka tukee sek\u00e4 sinua ett\u00e4 puolisoasi. Se on erinomainen vaihtoehto.<\/li>\n<li><strong>Monik\u00e4ytt\u00f6inen muotoilu:<\/strong> Jotkut k\u00e4ytt\u00e4v\u00e4t isoa kolmiotyyny\u00e4 s\u00e4ngynp\u00e4\u00e4dyn tyynyn\u00e4, kun taas toiset k\u00e4ytt\u00e4v\u00e4t sit\u00e4 puskurin tyynyn\u00e4, se voi olla my\u00f6s sohva tai leposohvan selk\u00e4nojan tyyny. Se on tyylik\u00e4s ja toimiva, joten se on erinomainen lis\u00e4 jokaiseen makuuhuoneeseen.<\/li>\n<li><strong>Ylivoimaista k\u00e4sity\u00f6taitoa:<\/strong> Tyynyliina on vakosamettin\u00e4k\u00f6inen, jonka koostumus on 100% polyesteri\u00e4. S\u00e4ngynp\u00e4\u00e4tyynymme on hengitt\u00e4v\u00e4 ja tarpeeksi mukava pit\u00e4\u00e4kseen muotonsa eik\u00e4 menet\u00e4 muotoaan ajan my\u00f6t\u00e4. Sivutasku kummallakin puolella mahdollistaa kirjan tai puhelimen sujauttamisen.<\/li>\n<li><strong>Helppo pest\u00e4:<\/strong> Lukutyynyn p\u00e4\u00e4llinen kiinnitet\u00e4\u00e4n tyynyyn napeilla ja on helppo irrottaa yksinkertaisella vetoketjulla. T\u00e4m\u00e4 tekee sen puhdistamisesta vaivatonta. Poista vain p\u00e4\u00e4llinen ja pese tyyny nopeasti koneella, jotta se n\u00e4ytt\u00e4\u00e4 uudelta.<\/li>\n<li><strong>Koko:<\/strong> 45 cm (L45 x L20 x K50 | 0 nappia), 60 cm (L60 x L20 x K50 | 0 nappia), 80 cm (P80 x L20 x K50 | 2 nappia), 100 cm (L100 x L20 x K50 | 3 nappia), 120 cm ( L120 x L20 x K50 | 4 nappia), 140cm (L140 x L20 x K50 | 4 nappia), 160cm (P160 x L20 x K50 | 5 nappia), 180cm (P180 x L20 x K50 | 6 nappia), 200 cm (P20) L20 x K50 | 7 painiketta).<\/li>\n<\/ul>","protected":false},"featured_media":271,"comment_status":"open","ping_status":"closed","template":"","meta":[],"product_brand":[],"product_cat":[15],"product_tag":[205,204,206,218,217,209,168,223,199,112,224,68],"class_list":{"0":"post-290","1":"product","2":"type-product","3":"status-publish","4":"has-post-thumbnail","6":"product_cat-large-wedge-pillow","7":"product_tag-back-support-headboard-pillow","8":"product_tag-bed-support-cushion","9":"product_tag-bumper-pillow","10":"product_tag-corduroy-pillow","11":"product_tag-daybed-backrest","12":"product_tag-extra-large-bolster-pillow","13":"product_tag-headboard-pillow","14":"product_tag-large-bolster","15":"product_tag-large-wedge-pillow","16":"product_tag-lumbar-support-pillow","17":"product_tag-red-pillow","18":"product_tag-wedge-reading-pillow","20":"first","21":"instock","22":"shipping-taxable","23":"purchasable","24":"product-type-variable"},"_links":{"self":[{"href":"https:\/\/www.largepillow.com\/fi\/wp-json\/wp\/v2\/product\/290","targetHints":{"allow":["GET"]}}],"collection":[{"href":"https:\/\/www.largepillow.com\/fi\/wp-json\/wp\/v2\/product"}],"about":[{"href":"https:\/\/www.largepillow.com\/fi\/wp-json\/wp\/v2\/types\/product"}],"replies":[{"embeddable":true,"href":"https:\/\/www.largepillow.com\/fi\/wp-json\/wp\/v2\/comments?post=290"}],"wp:featuredmedia":[{"embeddable":true,"href":"https:\/\/www.largepillow.com\/fi\/wp-json\/wp\/v2\/media\/271"}],"wp:attachment":[{"href":"https:\/\/www.largepillow.com\/fi\/wp-json\/wp\/v2\/media?parent=290"}],"wp:term":[{"taxonomy":"product_brand","embeddable":true,"href":"https:\/\/www.largepillow.com\/fi\/wp-json\/wp\/v2\/product_brand?post=290"},{"taxonomy":"product_cat","embeddable":true,"href":"https:\/\/www.largepillow.com\/fi\/wp-json\/wp\/v2\/product_cat?post=290"},{"taxonomy":"product_tag","embeddable":true,"href":"https:\/\/www.largepillow.com\/fi\/wp-json\/wp\/v2\/product_tag?post=290"}],"curies":[{"name":"wp","href":"https:\/\/api.w.org\/{rel}","templated":true}]}}