{"id":318,"date":"2022-09-15T22:37:09","date_gmt":"2022-09-15T22:37:09","guid":{"rendered":"https:\/\/www.largepillow.com\/product\/bed-bolster-wedge"},"modified":"2025-11-05T02:15:26","modified_gmt":"2025-11-05T02:15:26","slug":"selkatyyny-sankyyn","status":"publish","type":"product","link":"https:\/\/www.largepillow.com\/fi\/product\/back-pillow-for-bed","title":{"rendered":"Selk\u00e4tyyny s\u00e4nkyyn"},"content":{"rendered":"<p>The Back Pillow For Bed \u2013 \u00e4\u00e4rimm\u00e4inen mukavuusvaruste niille, jotka rakastavat lukemista, ty\u00f6skentely\u00e4 tai television katselua s\u00e4ngyss\u00e4!<\/p>\n<p>T\u00e4m\u00e4 s\u00e4ngynp\u00e4\u00e4dyn tyyny on suunniteltu ainutlaatuisella kolmiomuodolla, joka tarjoaa erinomaisen mukavuuden ja tuen sel\u00e4llesi ja vy\u00f6t\u00e4r\u00f6llesi minimoiden lannerangan painetta. Se on t\u00e4ydellinen y\u00f6ky\u00f6pelille, kirjatoukille ja kaikille, jotka haluavat rentoutua s\u00e4ngyss\u00e4.<\/p>\n<p>Mik\u00e4 tekee t\u00e4st\u00e4 tyynyst\u00e4 viel\u00e4 paremman, on sen monik\u00e4ytt\u00f6inen muotoilu. Voit k\u00e4ytt\u00e4\u00e4 sit\u00e4 selk\u00e4nojan tukena s\u00e4ngynp\u00e4\u00e4dyn tyynyn\u00e4 istuessasi s\u00e4ngyss\u00e4, asettaa sen litte\u00e4ksi k\u00e4ytett\u00e4v\u00e4ksi suurena kiilatyynyn\u00e4, kun nukut sel\u00e4ll\u00e4\u00e4n tai kyljell\u00e4si, tai jopa nostaa jalkojasi jalkatyynyksi! Se on ainoa kiilap\u00e4\u00e4dyn tyyny, johon mahtuu kaksi henkil\u00f6\u00e4.<\/p>\n<p>Huippulaadukkaasti valmistettu tyynyliina on vakosametti, jonka koostumus on 100% polyesteri\u00e4, mik\u00e4 tekee siit\u00e4 hengitt\u00e4v\u00e4n ja mukavan pit\u00e4\u00e4 muotonsa ajan mittaan. Sivutasku kummallakin puolella mahdollistaa kirjan tai puhelimen pudotuksen sis\u00e4lle.<\/p>\n<p>Puhdistus on helppoa, sill\u00e4 lukutyynyn p\u00e4\u00e4llinen on kiinnitetty tyynyyn napeilla, joten se on helppo irrottaa yksinkertaisella vetoketjulla. Poista vain p\u00e4\u00e4llinen ja pese tyyny nopeasti koneella, jotta se n\u00e4ytt\u00e4\u00e4 uudelta.<\/p>\n<p>T\u00e4t\u00e4 tyyny\u00e4 on saatavana erikokoisina erikokoisina - 45 cm, 60 cm, 80 cm, 100 cm, 120 cm, 140 cm, 160 cm, 180 cm ja 200 cm.<\/p>\n<p>\u00c4l\u00e4 vain ota sanaamme, t\u00e4ss\u00e4 on joitain arvioita tyytyv\u00e4isilt\u00e4 asiakkailta:<\/p>\n<p>&quot;Ostin violetin ja se on upea! Materiaali on pehme\u00e4\u00e4 ja mukavaa, ja se on t\u00e4ydellinen koko queen-size-vuoteeseeni. K\u00e4yt\u00e4n sit\u00e4 joka ilta lukeakseni ennen nukkumaanmenoa, kiitos!&quot;<\/p>\n<p>\u201dSelk\u00e4tyyny on erinomainen laatu. Ostin sen miehelleni ja minulle, ja se sopii meille molemmille t\u00e4ydellisesti. Se ei ole liian kova tai liian pehme\u00e4, ja materiaali on eritt\u00e4in mukavaa. Suosittelen t\u00e4t\u00e4 tuotetta l\u00e4mpim\u00e4sti!\u201d<\/p>\n<p>&quot;T\u00e4m\u00e4 tuote on ylitt\u00e4nyt odotukseni! Se on eritt\u00e4in mukava ja hy\u00f6dyllinen tukemaan selk\u00e4\u00e4ni ja jalkojani. Vakosamettityynynp\u00e4\u00e4llinen lis\u00e4\u00e4 tyyli\u00e4 my\u00f6s s\u00e4nkyini!\u201d<\/p>\n<p>Yhteenvetona voidaan todeta, ett\u00e4 Back Pillow For Bed on monipuolinen ja mukava lis\u00e4varuste, jota et halua missata. Joten miksi odottaa? Tilaa omasi jo t\u00e4n\u00e4\u00e4n ja nauti \u00e4\u00e4rimm\u00e4isest\u00e4 mukavuudesta!<\/p>","protected":false},"excerpt":{"rendered":"<ul>\n<li><strong>\u00c4\u00e4rimm\u00e4ist\u00e4 mukavuutta:<\/strong> T\u00e4m\u00e4 s\u00e4ngynp\u00e4\u00e4dyn tyyny tarjoaa erinomaisen mukavuuden kolmionmuotoisen muotoilunsa ansiosta. S\u00e4ngyn tukityyny istuu mukavasti selk\u00e4\u00e4n ja vy\u00f6t\u00e4r\u00f6lle minimoiden lanne-\/selk\u00e4paineen. T\u00e4m\u00e4 kiilatyyny voi auttaa sinua pysym\u00e4\u00e4n j\u00e4nnittym\u00e4tt\u00f6m\u00e4n\u00e4 s\u00e4ngyss\u00e4 tai sohvalla, mik\u00e4 sopii ihanteellisesti y\u00f6ky\u00f6pelien, kirjatoukkien ty\u00f6skentelyyn ja television katseluun s\u00e4ngyss\u00e4. T\u00e4m\u00e4 eritt\u00e4in suuri tyyny on ainoa kiilatyyny, johon mahtuu kaksi henkil\u00f6\u00e4.<\/li>\n<li><strong>3 in 1 iso pehmustetyyny:<\/strong> Voit k\u00e4ytt\u00e4\u00e4 tyyny\u00e4 pystyasennossa selk\u00e4nojan tyynyn\u00e4 istuessasi s\u00e4ngyss\u00e4 tai asettaa sen s\u00e4ngylle tasaisesti k\u00e4ytt\u00e4\u00e4ksesi sit\u00e4 suurena kiilatyynyn\u00e4 nukkuessasi sel\u00e4ll\u00e4\u00e4n tai kyljell\u00e4si tai jalkatyynyn\u00e4 nostaaksesi jalkojasi. Jos haluat suuren s\u00e4ngynp\u00e4\u00e4dyn tyynyn, joka tukee sek\u00e4 sinua ett\u00e4 puolisoasi. Se on erinomainen vaihtoehto.<\/li>\n<li><strong>Monik\u00e4ytt\u00f6inen muotoilu:<\/strong> Jotkut k\u00e4ytt\u00e4v\u00e4t isoa kolmiotyyny\u00e4 s\u00e4ngynp\u00e4\u00e4dyn tyynyn\u00e4, kun taas toiset k\u00e4ytt\u00e4v\u00e4t sit\u00e4 puskurin tyynyn\u00e4, se voi olla my\u00f6s sohva tai leposohvan selk\u00e4nojan tyyny. Se on tyylik\u00e4s ja toimiva, joten se on erinomainen lis\u00e4 jokaiseen makuuhuoneeseen.<\/li>\n<li><strong>Ylivoimaista k\u00e4sity\u00f6taitoa:<\/strong> Tyynyliina on vakosamettin\u00e4k\u00f6inen, jonka koostumus on 100% polyesteri\u00e4. S\u00e4ngynp\u00e4\u00e4tyynymme on hengitt\u00e4v\u00e4 ja tarpeeksi mukava pit\u00e4\u00e4kseen muotonsa eik\u00e4 menet\u00e4 muotoaan ajan my\u00f6t\u00e4. Sivutasku kummallakin puolella mahdollistaa kirjan tai puhelimen sujauttamisen.<\/li>\n<li><strong>Helppo pest\u00e4:<\/strong> Lukutyynyn p\u00e4\u00e4llinen kiinnitet\u00e4\u00e4n tyynyyn napeilla ja on helppo irrottaa yksinkertaisella vetoketjulla. T\u00e4m\u00e4 tekee sen puhdistamisesta vaivatonta. Poista vain p\u00e4\u00e4llinen ja pese tyyny nopeasti koneella, jotta se n\u00e4ytt\u00e4\u00e4 uudelta.<\/li>\n<li><strong>Koko:<\/strong> 45 cm (L45 x L20 x K50 | 0 nappia), 60 cm (L60 x L20 x K50 | 0 nappia), 80 cm (P80 x L20 x K50 | 2 nappia), 100 cm (L100 x L20 x K50 | 3 nappia), 120 cm ( L120 x L20 x K50 | 4 nappia), 140cm (L140 x L20 x K50 | 4 nappia), 160cm (P160 x L20 x K50 | 5 nappia), 180cm (P180 x L20 x K50 | 6 nappia), 200 cm (P20) L20 x K50 | 7 painiketta).<\/li>\n<\/ul>","protected":false},"featured_media":300,"comment_status":"open","ping_status":"closed","template":"","meta":[],"product_brand":[],"product_cat":[15],"product_tag":[219,205,204,222,206,218,221,217,209,168,132,199,163,112,190,220,68],"class_list":{"0":"post-318","1":"product","2":"type-product","3":"status-publish","4":"has-post-thumbnail","6":"product_cat-large-wedge-pillow","7":"product_tag-back-pillow-for-bed","8":"product_tag-back-support-headboard-pillow","9":"product_tag-bed-support-cushion","10":"product_tag-breathable-pillow","11":"product_tag-bumper-pillow","12":"product_tag-corduroy-pillow","13":"product_tag-couch-backrest","14":"product_tag-daybed-backrest","15":"product_tag-extra-large-bolster-pillow","16":"product_tag-headboard-pillow","17":"product_tag-large-bolster-pillow","18":"product_tag-large-wedge-pillow","19":"product_tag-leg-pillow","20":"product_tag-lumbar-support-pillow","21":"product_tag-purple-pillow","22":"product_tag-wedge-headboard-pillow","23":"product_tag-wedge-reading-pillow","25":"first","26":"instock","27":"featured","28":"shipping-taxable","29":"purchasable","30":"product-type-variable"},"_links":{"self":[{"href":"https:\/\/www.largepillow.com\/fi\/wp-json\/wp\/v2\/product\/318","targetHints":{"allow":["GET"]}}],"collection":[{"href":"https:\/\/www.largepillow.com\/fi\/wp-json\/wp\/v2\/product"}],"about":[{"href":"https:\/\/www.largepillow.com\/fi\/wp-json\/wp\/v2\/types\/product"}],"replies":[{"embeddable":true,"href":"https:\/\/www.largepillow.com\/fi\/wp-json\/wp\/v2\/comments?post=318"}],"wp:featuredmedia":[{"embeddable":true,"href":"https:\/\/www.largepillow.com\/fi\/wp-json\/wp\/v2\/media\/300"}],"wp:attachment":[{"href":"https:\/\/www.largepillow.com\/fi\/wp-json\/wp\/v2\/media?parent=318"}],"wp:term":[{"taxonomy":"product_brand","embeddable":true,"href":"https:\/\/www.largepillow.com\/fi\/wp-json\/wp\/v2\/product_brand?post=318"},{"taxonomy":"product_cat","embeddable":true,"href":"https:\/\/www.largepillow.com\/fi\/wp-json\/wp\/v2\/product_cat?post=318"},{"taxonomy":"product_tag","embeddable":true,"href":"https:\/\/www.largepillow.com\/fi\/wp-json\/wp\/v2\/product_tag?post=318"}],"curies":[{"name":"wp","href":"https:\/\/api.w.org\/{rel}","templated":true}]}}