{"id":3222,"date":"2024-07-22T04:17:50","date_gmt":"2024-07-22T04:17:50","guid":{"rendered":"https:\/\/www.largepillow.com\/product\/car-seat-booster-seat-for-dogs-pet-travel-bed"},"modified":"2026-03-12T10:57:57","modified_gmt":"2026-03-12T10:57:57","slug":"auton-istuimen-korokeistuin-koirille-lemmikkielainten-matkasanky","status":"publish","type":"product","link":"https:\/\/www.largepillow.com\/fi\/product\/car-seat-booster-seat-for-dogs-pet-travel-bed","title":{"rendered":"Autonistuimen korokeistuin koirille, lemmikkiel\u00e4inten matkas\u00e4nky"},"content":{"rendered":"[zc_getpagecontent mb=&#8221;mb_aplus&#8221; apid=&#8221;37&#8243;]\n","protected":false},"excerpt":{"rendered":"<ul>\n<li><strong>Korkealaatuinen materiaali<\/strong>: Valmistettu korkealaatuisesta puuvillapellavasta, hengitt\u00e4v\u00e4 ja mukava, purematon, kest\u00e4v\u00e4 ja helppo puhdistaa. T\u00e4ytetty korkealaatuisella polyesterill\u00e4, korkealaatuisella kimmoisuudella, joka tarjoaa tukevan tuen mukavuudella ja pehmeydell\u00e4. S\u00e4ilytt\u00e4\u00e4 muotonsa ja kiinteytens\u00e4 pitk\u00e4aikaista k\u00e4ytt\u00f6\u00e4 varten.<\/li>\n<li><strong>Monik\u00e4ytt\u00f6inen koiran turvaistuin<\/strong>: Koiran turvaistuimen s\u00e4\u00e4dett\u00e4v\u00e4\u00e4 solkia voidaan k\u00e4ytt\u00e4\u00e4 my\u00f6s k\u00e4sihihnana, joka on k\u00e4tev\u00e4 kuljettaa ulkona, sit\u00e4 voidaan k\u00e4ytt\u00e4\u00e4 my\u00f6s koiran s\u00e4nkyn\u00e4 kotona; Sit\u00e4 voidaan k\u00e4ytt\u00e4\u00e4 my\u00f6s sohvalla suojaamaan sohvaa koirien aiheuttamilta vaurioilta.<\/li>\n<li><strong>Helppo asentaa<\/strong>: Pienen kokoisen koiran turvaistuimen mukana tulee selk\u00e4nojanauha, kiinnit\u00e4 vain selk\u00e4noja etuistuimen selk\u00e4nojaan ja s\u00e4\u00e4d\u00e4 hihnojen pituus. Keskikokoinen koiran turvaistuin voidaan asentaa ripustamalla kaksi s\u00e4\u00e4dett\u00e4v\u00e4\u00e4 kannettavaa kahvaa auton etu- ja takapenkille, jotka sopivat erilaisiin autotyyppeihin. Liukumaton pohja est\u00e4\u00e4 lemmikkikorokeistuinta liukumasta autossa, mik\u00e4 tarjoaa turvallisemman ymp\u00e4rist\u00f6n lemmikkiel\u00e4imille.<\/li>\n<li><strong>Istuimen mitat<\/strong>: Pieni: 52 cm (pituus) x 52 cm (leveys) x 42 cm (korkeus), iso: 76 cm (pituus) x 52 cm (leveys) x 39 cm (korkeus). S-kokoinen koiran turvaistuin sopii autojen etuistuimelle. L-kokoinen koiran turvaistuin sopii asennettavaksi kaikenlaisten autojen takapenkille. Koiran turvaistuin on varustettu turvav\u00f6ill\u00e4 lemmikkisi turvallisuuden varmistamiseksi, \u00e4l\u00e4k\u00e4 ole huolissasi siit\u00e4, ett\u00e4 lemmikkisi h\u00e4iritsee sinua ajon aikana.<\/li>\n<li><strong>Helppo puhdistaa<\/strong>: T\u00e4m\u00e4 lemmikkiel\u00e4inten turvaistuin on t\u00e4ysin irrotettava, nelj\u00e4ss\u00e4 kulmassa on n\u00e4kym\u00e4t\u00f6n vetoketju, avaa vetoketju ja ota PP-puuvilla pois, laita lemmikkiel\u00e4inten auton istuimen p\u00e4\u00e4llinen pesukoneeseen puhdistusta varten; Voit my\u00f6s puhdistaa lemmikkikorokeistuimen pinnan ep\u00e4puhtaudet tai karvat p\u00f6lynimurilla p\u00e4ivitt\u00e4isen siivouksen aikana.<\/li>\n<li><strong>L\u00e4mpimi\u00e4 vinkkej\u00e4<\/strong>: Koiran turvaistuimen tyhji\u00f6pakattu kuljetusta varten, joten t\u00e4yteainetta lis\u00e4t\u00e4\u00e4n istuimen muodon s\u00e4ilytt\u00e4miseksi sen kest\u00e4vyyden ja toimivuuden varmistamiseksi. Jos koiran turvaistuimen t\u00e4yteaine on mielest\u00e4si liikaa lemmikkiel\u00e4imille, voit poistaa t\u00e4ytteen itse saavuttaaksesi lemmikkisi mukavuuden. Odota 24\u201348 tuntia, jotta se palautuu alkuper\u00e4iseen paksuuteensa ja muotoonsa pakkauksesta purkamisen j\u00e4lkeen<\/li>\n<\/ul>","protected":false},"featured_media":3569,"comment_status":"open","ping_status":"closed","template":"","meta":[],"product_brand":[],"product_cat":[227],"product_tag":[],"class_list":{"0":"post-3222","1":"product","2":"type-product","3":"status-publish","4":"has-post-thumbnail","6":"product_cat-pet-supplies","8":"first","9":"instock","10":"shipping-taxable","11":"purchasable","12":"product-type-variable","13":"has-default-attributes"},"_links":{"self":[{"href":"https:\/\/www.largepillow.com\/fi\/wp-json\/wp\/v2\/product\/3222","targetHints":{"allow":["GET"]}}],"collection":[{"href":"https:\/\/www.largepillow.com\/fi\/wp-json\/wp\/v2\/product"}],"about":[{"href":"https:\/\/www.largepillow.com\/fi\/wp-json\/wp\/v2\/types\/product"}],"replies":[{"embeddable":true,"href":"https:\/\/www.largepillow.com\/fi\/wp-json\/wp\/v2\/comments?post=3222"}],"wp:featuredmedia":[{"embeddable":true,"href":"https:\/\/www.largepillow.com\/fi\/wp-json\/wp\/v2\/media\/3569"}],"wp:attachment":[{"href":"https:\/\/www.largepillow.com\/fi\/wp-json\/wp\/v2\/media?parent=3222"}],"wp:term":[{"taxonomy":"product_brand","embeddable":true,"href":"https:\/\/www.largepillow.com\/fi\/wp-json\/wp\/v2\/product_brand?post=3222"},{"taxonomy":"product_cat","embeddable":true,"href":"https:\/\/www.largepillow.com\/fi\/wp-json\/wp\/v2\/product_cat?post=3222"},{"taxonomy":"product_tag","embeddable":true,"href":"https:\/\/www.largepillow.com\/fi\/wp-json\/wp\/v2\/product_tag?post=3222"}],"curies":[{"name":"wp","href":"https:\/\/api.w.org\/{rel}","templated":true}]}}