{"id":3330,"date":"2024-07-23T00:38:46","date_gmt":"2024-07-23T00:38:46","guid":{"rendered":"https:\/\/www.largepillow.com\/product\/folding-floor-sofa-bed-with-filling-sleeper-guest-couch"},"modified":"2024-10-03T16:31:25","modified_gmt":"2024-10-03T16:31:25","slug":"kokoontaitettava-lattia-vuodesohva-taytettavalla-vuodesohvalla","status":"publish","type":"product","link":"https:\/\/www.largepillow.com\/fi\/product\/folding-floor-sofa-bed-with-filling-sleeper-guest-couch\/","title":{"rendered":"Kokoontaitettava lattiavuodesohva t\u00e4ytteell\u00e4, vuodesohva"},"content":{"rendered":"<p>Nosta rentoutuspeli\u00e4si aikuisille tarkoitetulla Bean Bag Bed -s\u00e4ngyll\u00e4mme. T\u00e4m\u00e4 muunneltava tuoli on suunniteltu tarjoamaan \u00e4\u00e4rimm\u00e4isen mukavuus, ja se taittuu tuolista s\u00e4ngyksi vaivattomasti. Tyyny on taitettu k\u00e4tev\u00e4sti alareunasta, joten voit helposti vaihtaa istuma- ja makuuj\u00e4rjestelyjen v\u00e4lill\u00e4, mik\u00e4 tekee siit\u00e4 ihanteellisen odottamattomien vieraiden majoittamiseen tai kodin tilan maksimoimiseen.<\/p>\n<p>Valmistettu korkealaatuisista materiaaleista, tyynyliinamme on valmistettu 100%-polyesterist\u00e4, jossa on yhteenkudottu rakenne ja upeat ompeleet, jotka ovat tukevia kaikkialla. Pehmuste on valmistettu tiheist\u00e4, korkealaatuisista polyesterikuiduista, jotka est\u00e4v\u00e4t painumisen jopa kuukausien k\u00e4yt\u00f6n j\u00e4lkeen. Irrotettava p\u00e4\u00e4llinen on pehme\u00e4 kosketukselle, konepest\u00e4v\u00e4 ja kest\u00e4\u00e4 vett\u00e4, tahroja ja v\u00e4rimuutoksia helpottaakseen huoltoa.<\/p>\n<p>Bean Bag Bed on t\u00e4ydellinen niille, jotka haluavat rentoutua ja lev\u00e4t\u00e4 kotona, erityisesti nuorille ja perheille. Olitpa olohuoneessa, makuuhuoneessa, ty\u00f6huoneessa, oleskelutilassa, terassilla tai puutarhassa, Bean Bag Bed on t\u00e4ydellinen lis\u00e4 kotiisi. Muhkeat tyynyt ja tukeva rakenne saavat sinut tuntemaan olosi kuin istuisit pilven p\u00e4\u00e4ll\u00e4.<\/p>\n<p>Joten miksi odottaa? Muuta asuintilasi kodikkaaksi ja mukavaksi turvasatamamme Bean Bag Bed -s\u00e4ngyll\u00e4mme. Sano hyv\u00e4stit ep\u00e4mukaville istuinj\u00e4rjestelyille ja tervetuloa t\u00e4ydelliseen rentoutumiseen. Osta nyt ja nauti \u00e4\u00e4rimm\u00e4isest\u00e4 mukavuudesta.<\/p>","protected":false},"excerpt":{"rendered":"<ul>\n<li><strong>Koe pilven kaltainen mukavuus<\/strong>: \u00c4l\u00e4 etsi kauempaa kuin meid\u00e4n laiska lattiasohvas\u00e4nkymme! T\u00e4m\u00e4 lattiasohva on suunniteltu sinun mukavuuttasi ajatellen, ja se on t\u00e4ydellinen oleskeluun, lukemiseen, television katseluun ja moneen muuhun. Sen mukavan muotoilun ja tukevan rakenteen ansiosta tunnet kuin istuisit pilven p\u00e4\u00e4ll\u00e4.<\/li>\n<li><strong>Helposti sohvalta s\u00e4nkyyn<\/strong>: T\u00e4m\u00e4n huonekalun muuttaminen mukavaksi lattiasohvapatjaksi on helppoa \u2013 ved\u00e4 vain alareunasta taittuva istuintyyny! T\u00e4m\u00e4n innovatiivisen suunnittelun avulla voit helposti vaihtaa istuma- ja makuuj\u00e4rjestelyjen v\u00e4lill\u00e4, mik\u00e4 tekee siit\u00e4 ihanteellisen odottamattomien vieraiden majoittamiseen tai kodin tilan maksimoimiseen.<\/li>\n<li><strong>Laadukkaat materiaalit<\/strong>: Tyynyliinamme on valmistettu 100%-polyesterist\u00e4, jossa on yhteenkudottu rakenne ja upeat ompeleet, jotka ovat tukevia kaikkialla. Pehmuste on valmistettu tiheist\u00e4, korkealaatuisista polyesterikuiduista, jotka est\u00e4v\u00e4t painumisen jopa kuukausien k\u00e4yt\u00f6n j\u00e4lkeen.<\/li>\n<li><strong>Helppo pest\u00e4<\/strong>: Irrotettava kansi on pehme\u00e4n tuntuinen, konepest\u00e4v\u00e4 ja kest\u00e4\u00e4 vett\u00e4, tahroja ja v\u00e4rimuutoksia helpottaakseen huoltoa.<\/li>\n<li><strong>Sopii useaan otteeseen<\/strong>: Lattiasohvas\u00e4nkymme on t\u00e4ydellinen niille, jotka haluavat rentoutua ja lev\u00e4t\u00e4 kotona, erityisesti nuorille ja perheille. Ne soveltuvat eritt\u00e4in hyvin olohuoneisiin, makuuhuoneisiin, ty\u00f6huoneisiin, oleskelutiloihin ja muihin paikkoihin, ja ne voidaan sijoittaa my\u00f6s ulkona terassille tai puutarhaan.<\/li>\n<\/ul>","protected":false},"featured_media":3566,"comment_status":"open","ping_status":"closed","template":"","meta":[],"product_brand":[],"product_cat":[228],"product_tag":[],"class_list":{"0":"post-3330","1":"product","2":"type-product","3":"status-publish","4":"has-post-thumbnail","6":"product_cat-cushions","8":"first","9":"instock","10":"shipping-taxable","11":"purchasable","12":"product-type-simple"},"_links":{"self":[{"href":"https:\/\/www.largepillow.com\/fi\/wp-json\/wp\/v2\/product\/3330","targetHints":{"allow":["GET"]}}],"collection":[{"href":"https:\/\/www.largepillow.com\/fi\/wp-json\/wp\/v2\/product"}],"about":[{"href":"https:\/\/www.largepillow.com\/fi\/wp-json\/wp\/v2\/types\/product"}],"replies":[{"embeddable":true,"href":"https:\/\/www.largepillow.com\/fi\/wp-json\/wp\/v2\/comments?post=3330"}],"wp:featuredmedia":[{"embeddable":true,"href":"https:\/\/www.largepillow.com\/fi\/wp-json\/wp\/v2\/media\/3566"}],"wp:attachment":[{"href":"https:\/\/www.largepillow.com\/fi\/wp-json\/wp\/v2\/media?parent=3330"}],"wp:term":[{"taxonomy":"product_brand","embeddable":true,"href":"https:\/\/www.largepillow.com\/fi\/wp-json\/wp\/v2\/product_brand?post=3330"},{"taxonomy":"product_cat","embeddable":true,"href":"https:\/\/www.largepillow.com\/fi\/wp-json\/wp\/v2\/product_cat?post=3330"},{"taxonomy":"product_tag","embeddable":true,"href":"https:\/\/www.largepillow.com\/fi\/wp-json\/wp\/v2\/product_tag?post=3330"}],"curies":[{"name":"wp","href":"https:\/\/api.w.org\/{rel}","templated":true}]}}