{"id":3344,"date":"2024-07-23T00:52:32","date_gmt":"2024-07-23T00:52:32","guid":{"rendered":"https:\/\/www.largepillow.com\/product\/versatile-and-durable-travel-dog-crate-for-medium-dogs"},"modified":"2024-10-03T16:31:25","modified_gmt":"2024-10-03T16:31:25","slug":"monipuolinen-ja-kestava-matkakoiran-hakki-keskikokoisille-koirille","status":"publish","type":"product","link":"https:\/\/www.largepillow.com\/fi\/product\/versatile-and-durable-travel-dog-crate-for-medium-dogs\/","title":{"rendered":"Monipuolinen ja kest\u00e4v\u00e4 matkakoiran h\u00e4kki keskikokoisille koirille"},"content":{"rendered":"[zc_getpagecontent mb=&#8221;mb_aplus&#8221; apid=&#8221;62&#8243;]\n","protected":false},"excerpt":{"rendered":"<ul>\n<li>NOPEA 20 SEKUNNIN KOKOONPANO: Keskikokoisille koirille tarkoitetuissa travek-teloissamme on vaivaton, all-in-one-rakenne, joka eliminoi monimutkaisen asennuksen tarpeen. Sano hyv\u00e4stit kokoonpanon turhautumiselle ja nauti vaivattoman asennuksen ja s\u00e4ilytyksen mukavuudesta.<\/li>\n<li>MONIPUOLINEN VERHOSUUNNITTELU: toiminnallisuutta ajatellen suunniteltu koiran h\u00e4kki, koiran matkalaukussa on verho, joka voidaan s\u00e4\u00e4t\u00e4\u00e4 eri vuodenaikoina. Suojaa lemmikki\u00e4si kylmilt\u00e4 tuulilta talvella ja rullaa se optimaalista ilmanvaihtoa ja mukavuutta varten kes\u00e4kuukausina.<\/li>\n<li>MONIK\u00c4YTT\u00d6: T\u00e4m\u00e4 kokoontaittuva koiran h\u00e4kki on uskomattoman monipuolinen ja voi toimia viihtyis\u00e4n\u00e4 kodina karvaiselle yst\u00e4v\u00e4llesi, turvalliseksi lemmikkilaukuksi automatkoille, mukavaksi synnytystelttaksi tai kannettavana ulkosuojana seikkailuihin. Nauti sen tuomasta mukavuudesta, minne ikin\u00e4 menetkin.<\/li>\n<li>PREMIUM-LAATUMATERIAALEJA: T\u00e4m\u00e4 keskikokoinen koiran h\u00e4kki, joka on koottu kest\u00e4v\u00e4ll\u00e4, vedenpit\u00e4v\u00e4ll\u00e4 oxford-kankaalla, kokoontaitettava koiran h\u00e4kki on rakennettu kest\u00e4m\u00e4\u00e4n erilaisia s\u00e4\u00e4olosuhteita. Vahvistetut kulmat pident\u00e4v\u00e4t tuotteen k\u00e4ytt\u00f6ik\u00e4\u00e4, kun taas liukumaton pohja lis\u00e4\u00e4 vakautta ja turvallisuutta.<\/li>\n<li>K\u00c4TEV\u00c4\u00c4 SIVUTASKKU: Ulkona sijaitseva koirakennel on varustettu k\u00e4tev\u00e4ll\u00e4 sivutaskulla, jonka avulla voit helposti kuljettaa lemmikkisi vesipulloa, v\u00e4lipaloja, leluja ja muita v\u00e4ltt\u00e4m\u00e4tt\u00f6mi\u00e4 tarvikkeita ulkomatkoilla. Pysy j\u00e4rjestyksess\u00e4 ja valmistaudu kaikkiin seikkailuihin t\u00e4m\u00e4n harkitun suunnitteluominaisuuden avulla.<\/li>\n<\/ul>","protected":false},"featured_media":3331,"comment_status":"open","ping_status":"closed","template":"","meta":[],"product_brand":[],"product_cat":[227],"product_tag":[],"class_list":{"0":"post-3344","1":"product","2":"type-product","3":"status-publish","4":"has-post-thumbnail","6":"product_cat-pet-supplies","8":"first","9":"outofstock","10":"featured","11":"shipping-taxable","12":"purchasable","13":"product-type-simple"},"_links":{"self":[{"href":"https:\/\/www.largepillow.com\/fi\/wp-json\/wp\/v2\/product\/3344","targetHints":{"allow":["GET"]}}],"collection":[{"href":"https:\/\/www.largepillow.com\/fi\/wp-json\/wp\/v2\/product"}],"about":[{"href":"https:\/\/www.largepillow.com\/fi\/wp-json\/wp\/v2\/types\/product"}],"replies":[{"embeddable":true,"href":"https:\/\/www.largepillow.com\/fi\/wp-json\/wp\/v2\/comments?post=3344"}],"wp:featuredmedia":[{"embeddable":true,"href":"https:\/\/www.largepillow.com\/fi\/wp-json\/wp\/v2\/media\/3331"}],"wp:attachment":[{"href":"https:\/\/www.largepillow.com\/fi\/wp-json\/wp\/v2\/media?parent=3344"}],"wp:term":[{"taxonomy":"product_brand","embeddable":true,"href":"https:\/\/www.largepillow.com\/fi\/wp-json\/wp\/v2\/product_brand?post=3344"},{"taxonomy":"product_cat","embeddable":true,"href":"https:\/\/www.largepillow.com\/fi\/wp-json\/wp\/v2\/product_cat?post=3344"},{"taxonomy":"product_tag","embeddable":true,"href":"https:\/\/www.largepillow.com\/fi\/wp-json\/wp\/v2\/product_tag?post=3344"}],"curies":[{"name":"wp","href":"https:\/\/api.w.org\/{rel}","templated":true}]}}