{"id":3388,"date":"2024-07-23T01:37:07","date_gmt":"2024-07-23T01:37:07","guid":{"rendered":"https:\/\/www.largepillow.com\/product\/portable-neck-pillow-clothes-stuffable-ideal-for-trips"},"modified":"2025-04-02T07:09:22","modified_gmt":"2025-04-02T07:09:22","slug":"kannettavat-niskatyynyvaatteet-taytettavat-ihanteellisesti-matkoille","status":"publish","type":"product","link":"https:\/\/www.largepillow.com\/fi\/product\/portable-neck-pillow-clothes-stuffable-ideal-for-trips\/","title":{"rendered":"Kannettava niskatyyny, t\u00e4ytett\u00e4v\u00e4t vaatteet, ihanteellinen matkoille"},"content":{"rendered":"[zc_getpagecontent mb=&#8221;mb_aplus&#8221; apid=&#8221;75&#8243;]\n","protected":false},"excerpt":{"rendered":"<ul>\n<li><strong>Ei ylim\u00e4\u00e4r\u00e4isi\u00e4 matkatavaramaksuja:<\/strong> Pehme\u00e4t niskatyynymme on suunniteltu kuljettamaan tavaroita, jotka eiv\u00e4t mahdu k\u00e4simatkatavaraan tai henkil\u00f6kohtaiseen tavaraan maksamatta ylim\u00e4\u00e4r\u00e4ist\u00e4 jopa $70 ylim\u00e4\u00e4r\u00e4ist\u00e4 kirjatusta matkatavaramaksusta. Monipuolinen matkakumppanimme auttaa sinua v\u00e4ltt\u00e4m\u00e4\u00e4n kalliita matkatavaramaksuja. Pakkaa jopa kolmen p\u00e4iv\u00e4n vaatteet ja v\u00e4ltt\u00e4m\u00e4tt\u00f6m\u00e4t tavarat t\u00e4h\u00e4n t\u00e4ytett\u00e4v\u00e4\u00e4n niskatyynyyn, \u00e4l\u00e4k\u00e4 koskaan en\u00e4\u00e4 murehdi ylim\u00e4\u00e4r\u00e4isist\u00e4 matkatavaroista.<\/li>\n<li><strong>Mukava materiaali:<\/strong>\u00a0Meill\u00e4 on mukava ja ensiluokkainen materiaali. matkan niskatyyny on valmistettu sienikomposiittikankaasta, mik\u00e4 tarjoaa sinulle mukavan kosketuksen autuaaseen matkakokemukseen. Voit nauttia mukavasta niska- ja ristisel\u00e4ntuesta lentokoneissa, automatkoilla, junissa ja jopa k\u00e4tev\u00e4st\u00e4 kantolaukusta polkupy\u00f6riin ja moottoripy\u00f6riin!<\/li>\n<li><strong>Monipuolisuus ja tilaa s\u00e4\u00e4st\u00e4v\u00e4:<\/strong> t\u00e4ytett\u00e4v\u00e4ss\u00e4 matkatyynyss\u00e4mme on s\u00e4\u00e4dett\u00e4v\u00e4 olkahihna, jota voidaan k\u00e4ytt\u00e4\u00e4 olkap\u00e4\u00e4ll\u00e4 tai kaulassa. Olitpa sitten l\u00e4hd\u00f6ss\u00e4 viikonloppumatkalle, retkeilyseikkailulle tai edulliselle lentomatkalle, matkatyynymme s\u00e4\u00e4dett\u00e4v\u00e4ll\u00e4 kaulalla koko ja ylim\u00e4\u00e4r\u00e4inen olkahihna yksinkertaistavat pakkaamista ja maksimoivat matkatavaratilan.<\/li>\n<li><strong>Itset\u00e4yttyv\u00e4 muotoilu:<\/strong> reissuun t\u00e4ytett\u00e4v\u00e4 niskatyynymme on varustettu piilovetoketjuilla ja t\u00e4ytt\u00f6aukko on riitt\u00e4v\u00e4n leve\u00e4, jotta voit t\u00e4ytt\u00e4\u00e4 vaatteilla matkatavaratilaasi maksimoimiseksi, eik\u00e4 tyyny vie liikaa tilaa, joten se on helppo tavata siististi ja j\u00e4rjestyksess\u00e4. vaatteet matkan kaulatyynyihin. Kun ne eiv\u00e4t ole k\u00e4yt\u00f6ss\u00e4, ne voidaan my\u00f6s taittaa litte\u00e4ksi k\u00e4silaukuksi, jonka voi laittaa k\u00e4silaukkuun, reppuun tai jopa taskuun.<\/li>\n<li><strong>Matkan perusasiat:<\/strong> Kaikki on mukavuutta ja mukavuutta varten, t\u00e4ytett\u00e4v\u00e4 matkatyyny on r\u00e4\u00e4t\u00e4l\u00f6ity useille matkoille, olipa kyseess\u00e4 sitten spontaani viikonloppumatka, mukaansatempaava retkeilyretki, virkist\u00e4v\u00e4 vaellus tai edullinen lentomatka. niskatyynymme matkoille voi vastata tarpeisiisi ja on paras matkatyyny matkustajille.<\/li>\n<\/ul>","protected":false},"featured_media":3380,"comment_status":"open","ping_status":"closed","template":"","meta":[],"product_brand":[],"product_cat":[228],"product_tag":[],"class_list":{"0":"post-3388","1":"product","2":"type-product","3":"status-publish","4":"has-post-thumbnail","6":"product_cat-cushions","8":"first","9":"instock","10":"shipping-taxable","11":"purchasable","12":"product-type-simple"},"_links":{"self":[{"href":"https:\/\/www.largepillow.com\/fi\/wp-json\/wp\/v2\/product\/3388","targetHints":{"allow":["GET"]}}],"collection":[{"href":"https:\/\/www.largepillow.com\/fi\/wp-json\/wp\/v2\/product"}],"about":[{"href":"https:\/\/www.largepillow.com\/fi\/wp-json\/wp\/v2\/types\/product"}],"replies":[{"embeddable":true,"href":"https:\/\/www.largepillow.com\/fi\/wp-json\/wp\/v2\/comments?post=3388"}],"wp:featuredmedia":[{"embeddable":true,"href":"https:\/\/www.largepillow.com\/fi\/wp-json\/wp\/v2\/media\/3380"}],"wp:attachment":[{"href":"https:\/\/www.largepillow.com\/fi\/wp-json\/wp\/v2\/media?parent=3388"}],"wp:term":[{"taxonomy":"product_brand","embeddable":true,"href":"https:\/\/www.largepillow.com\/fi\/wp-json\/wp\/v2\/product_brand?post=3388"},{"taxonomy":"product_cat","embeddable":true,"href":"https:\/\/www.largepillow.com\/fi\/wp-json\/wp\/v2\/product_cat?post=3388"},{"taxonomy":"product_tag","embeddable":true,"href":"https:\/\/www.largepillow.com\/fi\/wp-json\/wp\/v2\/product_tag?post=3388"}],"curies":[{"name":"wp","href":"https:\/\/api.w.org\/{rel}","templated":true}]}}