{"id":3437,"date":"2024-07-25T02:20:33","date_gmt":"2024-07-25T02:20:33","guid":{"rendered":"https:\/\/www.largepillow.com\/product\/adjustable-floor-sofa-bed-multi-piece-folding-recliner"},"modified":"2024-10-03T16:31:25","modified_gmt":"2024-10-03T16:31:25","slug":"saadettava-lattia-vuodesohva-moniosainen-kokoontaitettava-lepotuoli","status":"publish","type":"product","link":"https:\/\/www.largepillow.com\/fi\/product\/adjustable-floor-sofa-bed-multi-piece-folding-recliner\/","title":{"rendered":"S\u00e4\u00e4dett\u00e4v\u00e4 lattiavuodesohva, moniosainen kokoontaitettava lepotuoli"},"content":{"rendered":"[zc_getpagecontent mb=&#8221;mb_aplus&#8221; apid=&#8221;81&#8243;]\n","protected":false},"excerpt":{"rendered":"<ul>\n<li><strong>Mukavuus ja tuki:<\/strong> \u00c4skett\u00e4in p\u00e4ivitetyss\u00e4 kokoontaitettavassa makuu sohvassa on kerrosrakenne, jossa on sieni- ja polyesterikuitut\u00e4yte. Taitettava vuodesohva on poikkeuksellisen t\u00e4ytetty pehme\u00e4ll\u00e4 polyesterikuidulla, mik\u00e4 tarjoaa mukavan ja v\u00e4sym\u00e4tt\u00f6m\u00e4n kokemuksen makuuasennossa ja rentoutuessa. Makuusohvan alaosa on t\u00e4ytetty tihe\u00e4ll\u00e4 sienell\u00e4, mik\u00e4 varmistaa vankan tuen, joka ei romahda edes pitkien istumisjaksojen j\u00e4lkeen.<\/li>\n<li><strong>Monipuolinen ja tilaa s\u00e4\u00e4st\u00e4v\u00e4 muotoilu:<\/strong> Taitettava sohvamme muuntuu vaivattomasti lattiasohvan, lepotuolien ja patjojen v\u00e4lill\u00e4 vastaamalla erilaisiin tarpeisiisi. Kevyt ja kokoontaitettava vuodesohva mahdollistaa helpon siirt\u00e4misen, taittamisen, s\u00e4ilytyksen ja kuljetuksen. Se on ihanteellinen valinta pieniin asuntoihin, asuntoihin tai mihin tahansa asuintiloihin, joissa on rajoitetusti tilaa.<\/li>\n<li><strong>S\u00e4\u00e4dett\u00e4v\u00e4 ja turvallinen selk\u00e4noja:<\/strong> Solkimuotoilu lattiasohvan nukkujan molemmilla puolilla varmistaa selk\u00e4nojan tukevan kiinnityksen istuintyynyyn. S\u00e4ngyn\u00e4 k\u00e4ytettyn\u00e4 selk\u00e4tyyny voidaan helposti muuntaa niskatueksi, joka tarjoaa optimaalisen tuen. Selk\u00e4nojana se tarjoaa erinomaisen ristisel\u00e4n tuen.<\/li>\n<li><strong>Laadukkaat materiaalit ja helppo huoltaa:<\/strong> Taitettavan makuusohvan ulkop\u00e4\u00e4llinen on valmistettu lyhyen muhkean ja Oxford-kankaan sekoituksesta. Kehon kanssa kosketuksiin joutuvat alueet on valmistettu uskomattoman pehme\u00e4st\u00e4 sametista, mik\u00e4 takaa pitk\u00e4aikaisen mukavuuden. Irrotettava vetoketjusuojus on helppo puhdistaa ja pest\u00e4, mik\u00e4 yksinkertaistaa huoltoa ja yll\u00e4pitoa.<\/li>\n<li><strong>Tyhji\u00f6puristettu pakkaus:<\/strong> Turvallisen ja tehokkaan kuljetuksen takaamiseksi kokoontaitettava lattiasohva toimitetaan tyhji\u00f6pakattuna, mik\u00e4 voi avattaessa aiheuttaa pieni\u00e4 muodonmuutoksia. Voit kuitenkin olla varma, ett\u00e4 vuodesohva palaa alkuper\u00e4iseen muotoonsa 24-72 tunnin sis\u00e4ll\u00e4 pakkauksesta purkamisen j\u00e4lkeen, mik\u00e4 tarjoaa sinulle parhaan kokemuksen.<\/li>\n<\/ul>","protected":false},"featured_media":3427,"comment_status":"open","ping_status":"closed","template":"","meta":[],"product_brand":[],"product_cat":[228],"product_tag":[],"class_list":{"0":"post-3437","1":"product","2":"type-product","3":"status-publish","4":"has-post-thumbnail","6":"product_cat-cushions","8":"first","9":"outofstock","10":"shipping-taxable","11":"purchasable","12":"product-type-simple"},"_links":{"self":[{"href":"https:\/\/www.largepillow.com\/fi\/wp-json\/wp\/v2\/product\/3437","targetHints":{"allow":["GET"]}}],"collection":[{"href":"https:\/\/www.largepillow.com\/fi\/wp-json\/wp\/v2\/product"}],"about":[{"href":"https:\/\/www.largepillow.com\/fi\/wp-json\/wp\/v2\/types\/product"}],"replies":[{"embeddable":true,"href":"https:\/\/www.largepillow.com\/fi\/wp-json\/wp\/v2\/comments?post=3437"}],"wp:featuredmedia":[{"embeddable":true,"href":"https:\/\/www.largepillow.com\/fi\/wp-json\/wp\/v2\/media\/3427"}],"wp:attachment":[{"href":"https:\/\/www.largepillow.com\/fi\/wp-json\/wp\/v2\/media?parent=3437"}],"wp:term":[{"taxonomy":"product_brand","embeddable":true,"href":"https:\/\/www.largepillow.com\/fi\/wp-json\/wp\/v2\/product_brand?post=3437"},{"taxonomy":"product_cat","embeddable":true,"href":"https:\/\/www.largepillow.com\/fi\/wp-json\/wp\/v2\/product_cat?post=3437"},{"taxonomy":"product_tag","embeddable":true,"href":"https:\/\/www.largepillow.com\/fi\/wp-json\/wp\/v2\/product_tag?post=3437"}],"curies":[{"name":"wp","href":"https:\/\/api.w.org\/{rel}","templated":true}]}}