{"id":3516,"date":"2024-07-25T03:42:01","date_gmt":"2024-07-25T03:42:01","guid":{"rendered":"https:\/\/www.largepillow.com\/product\/ear-piercing-pillow-for-side-sleepers-memory-foam-with-holes"},"modified":"2026-04-06T12:03:16","modified_gmt":"2026-04-06T12:03:16","slug":"korvan-lavistystyyny-sivuraapuksille-muistivaahto-jossa-on-reikia","status":"publish","type":"product","link":"https:\/\/www.largepillow.com\/fi\/product\/ear-piercing-pillow-for-side-sleepers-memory-foam-with-holes\/","title":{"rendered":"Korvan l\u00e4vistystyyny sivuratkoihin Muistivaahto, jossa on reiki\u00e4"},"content":{"rendered":"[zc_getpagecontent mb=&#8221;mb_aplus&#8221; apid=&#8221;65&#8243;]\n","protected":false},"excerpt":{"rendered":"<ul>\n<li><strong>Kokotiedot:<\/strong> korvatyynyn halkaisija on noin 54 * 35 * 10 cm pituudeltaan ja paksuudeltaan, korvarei\u00e4n sis\u00e4halkaisija on noin 15 * 10 cm pitk\u00e4 ja leve\u00e4, kaksi isoa reik\u00e4\u00e4 tarkoittavat mukavampaa, tyynymme ei paina juuri mit\u00e4\u00e4n korvissasi, anna niskasi ja p\u00e4\u00e4si rentoutua t\u00e4ysin ja poistaa j\u00e4nnityst\u00e4 ja stressi\u00e4, jotta voit siirty\u00e4 nopeasti unitilaan, samalla kun olet riitt\u00e4v\u00e4n suuri kuulokkeiden sijoittamiseen k\u00e4ytt\u00f6mukavuuden ja mukavuuden lis\u00e4\u00e4miseksi<\/li>\n<li><strong>\u00c4\u00e4rimm\u00e4inen korvamukavuus:<\/strong> korval\u00e4vistystyyny on valmistettu Memory Foam Pillow Core -tyynyst\u00e4, joka on pehme\u00e4 ja tukee hyvi\u00e4 ominaisuuksia, nukkuu kuin pilvess\u00e4. Tyynyliina on valmistettu ilmakerrospuuvillakankaasta, joka on pehme\u00e4\u00e4, hengitt\u00e4v\u00e4\u00e4 ja viilent\u00e4v\u00e4\u00e4. Kaikki materiaalit ovat ihoyst\u00e4v\u00e4llisi\u00e4 ja turvallisia, joten her\u00e4\u00e4t aamulla loistavin kasvoin<\/li>\n<li><strong>Korvakivun lievitys:<\/strong> korvan l\u00e4vistystyyny on eritt\u00e4in hy\u00f6dyllinen korvakipujen lievitykseen nukkumisen aikana. kun olet korvan l\u00e4vistys tai korvavamma, Kun olet tottunut k\u00e4ytt\u00e4m\u00e4\u00e4n korvatulppia tai kuulokkeita nukkuessasi, kaukana melusta tai kumppanisi kuorsauksesta, t\u00e4m\u00e4 korvareik\u00e4tyyny on sinulle erityinen yll\u00e4tys, joka antaa sinulle hiljaisen unen tai nukahtamisen musiikin tahtiin ilman korvakipuja<\/li>\n<li><strong>Monipuolinen muotoilu:<\/strong> rei&#039;itystyynyn sivumakuualue, jossa on kaksinkertainen korvareik\u00e4, joka on tarkoitettu sivuun nukkuville, joilla on korval\u00e4vistykset ja kuulokkeet, lievitt\u00e4\u00e4 korvakipuja. Ja selk\u00e4nojan alue tukee niskaasi koko y\u00f6n makean unen saavuttamiseksi. Kaareva muotoilu lis\u00e4\u00e4 ergonomista istuvuutta kaulan ja hartioiden ymp\u00e4rille, tyynyn keskell\u00e4 oleva pieni reik\u00e4 sopii t\u00e4ydellisesti korviin, tuo sinulle miellytt\u00e4v\u00e4n unikokemuksen<\/li>\n<li><strong>Laaja sovellus:<\/strong> korvan l\u00e4vistystyyny on enemm\u00e4n kuin pelkk\u00e4 tyyny; se on t\u00e4ydellinen ratkaisu. Suureen korvareik\u00e4\u00e4n mahtuu mukavasti korvakorut, kuulolaitteet, melua vaimentavat korvatulpat ja kuulokkeet, joten se on ihanteellinen valinta niille, joilla on erilaisia korviin liittyvi\u00e4 tarpeita.<\/li>\n<\/ul>","protected":false},"featured_media":3509,"comment_status":"open","ping_status":"closed","template":"","meta":[],"product_brand":[],"product_cat":[228],"product_tag":[],"class_list":{"0":"post-3516","1":"product","2":"type-product","3":"status-publish","4":"has-post-thumbnail","6":"product_cat-cushions","8":"first","9":"instock","10":"shipping-taxable","11":"purchasable","12":"product-type-simple"},"_links":{"self":[{"href":"https:\/\/www.largepillow.com\/fi\/wp-json\/wp\/v2\/product\/3516","targetHints":{"allow":["GET"]}}],"collection":[{"href":"https:\/\/www.largepillow.com\/fi\/wp-json\/wp\/v2\/product"}],"about":[{"href":"https:\/\/www.largepillow.com\/fi\/wp-json\/wp\/v2\/types\/product"}],"replies":[{"embeddable":true,"href":"https:\/\/www.largepillow.com\/fi\/wp-json\/wp\/v2\/comments?post=3516"}],"wp:featuredmedia":[{"embeddable":true,"href":"https:\/\/www.largepillow.com\/fi\/wp-json\/wp\/v2\/media\/3509"}],"wp:attachment":[{"href":"https:\/\/www.largepillow.com\/fi\/wp-json\/wp\/v2\/media?parent=3516"}],"wp:term":[{"taxonomy":"product_brand","embeddable":true,"href":"https:\/\/www.largepillow.com\/fi\/wp-json\/wp\/v2\/product_brand?post=3516"},{"taxonomy":"product_cat","embeddable":true,"href":"https:\/\/www.largepillow.com\/fi\/wp-json\/wp\/v2\/product_cat?post=3516"},{"taxonomy":"product_tag","embeddable":true,"href":"https:\/\/www.largepillow.com\/fi\/wp-json\/wp\/v2\/product_tag?post=3516"}],"curies":[{"name":"wp","href":"https:\/\/api.w.org\/{rel}","templated":true}]}}