{"id":3526,"date":"2024-07-25T04:00:36","date_gmt":"2024-07-25T04:00:36","guid":{"rendered":"https:\/\/www.largepillow.com\/product\/plush-bean-bag-armchair-for-adults-teens-and-kids-sofa"},"modified":"2024-10-03T16:31:25","modified_gmt":"2024-10-03T16:31:25","slug":"muhkea-sakkituoli-aikuisten-teinien-ja-lasten-sohvalle","status":"publish","type":"product","link":"https:\/\/www.largepillow.com\/fi\/product\/plush-bean-bag-armchair-for-adults-teens-and-kids-sofa\/","title":{"rendered":"Pehmopapulaukkunojatuoli aikuisille, teini-ik\u00e4isille ja lasten sohvalle"},"content":{"rendered":"[zc_getpagecontent mb=&#8221;mb_aplus&#8221; apid=&#8221;71&#8243;]\n","protected":false},"excerpt":{"rendered":"<ul>\n<li>ERITT\u00c4IN MUKAVUUS: Nauti vertaansa vailla olevasta mukavuudesta Sitting Bear -sohvalla. T\u00e4m\u00e4 yhdistelm\u00e4sohva on valmistettu keinovillap\u00e4\u00e4llyksest\u00e4 ja eritt\u00e4in joustavasta vaahtomuovipehmusteesta, ja se takaa maksimaalisen mukavuuden, kun pelaat pelej\u00e4, katsot televisiota, opiskelet tai vain rentoudut kiireisen p\u00e4iv\u00e4n j\u00e4lkeen.<\/li>\n<li>HUIPPUA K\u00c4SITTELY: T\u00e4m\u00e4 yhdistelm\u00e4sohva on valmistettu keinovillap\u00e4\u00e4llyksest\u00e4 ja eritt\u00e4in joustavasta vaahtomuovipehmusteesta, ja siin\u00e4 yhdistyv\u00e4t k\u00e4yt\u00e4nn\u00f6llisyys ja mukavuus ylellisen ja kest\u00e4v\u00e4n kokemuksen saamiseksi. Helposti purettava ja koottava takaamaan kest\u00e4v\u00e4n eleganssin kaikissa huoneissa.<\/li>\n<li>TALLI TUKI: Nauti rauhallisesta rentoutumisesta lattiasohvamme kanssa. Tihe\u00e4vaahto tarjoaa erinomaisen tuen ja pehmusteen, joka halaa vartalon kaarta ja lievitt\u00e4\u00e4 painepisteit\u00e4. Upotettavan sohvan vakaus takaa turvallisuuden ja luotettavuuden, jolloin voit nauttia pitk\u00e4kestoisesta mukavuudesta ja kest\u00e4vyydest\u00e4.<\/li>\n<li>AINUTLAATUINEN DESIGN JA HELPPO PUHDISTAA: T\u00e4m\u00e4 sohva ei ole vain mukava, vaan my\u00f6s helppo pit\u00e4\u00e4 puhtaana. N\u00e4kym\u00e4t\u00f6n vetoketju on helppo irrottaa ja puhdistaa, mik\u00e4 pit\u00e4\u00e4 sohvan siistin\u00e4. Voit nauttia vapaa-ajasta mukavasti.<\/li>\n<li>IDEALINEN KOKO MUKAVUUTEEN: Kokoontaitettava sohvamme on kooltaan 115,5 * 72 * 61 cm, mik\u00e4 on ihanteellinen koko lepotuoliin ja on helppo s\u00e4ilytt\u00e4\u00e4 ja s\u00e4\u00e4st\u00e4\u00e4 tilaa.<\/li>\n<\/ul>","protected":false},"featured_media":3517,"comment_status":"open","ping_status":"closed","template":"","meta":[],"product_brand":[],"product_cat":[228],"product_tag":[],"class_list":{"0":"post-3526","1":"product","2":"type-product","3":"status-publish","4":"has-post-thumbnail","6":"product_cat-cushions","8":"first","9":"outofstock","10":"shipping-taxable","11":"purchasable","12":"product-type-simple"},"_links":{"self":[{"href":"https:\/\/www.largepillow.com\/fi\/wp-json\/wp\/v2\/product\/3526","targetHints":{"allow":["GET"]}}],"collection":[{"href":"https:\/\/www.largepillow.com\/fi\/wp-json\/wp\/v2\/product"}],"about":[{"href":"https:\/\/www.largepillow.com\/fi\/wp-json\/wp\/v2\/types\/product"}],"replies":[{"embeddable":true,"href":"https:\/\/www.largepillow.com\/fi\/wp-json\/wp\/v2\/comments?post=3526"}],"wp:featuredmedia":[{"embeddable":true,"href":"https:\/\/www.largepillow.com\/fi\/wp-json\/wp\/v2\/media\/3517"}],"wp:attachment":[{"href":"https:\/\/www.largepillow.com\/fi\/wp-json\/wp\/v2\/media?parent=3526"}],"wp:term":[{"taxonomy":"product_brand","embeddable":true,"href":"https:\/\/www.largepillow.com\/fi\/wp-json\/wp\/v2\/product_brand?post=3526"},{"taxonomy":"product_cat","embeddable":true,"href":"https:\/\/www.largepillow.com\/fi\/wp-json\/wp\/v2\/product_cat?post=3526"},{"taxonomy":"product_tag","embeddable":true,"href":"https:\/\/www.largepillow.com\/fi\/wp-json\/wp\/v2\/product_tag?post=3526"}],"curies":[{"name":"wp","href":"https:\/\/api.w.org\/{rel}","templated":true}]}}