{"id":3555,"date":"2024-07-25T04:27:49","date_gmt":"2024-07-25T04:27:49","guid":{"rendered":"https:\/\/www.largepillow.com\/product\/modern-fluffy-cat-small-dog-bed-with-washable-cover"},"modified":"2025-07-15T08:12:33","modified_gmt":"2025-07-15T08:12:33","slug":"moderni-porroinen-kissan-pieni-koiransanky-pestavalla-paallyksella","status":"publish","type":"product","link":"https:\/\/www.largepillow.com\/fi\/product\/modern-fluffy-cat-small-dog-bed-with-washable-cover\/","title":{"rendered":"Moderni p\u00f6rr\u00f6inen kissan ja pienen koiran s\u00e4nky pest\u00e4v\u00e4ll\u00e4 p\u00e4\u00e4llyksell\u00e4"},"content":{"rendered":"[zc_getpagecontent mb=&#8221;mb_aplus&#8221; apid=&#8221;61&#8243;]\n","protected":false},"excerpt":{"rendered":"<ul>\n<li>Ainutlaatuinen muotoilu: moderni lemmikki sohva, v\u00e4ltt\u00e4m\u00e4t\u00f6n valinta lemmikkikalusteisiin ja tyylik\u00e4s korostus kotiisi. Sen muodikas muotoilu ja pehme\u00e4t v\u00e4rivalinnat t\u00e4ydent\u00e4v\u00e4t saumattomasti mink\u00e4 tahansa kodin sisustuksen.<\/li>\n<li>Ensiluokkaiset materiaalit: maissinjyv\u00e4sametin edut \u2013 hengitt\u00e4v\u00e4, pehme\u00e4, mukava ja kest\u00e4v\u00e4. PP-puuvillat\u00e4ytetty p\u00f6rr\u00f6inen koirans\u00e4nky. Liukumaton pohjarakenne est\u00e4\u00e4 liikkumisen.<\/li>\n<li>Helposti irrotettava puhdistusta varten: Pohjassa on vetoketjullinen muotoilu, joten se on eritt\u00e4in helppo poistaa ja puhdistaa. Se voidaan pest\u00e4 suoraan koneessa, jolloin puhdistus on vaivatonta. Koiran s\u00e4ngyn sis\u00e4t\u00e4ytt\u00f6 on jaettu 2 irrotettavaan osaan, joten p\u00e4\u00e4llinen on helppo pest\u00e4. Kokoaminen on my\u00f6s yksinkertaista, ja saatavilla on kokoonpanovideo.<\/li>\n<li>Sopii useille lemmikeille: Olipa sinulla pieni koira, leikkis\u00e4 kissa tai jopa pupu, kissasohvamme sopii alle 30 kg painaville lemmikeille. Tilavan lepoalueen ja tukevan rakenteen ansiosta se tukee mukavasti lemmikkisi painoa ja tarjoaa samalla viihtyis\u00e4n lepopaikan.<\/li>\n<li>Ymp\u00e4rivuotinen k\u00e4ytt\u00f6: Kissan lepotuoli huomioi erilaiset vuodenaikojen tarpeet tarjotakseen lemmikillesi aina parhaan unikokemuksen, olipa kyseess\u00e4 kylmi\u00e4 talvip\u00e4ivi\u00e4 tai l\u00e4mpimi\u00e4 kesi\u00e4 \u2013 sopii k\u00e4ytett\u00e4v\u00e4ksi ymp\u00e4ri vuoden. Ja meid\u00e4n koiran sohvas\u00e4nky on tyhji\u00f6pakattu laatikkoon. Huuhtele kissan squishmallow-s\u00e4nky kokonaan ennen k\u00e4ytt\u00f6\u00e4 ly\u00f6m\u00e4ll\u00e4 sit\u00e4 ja odota 48 tuntia k\u00e4yt\u00f6n j\u00e4lkeen, ennen kuin se palaa alkuper\u00e4iseen muotoonsa kevyesti ravistellen.<\/li>\n<\/ul>","protected":false},"featured_media":3542,"comment_status":"open","ping_status":"closed","template":"","meta":[],"product_brand":[],"product_cat":[227],"product_tag":[],"class_list":{"0":"post-3555","1":"product","2":"type-product","3":"status-publish","4":"has-post-thumbnail","6":"product_cat-pet-supplies","8":"first","9":"instock","10":"shipping-taxable","11":"purchasable","12":"product-type-simple"},"_links":{"self":[{"href":"https:\/\/www.largepillow.com\/fi\/wp-json\/wp\/v2\/product\/3555","targetHints":{"allow":["GET"]}}],"collection":[{"href":"https:\/\/www.largepillow.com\/fi\/wp-json\/wp\/v2\/product"}],"about":[{"href":"https:\/\/www.largepillow.com\/fi\/wp-json\/wp\/v2\/types\/product"}],"replies":[{"embeddable":true,"href":"https:\/\/www.largepillow.com\/fi\/wp-json\/wp\/v2\/comments?post=3555"}],"wp:featuredmedia":[{"embeddable":true,"href":"https:\/\/www.largepillow.com\/fi\/wp-json\/wp\/v2\/media\/3542"}],"wp:attachment":[{"href":"https:\/\/www.largepillow.com\/fi\/wp-json\/wp\/v2\/media?parent=3555"}],"wp:term":[{"taxonomy":"product_brand","embeddable":true,"href":"https:\/\/www.largepillow.com\/fi\/wp-json\/wp\/v2\/product_brand?post=3555"},{"taxonomy":"product_cat","embeddable":true,"href":"https:\/\/www.largepillow.com\/fi\/wp-json\/wp\/v2\/product_cat?post=3555"},{"taxonomy":"product_tag","embeddable":true,"href":"https:\/\/www.largepillow.com\/fi\/wp-json\/wp\/v2\/product_tag?post=3555"}],"curies":[{"name":"wp","href":"https:\/\/api.w.org\/{rel}","templated":true}]}}