{"id":3766,"date":"2024-09-03T04:14:57","date_gmt":"2024-09-03T04:14:57","guid":{"rendered":"https:\/\/www.largepillow.com\/product\/3d-planet-throw-pillows-solar-system-decor-soft-cushion-moon"},"modified":"2025-10-04T12:01:35","modified_gmt":"2025-10-04T12:01:35","slug":"3d-planeetta-tyynyt-aurinkokunnan-sisustus-pehmea-tyyny-kuu","status":"publish","type":"product","link":"https:\/\/www.largepillow.com\/fi\/product\/3d-planet-throw-pillows-solar-system-decor-soft-cushion-moon","title":{"rendered":"3D-planeetanheittotyynyt, aurinkokunnan sisustus, pehme\u00e4 tyyny (kuu)"},"content":{"rendered":"","protected":false},"excerpt":{"rendered":"<ul>\n<li><strong>Planet-teemainen suunnittelu:<\/strong>\u00a0Luo kotiisi ainutlaatuinen kodin sisustus n\u00e4ill\u00e4 aurinkokunnan tyynyill\u00e4, joissa on aurinko, maa, kuu, Venus, Jupiter, Merkurius, Mars, Saturnus, Uranus, Neptunus ja Pluto. Jokaisessa mallissa on ainutlaatuinen planeettamuotoilu, joka antaa sinulle vapauden yhdistell\u00e4 ja yhdistell\u00e4 yksil\u00f6llist\u00e4 ilmett\u00e4.<\/li>\n<li><strong>K\u00e4yt\u00e4nn\u00f6llinen lattiatyyny:<\/strong> N\u00e4it\u00e4 planeettatyynyj\u00e4 voidaan k\u00e4ytt\u00e4\u00e4 monipuolisina rekvisiittana valokuvausstudioissa tai mukavina lattiatyynyin\u00e4, tyynyin\u00e4, sohvatyynyin\u00e4, kiilatyynyin\u00e4 ja sohvatyynyin\u00e4 kodin, puutarhan ja p\u00e4iv\u00e4kodin sisustamiseen. Ne tarjoavat mukavan tyynyn p\u00e4\u00e4h\u00e4n tai sel\u00e4llesi samalla kun rentoudut ja rentoudut, joten ne sopivat t\u00e4ydellisesti k\u00e4ytett\u00e4v\u00e4ksi koristeena tai lis\u00e4istuimena. Ne sopivat my\u00f6s joogaan tai meditaatioon.<\/li>\n<li><strong>Koristeellinen lattiatyyny:<\/strong> N\u00e4m\u00e4 planeettatyynyt sopivat t\u00e4ydellisesti lis\u00e4\u00e4m\u00e4\u00e4n ripauksen eleganssia ja mukavuutta makuuhuoneeseesi, olohuoneeseesi tai mihin tahansa muuhun kodin tilaan. Eloisat v\u00e4rit ja ainutlaatuiset mallit tekev\u00e4t niist\u00e4 keskustelun aloittajia, ja ne voidaan helposti yhdist\u00e4\u00e4 muihin koriste-esineisiin yhten\u00e4isen ilmeen saamiseksi. Voit yhdistell\u00e4 eri tyylej\u00e4 luodaksesi mukautetun avaruusteeman sisustuksen, joka heijastaa persoonallisuuttasi ja tyyli\u00e4si.<\/li>\n<li><strong>Lahjaksi:<\/strong> Planeetateemallinen tyyny on erinomainen lahja kaikille, jotka rakastavat avaruutta, t\u00e4htitiedett\u00e4 tai tiedett\u00e4. Se on t\u00e4ydellinen lapsille, teini-ik\u00e4isille, korkeakouluopiskelijoille tai aikuisille, jotka haluavat lis\u00e4t\u00e4 huoneeseensa hauskan ja toimivan esineen. Voit my\u00f6s antaa sen lahjaksi erityisiss\u00e4 tilaisuuksissa, kuten syntym\u00e4p\u00e4ivin\u00e4, jouluna tai valmistujaisissa.<\/li>\n<li><strong>Pesuohjeet:<\/strong> Planet-tyyny on valmistettu korkealaatuisesta paksusta Velvet-kankaasta, mik\u00e4 varmistaa kest\u00e4vyyden ja laadun. Siin\u00e4 on vetoketju helppoa puhdistamista varten, mik\u00e4 tekee yll\u00e4pidosta helppoa. T\u00e4yte on 100% polyesteri\u00e4 poikkeuksellisen joustavuuden takaamiseksi. Konepesu yksin kylm\u00e4n\u00e4, vain hell\u00e4varainen pesuohjelma, ei valkaisua, rumpukuivaus alhainen, rumpukuivaus alhainen tarvittaessa. Ihoyst\u00e4v\u00e4llinen ja pehme\u00e4 kangas on paras valinta perheelle, yst\u00e4ville ja lapsille.<\/li>\n<li><strong>Koko:<\/strong>\u00a0Suuri (16 \u00d7 16 tuumaa | 41 \u00d7 41 cm), keskikokoinen (10 \u00d7 10 tuumaa | 25 \u00d7 25 cm)<\/li>\n<\/ul>","protected":false},"featured_media":3757,"comment_status":"open","ping_status":"closed","template":"","meta":[],"product_brand":[],"product_cat":[231],"product_tag":[],"class_list":{"0":"post-3766","1":"product","2":"type-product","3":"status-publish","4":"has-post-thumbnail","6":"product_cat-throw-pillows","8":"first","9":"instock","10":"shipping-taxable","11":"purchasable","12":"product-type-variable","13":"has-default-attributes"},"_links":{"self":[{"href":"https:\/\/www.largepillow.com\/fi\/wp-json\/wp\/v2\/product\/3766","targetHints":{"allow":["GET"]}}],"collection":[{"href":"https:\/\/www.largepillow.com\/fi\/wp-json\/wp\/v2\/product"}],"about":[{"href":"https:\/\/www.largepillow.com\/fi\/wp-json\/wp\/v2\/types\/product"}],"replies":[{"embeddable":true,"href":"https:\/\/www.largepillow.com\/fi\/wp-json\/wp\/v2\/comments?post=3766"}],"wp:featuredmedia":[{"embeddable":true,"href":"https:\/\/www.largepillow.com\/fi\/wp-json\/wp\/v2\/media\/3757"}],"wp:attachment":[{"href":"https:\/\/www.largepillow.com\/fi\/wp-json\/wp\/v2\/media?parent=3766"}],"wp:term":[{"taxonomy":"product_brand","embeddable":true,"href":"https:\/\/www.largepillow.com\/fi\/wp-json\/wp\/v2\/product_brand?post=3766"},{"taxonomy":"product_cat","embeddable":true,"href":"https:\/\/www.largepillow.com\/fi\/wp-json\/wp\/v2\/product_cat?post=3766"},{"taxonomy":"product_tag","embeddable":true,"href":"https:\/\/www.largepillow.com\/fi\/wp-json\/wp\/v2\/product_tag?post=3766"}],"curies":[{"name":"wp","href":"https:\/\/api.w.org\/{rel}","templated":true}]}}