{"id":3792,"date":"2024-09-03T04:31:56","date_gmt":"2024-09-03T04:31:56","guid":{"rendered":"https:\/\/www.largepillow.com\/product\/y-shaped-reading-pillow-with-arm-rests-memory-foam-support"},"modified":"2025-05-05T18:57:03","modified_gmt":"2025-05-05T18:57:03","slug":"y-muotoinen-lukutyyny-kasinojalla-muistivaahtotuella","status":"publish","type":"product","link":"https:\/\/www.largepillow.com\/fi\/product\/y-shaped-reading-pillow-with-arm-rests-memory-foam-support","title":{"rendered":"Y-muotoinen lukutyyny k\u00e4sinojalla ja muistivaahtotuella"},"content":{"rendered":"[zc_getpagecontent mb=&#8221;mb_aplus&#8221; apid=&#8221;87&#8243;]\n","protected":false},"excerpt":{"rendered":"<ul>\n<li><strong>Innovatiivinen muotoilu:<\/strong> \u00c4skett\u00e4in p\u00e4ivitetyss\u00e4 aikuisen s\u00e4ngyss\u00e4 tarkoitetussa Y-muotoisessa lukutyynyss\u00e4 on innovatiivinen muotoilu, joka lis\u00e4\u00e4 sen perusominaisuuksiin taipuvan toiminnon. Olemme perustaneet k\u00e4sivarsien sijoitusalueen, jotta Kun olet taipuvainen siihen, k\u00e4tesi voivat kulkea s\u00e4ngyn lukutyynyn l\u00e4pi. Lukit, opiskelet tai pelaat matkapuhelimella, k\u00e4sivartesi voivat tuntua rentoutuneilta ja niskan ep\u00e4mukavuus voidaan minimoida. voit vaihtaa mukavaan asentoon milloin tahansa<\/li>\n<li><strong>Suurin mukavuus:<\/strong> T\u00e4m\u00e4n selk\u00e4nojatyynyn kaareva muotoilu mukautuu kehosi luonnollisiin kaareviin ja tarjoaa poikkeuksellista mukavuutta ja tukea sel\u00e4llesi, vy\u00f6t\u00e4r\u00f6llesi ja kaulallesi. Lukitpa, katsot televisiota tai ty\u00f6skentelet, t\u00e4m\u00e4 tyyny varmistaa mukavamman kokemuksen.<\/li>\n<li><strong>Monitoiminen tuki:<\/strong> T\u00e4m\u00e4 monipuolinen tyyny tarjoaa kattavan tuen niskaan, selk\u00e4\u00e4n, vy\u00f6t\u00e4r\u00f6lle ja jaloille. Sit\u00e4 voidaan k\u00e4ytt\u00e4\u00e4 selk\u00e4nojatyynyn\u00e4, kasvot alasp\u00e4in tyynyn\u00e4, s\u00e4ngyn kiilatyynyn\u00e4 ja jalkatyynyn\u00e4, joten se on loistava valinta erilaisiin aktiviteetteihin ja terveystarpeisiin.<\/li>\n<li><strong>Ensiluokkaiset materiaalit:<\/strong> T\u00e4m\u00e4 tyyny on valmistettu tihe\u00e4st\u00e4, hitaasti palautuvasta muistivaahdosta, ja se tarjoaa vakaan tuen s\u00e4ilytt\u00e4en samalla alkuper\u00e4isen muotonsa ja tiheytens\u00e4. Se saa t\u00e4yden muotonsa takaisin 24-48 tunnin kuluessa puristuksen toimituksesta.<\/li>\n<li><strong>Helppo puhdistaa:<\/strong> Irrotettava tyynyliina on valmistettu pehme\u00e4st\u00e4, mukavasta kankaasta, jossa on verkkopinta, joten se on kest\u00e4v\u00e4 ja helppo puhdistaa. Avaa tyynynp\u00e4\u00e4llinen ja poista se muistivaahtomuovityynyst\u00e4, kun se tarvitsee pesua.<\/li>\n<\/ul>","protected":false},"featured_media":3784,"comment_status":"open","ping_status":"closed","template":"","meta":[],"product_brand":[],"product_cat":[228],"product_tag":[],"class_list":{"0":"post-3792","1":"product","2":"type-product","3":"status-publish","4":"has-post-thumbnail","6":"product_cat-cushions","8":"first","9":"instock","10":"shipping-taxable","11":"purchasable","12":"product-type-variable","13":"has-default-attributes"},"_links":{"self":[{"href":"https:\/\/www.largepillow.com\/fi\/wp-json\/wp\/v2\/product\/3792","targetHints":{"allow":["GET"]}}],"collection":[{"href":"https:\/\/www.largepillow.com\/fi\/wp-json\/wp\/v2\/product"}],"about":[{"href":"https:\/\/www.largepillow.com\/fi\/wp-json\/wp\/v2\/types\/product"}],"replies":[{"embeddable":true,"href":"https:\/\/www.largepillow.com\/fi\/wp-json\/wp\/v2\/comments?post=3792"}],"wp:featuredmedia":[{"embeddable":true,"href":"https:\/\/www.largepillow.com\/fi\/wp-json\/wp\/v2\/media\/3784"}],"wp:attachment":[{"href":"https:\/\/www.largepillow.com\/fi\/wp-json\/wp\/v2\/media?parent=3792"}],"wp:term":[{"taxonomy":"product_brand","embeddable":true,"href":"https:\/\/www.largepillow.com\/fi\/wp-json\/wp\/v2\/product_brand?post=3792"},{"taxonomy":"product_cat","embeddable":true,"href":"https:\/\/www.largepillow.com\/fi\/wp-json\/wp\/v2\/product_cat?post=3792"},{"taxonomy":"product_tag","embeddable":true,"href":"https:\/\/www.largepillow.com\/fi\/wp-json\/wp\/v2\/product_tag?post=3792"}],"curies":[{"name":"wp","href":"https:\/\/api.w.org\/{rel}","templated":true}]}}