{"id":3829,"date":"2024-09-04T03:58:09","date_gmt":"2024-09-04T03:58:09","guid":{"rendered":"https:\/\/www.largepillow.com\/product\/foldable-gymnastics-mat-versatile-portable-exercise-accessory"},"modified":"2024-10-03T16:31:25","modified_gmt":"2024-10-03T16:31:25","slug":"taitettava-voimistelumatto-monipuolinen-kannettava-harjoitustarvike","status":"publish","type":"product","link":"https:\/\/www.largepillow.com\/fi\/product\/foldable-gymnastics-mat-versatile-portable-exercise-accessory\/","title":{"rendered":"Taitettava voimistelumatto: monipuolinen ja kannettava harjoitustarvike"},"content":{"rendered":"","protected":false},"excerpt":{"rendered":"<ul>\n<li>Monipuolinen liikuntatarviketyyny, jota voidaan k\u00e4ytt\u00e4\u00e4 monenlaisiin aktiviteetteihin, mukaan lukien voimistelu ja harjoitukset.<\/li>\n<li>Taitettava muotoilu mahdollistaa helpon s\u00e4ilytyksen ja siirrett\u00e4vyyden. Voimistelumaton ymp\u00e4rysmitta on varustettu laadukkaalla tarranauhalla, joka ei vahingoita ihoa ja jolla on vahva tarttuvuus, joten useiden erikokoisten urheilumattojen yhdist\u00e4minen on helppoa<\/li>\n<li>Eloisat v\u00e4rit tekev\u00e4t siit\u00e4 visuaalisesti houkuttelevan ja sopivan k\u00e4ytett\u00e4v\u00e4ksi lasten leikkimattona.<\/li>\n<li>Valmistettu sienest\u00e4 ja teknologisesta kankaasta, se on vedenpit\u00e4v\u00e4 ja likaa hylkiv\u00e4, joten se sopii erinomaisesti toimintaan, johon liittyy hikoilu.<\/li>\n<li>Teknologinen kangas tarjoaa pehme\u00e4n ja mukavan rakenteen, joka sopii t\u00e4ydellisesti kotik\u00e4ytt\u00f6\u00f6n.<\/li>\n<li>Teknologisen kankaan liukumattomat ominaisuudet takaavat vakauden leikin aikana, mik\u00e4 takaa lasten turvallisuuden.<\/li>\n<li>Pehmusteen pehme\u00e4 materiaali v\u00e4hent\u00e4\u00e4 loukkaantumisriski\u00e4 putoamisen tai t\u00f6rm\u00e4yksen seurauksena.<\/li>\n<\/ul>","protected":false},"featured_media":3817,"comment_status":"open","ping_status":"closed","template":"","meta":[],"product_brand":[],"product_cat":[228],"product_tag":[],"class_list":{"0":"post-3829","1":"product","2":"type-product","3":"status-publish","4":"has-post-thumbnail","6":"product_cat-cushions","8":"first","9":"outofstock","10":"shipping-taxable","11":"purchasable","12":"product-type-simple"},"_links":{"self":[{"href":"https:\/\/www.largepillow.com\/fi\/wp-json\/wp\/v2\/product\/3829","targetHints":{"allow":["GET"]}}],"collection":[{"href":"https:\/\/www.largepillow.com\/fi\/wp-json\/wp\/v2\/product"}],"about":[{"href":"https:\/\/www.largepillow.com\/fi\/wp-json\/wp\/v2\/types\/product"}],"replies":[{"embeddable":true,"href":"https:\/\/www.largepillow.com\/fi\/wp-json\/wp\/v2\/comments?post=3829"}],"wp:featuredmedia":[{"embeddable":true,"href":"https:\/\/www.largepillow.com\/fi\/wp-json\/wp\/v2\/media\/3817"}],"wp:attachment":[{"href":"https:\/\/www.largepillow.com\/fi\/wp-json\/wp\/v2\/media?parent=3829"}],"wp:term":[{"taxonomy":"product_brand","embeddable":true,"href":"https:\/\/www.largepillow.com\/fi\/wp-json\/wp\/v2\/product_brand?post=3829"},{"taxonomy":"product_cat","embeddable":true,"href":"https:\/\/www.largepillow.com\/fi\/wp-json\/wp\/v2\/product_cat?post=3829"},{"taxonomy":"product_tag","embeddable":true,"href":"https:\/\/www.largepillow.com\/fi\/wp-json\/wp\/v2\/product_tag?post=3829"}],"curies":[{"name":"wp","href":"https:\/\/api.w.org\/{rel}","templated":true}]}}