{"id":3919,"date":"2024-09-05T03:12:00","date_gmt":"2024-09-05T03:12:00","guid":{"rendered":"https:\/\/www.largepillow.com\/product\/plush-reading-pillow-for-bed-sofa-dorm-with-back-support"},"modified":"2025-12-07T17:34:58","modified_gmt":"2025-12-07T17:34:58","slug":"muhkea-lukutyyny-vuodesohvaan-jossa-selkanoja","status":"publish","type":"product","link":"https:\/\/www.largepillow.com\/fi\/product\/plush-reading-pillow-for-bed-sofa-dorm-with-back-support","title":{"rendered":"Pehmoinen lukutyyny s\u00e4nkyyn, sohvaan ja makuusaliin selk\u00e4tuella"},"content":{"rendered":"[zc_getpagecontent mb=&#8221;mb_aplus&#8221; apid=&#8221;88&#8243;]\n","protected":false},"excerpt":{"rendered":"<ul>\n<li><strong>Kiinte\u00e4 koko:<\/strong> 95 x 45 x 25 cm s\u00e4ngynp\u00e4\u00e4dyn tyynyn vartalotuen selk\u00e4nojatyyny, saatavana kolmessa v\u00e4riss\u00e4: musta, keltainen ja valkoinen. Tulostus ei haalistu. Ei painikkeita.<\/li>\n<li><strong>Materiaalin p\u00e4ivitys:<\/strong> (pp puuvillat\u00e4yteaineella) Valmistettu rakeisesta sametista, pehme\u00e4 ja mukava. T\u00e4m\u00e4 kangas on valittu huolellisesti sen laadun ja k\u00e4ytett\u00e4vyyden vuoksi, mik\u00e4 lis\u00e4\u00e4 lujuutta ja kest\u00e4vyytt\u00e4. Lyhyt pehmokangas lis\u00e4\u00e4 ihon mukavuutta ja tyynyn pehmeytt\u00e4 tehden siit\u00e4 erinomaisen tyynyn vartalon selk\u00e4nojaksi ja s\u00e4nkykoristeisiin.<\/li>\n<li><strong>Keskipaksu tyyny:<\/strong> Keskipaksuus ei vie paljon s\u00e4nky- ja sohvatilasta, joten istumatilaa riitt\u00e4\u00e4. S\u00e4ngynp\u00e4\u00e4tyyny voi tarjota optimaalisen nousun yl\u00e4vartalolle, auttaa ehk\u00e4isem\u00e4\u00e4n monia terveysongelmia. Eri koot sopivat erilaisiin kohtauksiin, lievitt\u00e4en unettomuutta ja luurankolihaskipuja, sek\u00e4 auttamaan ik\u00e4\u00e4ntyneit\u00e4 suonikohjuissa ja joogan harrastajia venytysharjoituksissa.<\/li>\n<li><strong>T\u00e4ydellinen lahja-yll\u00e4tys:<\/strong> Pehme\u00e4 Twin Size -s\u00e4ngyn tyyny parantaa kolmiulotteisuutta ja heijastaa t\u00e4ydellisesti ergonomiaa. T\u00e4ydellinen paksuus ja tuki istuaksesi ja lukemiseen s\u00e4ngyss\u00e4 ja antaa mukavuutta nukkuessasi, lukeessasi ja katsoessasi televisiota. &quot;HYV\u00c4T&quot; sanat, jotka eiv\u00e4t haalistu paremmin, rentouttavat mielialaa.<\/li>\n<li><strong>Kaunis ja k\u00e4yt\u00e4nn\u00f6llinen tyyny:<\/strong> S\u00e4ngynp\u00e4\u00e4tyynymme on muodikas kodin sisustus, joka sopii s\u00e4nkyyn, sohvasohvaan, tatamiin, penkkiin, lepotuoliin, ikkunaistuimeen, makuuhuoneeseen, erkkeri-ikkunaan, kaikkiin vuodenaikoihin, asuntolas\u00e4nkyyn opiskelijas\u00e4nkyyn lasten s\u00e4ngyn niskatukeen jne.<\/li>\n<\/ul>","protected":false},"featured_media":3899,"comment_status":"open","ping_status":"closed","template":"","meta":[],"product_brand":[],"product_cat":[228],"product_tag":[],"class_list":{"0":"post-3919","1":"product","2":"type-product","3":"status-publish","4":"has-post-thumbnail","6":"product_cat-cushions","8":"first","9":"instock","10":"shipping-taxable","11":"purchasable","12":"product-type-variable","13":"has-default-attributes"},"_links":{"self":[{"href":"https:\/\/www.largepillow.com\/fi\/wp-json\/wp\/v2\/product\/3919","targetHints":{"allow":["GET"]}}],"collection":[{"href":"https:\/\/www.largepillow.com\/fi\/wp-json\/wp\/v2\/product"}],"about":[{"href":"https:\/\/www.largepillow.com\/fi\/wp-json\/wp\/v2\/types\/product"}],"replies":[{"embeddable":true,"href":"https:\/\/www.largepillow.com\/fi\/wp-json\/wp\/v2\/comments?post=3919"}],"wp:featuredmedia":[{"embeddable":true,"href":"https:\/\/www.largepillow.com\/fi\/wp-json\/wp\/v2\/media\/3899"}],"wp:attachment":[{"href":"https:\/\/www.largepillow.com\/fi\/wp-json\/wp\/v2\/media?parent=3919"}],"wp:term":[{"taxonomy":"product_brand","embeddable":true,"href":"https:\/\/www.largepillow.com\/fi\/wp-json\/wp\/v2\/product_brand?post=3919"},{"taxonomy":"product_cat","embeddable":true,"href":"https:\/\/www.largepillow.com\/fi\/wp-json\/wp\/v2\/product_cat?post=3919"},{"taxonomy":"product_tag","embeddable":true,"href":"https:\/\/www.largepillow.com\/fi\/wp-json\/wp\/v2\/product_tag?post=3919"}],"curies":[{"name":"wp","href":"https:\/\/api.w.org\/{rel}","templated":true}]}}