{"id":3932,"date":"2024-09-05T03:31:25","date_gmt":"2024-09-05T03:31:25","guid":{"rendered":"https:\/\/www.largepillow.com\/product\/denim-reading-pillow-with-arms-for-adult-back-lumbar-support"},"modified":"2024-10-03T16:31:24","modified_gmt":"2024-10-03T16:31:24","slug":"denim-lukutyyny-kasivarsilla-aikuisen-selan-ristiselan-tukemiseen","status":"publish","type":"product","link":"https:\/\/www.largepillow.com\/fi\/product\/denim-reading-pillow-with-arms-for-adult-back-lumbar-support\/","title":{"rendered":"Denim-lukutyyny k\u00e4sivarsilla aikuisille \u2013 Sel\u00e4n ristisel\u00e4n tuki"},"content":{"rendered":"[zc_getpagecontent mb=&#8221;mb_aplus&#8221; apid=&#8221;92&#8243;]\n","protected":false},"excerpt":{"rendered":"<ul>\n<li>Farkut Denim Kangas: Valmistettu polyesteripuuvilla esipestyst\u00e4 langasta v\u00e4rj\u00e4tyst\u00e4 denimkankaasta, mukava ja kest\u00e4v\u00e4, kontrastiv\u00e4rinen kaksoisneulaommel, joka lis\u00e4\u00e4 elegantin ja vintage-modernin ilmeen. sopii sohvalle, s\u00e4nkyyn, kotiin, toimistoon, asuntolas\u00e4nkyyn. Pesty denimkangas yhdistettyn\u00e4 ruskeaan vedenpit\u00e4v\u00e4\u00e4n tekonahkaan ja mokkanahkaisiin nappeihin lis\u00e4\u00e4 muodikkaan tunnelmaa ja tekee siit\u00e4 sopivamman erilaisiin sisustustyyleihin.<\/li>\n<li>Koko: Tyynyn korkeus on 56 cm ja leveys 89 cm, joten se tukee tukevasti selk\u00e4\u00e4. Kummankin k\u00e4sivarren paksuus 19 cm tukemaan olkap\u00e4it\u00e4 ja niskaa, lievitt\u00e4\u00e4 lihasj\u00e4nnityst\u00e4 ja rentouttaa kehoa. Paino: 2,9kg\u3002 Pesu: Konepesu kylm\u00e4n\u00e4 erikseen helpottamaan hoitoa.<\/li>\n<li>Vetoketjut: Tyynynp\u00e4\u00e4llisen pohjassa on v\u00e4ri\u00e4 vastaava n\u00e4kym\u00e4t\u00f6n vetoketju, joka tarjoaa tyylikk\u00e4\u00e4n ilmeen, helpon asettamisen ja pesun. Kaksikerroksinen suoja tyynyliinoille ja vuoraukselle, avaa sis\u00e4vuori yksinkertaisesti ja s\u00e4\u00e4d\u00e4 t\u00e4ytt\u00f6\u00e4 yksil\u00f6lliseen mukavuustasoon ja jaa se tarpeen mukaan kohdennettua tukea varten. Jos tarvitset ylim\u00e4\u00e4r\u00e4ist\u00e4 t\u00e4ytett\u00e4, tarjoamme mielell\u00e4mme lis\u00e4\u00e4 pp-puuvillaa.<\/li>\n<li>Lukutyyny tukevalla k\u00e4sinojalla tarjoaa tietyn korkeuden kyyn\u00e4rp\u00e4\u00e4ss\u00e4. Pehme\u00e4ss\u00e4 ja paksussa selk\u00e4nojassa on pitk\u00e4kestoinen joustavuus, 2 koristenappia, vahvistetut ompeleet ja putket luovat t\u00e4ydellisen ja t\u00e4ydellisen ilmeen ergonomisemman sel\u00e4n rentoutumisk\u00e4yr\u00e4\u00e4n. Lukutyynymme ei ole vain mukava ja s\u00f6p\u00f6, vaan siin\u00e4 on my\u00f6s kirkas ja v\u00e4rik\u00e4s muotoilu, joka lis\u00e4\u00e4 v\u00e4ri\u00e4 mihin tahansa huoneeseen.<\/li>\n<li>Pura pakkauksesta, nauti: S\u00e4ngyn istuimen selk\u00e4tyyny puristuu kokoon kuljetuksen aikana. Pura se vain pakkauksesta ja odota 24\u201348 tuntia, jotta se laajenee kokonaan.<\/li>\n<\/ul>","protected":false},"featured_media":3923,"comment_status":"open","ping_status":"closed","template":"","meta":[],"product_brand":[],"product_cat":[228],"product_tag":[],"class_list":{"0":"post-3932","1":"product","2":"type-product","3":"status-publish","4":"has-post-thumbnail","6":"product_cat-cushions","8":"first","9":"outofstock","10":"shipping-taxable","11":"purchasable","12":"product-type-simple"},"_links":{"self":[{"href":"https:\/\/www.largepillow.com\/fi\/wp-json\/wp\/v2\/product\/3932","targetHints":{"allow":["GET"]}}],"collection":[{"href":"https:\/\/www.largepillow.com\/fi\/wp-json\/wp\/v2\/product"}],"about":[{"href":"https:\/\/www.largepillow.com\/fi\/wp-json\/wp\/v2\/types\/product"}],"replies":[{"embeddable":true,"href":"https:\/\/www.largepillow.com\/fi\/wp-json\/wp\/v2\/comments?post=3932"}],"wp:featuredmedia":[{"embeddable":true,"href":"https:\/\/www.largepillow.com\/fi\/wp-json\/wp\/v2\/media\/3923"}],"wp:attachment":[{"href":"https:\/\/www.largepillow.com\/fi\/wp-json\/wp\/v2\/media?parent=3932"}],"wp:term":[{"taxonomy":"product_brand","embeddable":true,"href":"https:\/\/www.largepillow.com\/fi\/wp-json\/wp\/v2\/product_brand?post=3932"},{"taxonomy":"product_cat","embeddable":true,"href":"https:\/\/www.largepillow.com\/fi\/wp-json\/wp\/v2\/product_cat?post=3932"},{"taxonomy":"product_tag","embeddable":true,"href":"https:\/\/www.largepillow.com\/fi\/wp-json\/wp\/v2\/product_tag?post=3932"}],"curies":[{"name":"wp","href":"https:\/\/api.w.org\/{rel}","templated":true}]}}