{"id":3949,"date":"2024-09-05T03:59:06","date_gmt":"2024-09-05T03:59:06","guid":{"rendered":"https:\/\/www.largepillow.com\/product\/large-wedge-reading-pillow-for-bed-daybed-bolster-backrest-white"},"modified":"2025-01-12T17:18:10","modified_gmt":"2025-01-12T17:18:10","slug":"iso-kiila-lukutyyny-sankyyn-leposohva-selkanojan-valkoinen","status":"publish","type":"product","link":"https:\/\/www.largepillow.com\/fi\/product\/large-wedge-reading-pillow-for-bed-daybed-bolster-backrest-white","title":{"rendered":"Suuri Wedge-lukutyyny s\u00e4nkyyn leposohva selk\u00e4nojan taustavalkoinen"},"content":{"rendered":"","protected":false},"excerpt":{"rendered":"<ul>\n<li>\u00c4\u00e4rimm\u00e4ist\u00e4 mukavuutta: T\u00e4m\u00e4 xl-s\u00e4ngyn tyyny tarjoaa erinomaisen mukavuuden kolmionmuotoisen muotoilunsa ansiosta. S\u00e4ngyn tukityyny istuu mukavasti selk\u00e4\u00e4n ja vy\u00f6t\u00e4r\u00f6lle minimoiden lanne-\/selk\u00e4paineen. T\u00e4m\u00e4 kiilatyyny voi auttaa sinua pysym\u00e4\u00e4n j\u00e4nnittym\u00e4tt\u00f6m\u00e4n\u00e4 s\u00e4ngyss\u00e4 tai sohvalla, mik\u00e4 sopii ihanteellisesti y\u00f6ky\u00f6pelien, kirjatoukkien ty\u00f6skentelyyn ja television katseluun s\u00e4ngyss\u00e4. T\u00e4m\u00e4 eritt\u00e4in suuri tyyny on ainoa kiilatyyny, johon mahtuu kaksi henkil\u00f6\u00e4.<\/li>\n<li>3 in 1 iso tukityyny: Voit k\u00e4ytt\u00e4\u00e4 tyyny\u00e4 pystyasennossa selk\u00e4nojan tukena tyynyn\u00e4 istuessasi s\u00e4ngyss\u00e4 tai asettaa sen s\u00e4ngylle ja k\u00e4ytt\u00e4\u00e4 sit\u00e4 suurena kiilatyynyn\u00e4 nukkuessasi sel\u00e4ll\u00e4\u00e4n tai kyljell\u00e4si tai jalkana. tyyny nostaaksesi jalkojasi. Jos haluat suuren s\u00e4ngynp\u00e4\u00e4dyn tyynyn, joka tukee sek\u00e4 sinua ett\u00e4 puolisoasi. Se on erinomainen vaihtoehto.<\/li>\n<li>Monik\u00e4ytt\u00f6inen muotoilu: Jotkut ihmiset k\u00e4ytt\u00e4v\u00e4t kolmion muotoista suurta tyyny\u00e4 s\u00e4ngynp\u00e4\u00e4dyn tyynyn\u00e4, kun taas toiset k\u00e4ytt\u00e4v\u00e4t sit\u00e4 puskurityynyn\u00e4, se voi olla my\u00f6s sohva tai leposohvan selk\u00e4nojan tyyny. Se on tyylik\u00e4s ja toimiva, joten se on erinomainen lis\u00e4 jokaiseen makuuhuoneeseen.<\/li>\n<li>Ensiluokkaista k\u00e4sity\u00f6t\u00e4: Tyynyliina on vakosamettin\u00e4k\u00f6inen, jonka koostumus on 100% polyesteri\u00e4. S\u00e4ngynp\u00e4\u00e4tyynymme on hengitt\u00e4v\u00e4 ja tarpeeksi mukava pit\u00e4\u00e4kseen muotonsa eik\u00e4 menet\u00e4 muotoaan ajan my\u00f6t\u00e4. Sivutasku kummallakin puolella mahdollistaa kirjan tai puhelimen sujauttamisen.<\/li>\n<li>Helppo pest\u00e4: Lukutyynyn p\u00e4\u00e4llinen on kiinnitetty tyynyyn napeilla, ja se on helppo irrottaa yksinkertaisella vetoketjulla. T\u00e4m\u00e4 tekee sen puhdistamisesta vaivatonta. Poista vain p\u00e4\u00e4llinen ja pese tyyny nopeasti koneella, jotta se n\u00e4ytt\u00e4\u00e4 uudelta.<\/li>\n<li><strong>Koko:<\/strong> 60cm (60*20*50cm, 2 nappia), 80cm (80*20*50cm, 2 nappia), 100cm (100*20*50cm, 3 nappia), 120cm (120*20*50cm, 4 nappia), 140cm ( 140*20*50cm, 4 nappia), 160cm (160*20*50cm, 5 nappia), 180cm (180*20*50cm, 6 nappia), 200cm (200*20*50cm, 7 nappia)<\/li>\n<\/ul>","protected":false},"featured_media":3933,"comment_status":"open","ping_status":"closed","template":"","meta":[],"product_brand":[],"product_cat":[15],"product_tag":[],"class_list":{"0":"post-3949","1":"product","2":"type-product","3":"status-publish","4":"has-post-thumbnail","6":"product_cat-large-wedge-pillow","8":"first","9":"instock","10":"shipping-taxable","11":"purchasable","12":"product-type-variable","13":"has-default-attributes"},"_links":{"self":[{"href":"https:\/\/www.largepillow.com\/fi\/wp-json\/wp\/v2\/product\/3949","targetHints":{"allow":["GET"]}}],"collection":[{"href":"https:\/\/www.largepillow.com\/fi\/wp-json\/wp\/v2\/product"}],"about":[{"href":"https:\/\/www.largepillow.com\/fi\/wp-json\/wp\/v2\/types\/product"}],"replies":[{"embeddable":true,"href":"https:\/\/www.largepillow.com\/fi\/wp-json\/wp\/v2\/comments?post=3949"}],"wp:featuredmedia":[{"embeddable":true,"href":"https:\/\/www.largepillow.com\/fi\/wp-json\/wp\/v2\/media\/3933"}],"wp:attachment":[{"href":"https:\/\/www.largepillow.com\/fi\/wp-json\/wp\/v2\/media?parent=3949"}],"wp:term":[{"taxonomy":"product_brand","embeddable":true,"href":"https:\/\/www.largepillow.com\/fi\/wp-json\/wp\/v2\/product_brand?post=3949"},{"taxonomy":"product_cat","embeddable":true,"href":"https:\/\/www.largepillow.com\/fi\/wp-json\/wp\/v2\/product_cat?post=3949"},{"taxonomy":"product_tag","embeddable":true,"href":"https:\/\/www.largepillow.com\/fi\/wp-json\/wp\/v2\/product_tag?post=3949"}],"curies":[{"name":"wp","href":"https:\/\/api.w.org\/{rel}","templated":true}]}}