{"id":4160,"date":"2024-09-12T03:12:48","date_gmt":"2024-09-12T03:12:48","guid":{"rendered":"https:\/\/www.largepillow.com\/product\/headboard-pillow-white-plush-large-wedge-reading-pillow"},"modified":"2025-08-27T10:53:28","modified_gmt":"2025-08-27T10:53:28","slug":"paaty-tyyny-valkoinen-muhkea-iso-kiila-lukutyyny","status":"publish","type":"product","link":"https:\/\/www.largepillow.com\/fi\/product\/headboard-pillow-white-plush-large-wedge-reading-pillow","title":{"rendered":"P\u00e4\u00e4tytyyny Valkoinen pehmoinen iso kiilatyyny"},"content":{"rendered":"","protected":false},"excerpt":{"rendered":"<ul>\n<li><strong>MONITOIMINTA:<\/strong> Enemm\u00e4n kuin vain s\u00e4ngynp\u00e4\u00e4tytyyny, kiilatyynymme tukee useita k\u00e4ytt\u00f6tarkoituksia, ja sit\u00e4 voidaan k\u00e4ytt\u00e4\u00e4 ihanteellisena apuv\u00e4lineen\u00e4 sel\u00e4n tukemiseen, jalkojen kohoamiseen, lukemiseen, television katseluun ja moniin muihin asentoihin moniin tarpeisiisi.<\/li>\n<li><strong>ERGONOMINEN MUOTOILU:<\/strong> intiimihoito, ergonominen kekseli\u00e4isyys. Tarjoa sinulle mukavin tuki, v\u00e4henn\u00e4 kaula- ja lannenikamiin kohdistuvaa painetta, nauti jokaisesta mukavuuden ja mukavuuden hetkest\u00e4.<\/li>\n<li><strong>MUKAVUUS:<\/strong> Suuri kolmion muotoinen kiilatyyny on valmistettu korkealaatuisista materiaaleista ja herk\u00e4st\u00e4 k\u00e4sittelyteknologiasta, joka varmistaa kiilap\u00e4\u00e4tuen tyynyn pehmeyden ja mukavuuden, jotta voit nauttia intiimist\u00e4 istuvuudesta, l\u00e4mpim\u00e4st\u00e4 ja mukavasta tunteesta.<\/li>\n<li><strong>MATERIAALI:<\/strong> Vuoteen selk\u00e4nojan tyynyt valitaan korkealaatuisista kankaista, jotka ovat pehmeit\u00e4 ja ihoyst\u00e4v\u00e4llisi\u00e4, ryppyj\u00e4 ja kulutusta kest\u00e4vi\u00e4, tarjoavat sinulle mukavan kosketuksen ja erinomaisen hengitt\u00e4vyyden, pit\u00e4en sinut kuivana ja mukavana.<\/li>\n<li><strong>HELPPO PUHDISTAA:<\/strong> Kiilatyynyss\u00e4 on irrotettava ja pest\u00e4v\u00e4 p\u00e4\u00e4llinen, joka helpottaa hoitoa, joten sinulla on aina raikas ja siisti lepoymp\u00e4rist\u00f6.<\/li>\n<li><strong>Koko:<\/strong> 60cm (60*20*50cm), 80cm (80*20*50cm), 100cm (100*20*50cm), 120cm (120*20*50cm), 140cm (140*20*50cm), 160cm (160*20) *50cm), 180cm (180*20*50cm), 200cm (200*20*50cm)<\/li>\n<\/ul>","protected":false},"featured_media":4148,"comment_status":"open","ping_status":"closed","template":"","meta":[],"product_brand":[],"product_cat":[15],"product_tag":[],"class_list":{"0":"post-4160","1":"product","2":"type-product","3":"status-publish","4":"has-post-thumbnail","6":"product_cat-large-wedge-pillow","8":"first","9":"instock","10":"shipping-taxable","11":"purchasable","12":"product-type-variable","13":"has-default-attributes"},"_links":{"self":[{"href":"https:\/\/www.largepillow.com\/fi\/wp-json\/wp\/v2\/product\/4160","targetHints":{"allow":["GET"]}}],"collection":[{"href":"https:\/\/www.largepillow.com\/fi\/wp-json\/wp\/v2\/product"}],"about":[{"href":"https:\/\/www.largepillow.com\/fi\/wp-json\/wp\/v2\/types\/product"}],"replies":[{"embeddable":true,"href":"https:\/\/www.largepillow.com\/fi\/wp-json\/wp\/v2\/comments?post=4160"}],"wp:featuredmedia":[{"embeddable":true,"href":"https:\/\/www.largepillow.com\/fi\/wp-json\/wp\/v2\/media\/4148"}],"wp:attachment":[{"href":"https:\/\/www.largepillow.com\/fi\/wp-json\/wp\/v2\/media?parent=4160"}],"wp:term":[{"taxonomy":"product_brand","embeddable":true,"href":"https:\/\/www.largepillow.com\/fi\/wp-json\/wp\/v2\/product_brand?post=4160"},{"taxonomy":"product_cat","embeddable":true,"href":"https:\/\/www.largepillow.com\/fi\/wp-json\/wp\/v2\/product_cat?post=4160"},{"taxonomy":"product_tag","embeddable":true,"href":"https:\/\/www.largepillow.com\/fi\/wp-json\/wp\/v2\/product_tag?post=4160"}],"curies":[{"name":"wp","href":"https:\/\/api.w.org\/{rel}","templated":true}]}}