{"id":4182,"date":"2024-09-12T03:55:25","date_gmt":"2024-09-12T03:55:25","guid":{"rendered":"https:\/\/www.largepillow.com\/product\/triangular-headboard-pillow-for-sleeping-with-side-pocket"},"modified":"2024-10-03T16:31:33","modified_gmt":"2024-10-03T16:31:33","slug":"kolmion-muotoinen-sangynpaadyn-tyyny-nukkumiseen-sivutaskulla","status":"publish","type":"product","link":"https:\/\/www.largepillow.com\/fi\/product\/triangular-headboard-pillow-for-sleeping-with-side-pocket","title":{"rendered":"Kolmion muotoinen p\u00e4\u00e4tytyyny nukkumiseen sivutaskulla"},"content":{"rendered":"","protected":false},"excerpt":{"rendered":"<ul>\n<li><strong>Laadukas k\u00e4sity\u00f6:<\/strong> Jotta selk\u00e4tyynyt n\u00e4ytt\u00e4isiv\u00e4t t\u00e4ydellisemmilt\u00e4 ja harmonisemmilta, suunnittelija valitsi koristenapin, joka on samanv\u00e4rinen kuin tyynynp\u00e4\u00e4llinen. Tyynynp\u00e4\u00e4llinen on sile\u00e4 ja kest\u00e4v\u00e4, ja kiilatyyny on pehme\u00e4 ja joustava. Pohjassa on vetoketju ja t\u00e4ytepuuvilla on pakattu pehmustekerrokselle. PP-puuvillaa voidaan lis\u00e4t\u00e4 tai v\u00e4hent\u00e4\u00e4 oman tunteen mukaan k\u00e4yt\u00f6n aikana.<\/li>\n<li><strong>Materiaali:<\/strong> Painettu kiilatyynynp\u00e4\u00e4llinen 100% puuvillasta. T\u00e4yte on valmistettu polyesterikuidusta (PP-puuvilla). Pehme\u00e4 kosketus, v\u00e4rj\u00e4tty ymp\u00e4rist\u00f6yst\u00e4v\u00e4llisell\u00e4 tavalla, ei ryppyj\u00e4, ei haalistu. Herk\u00e4t printit koristavat sis\u00e4ymp\u00e4rist\u00f6\u00e4 paremmin.<\/li>\n<li><strong>Teht\u00e4v\u00e4:<\/strong>\u00a0Toiminnalliset tukityynymme voivat tukea selk\u00e4\u00e4si ty\u00f6skennelless\u00e4si tai lukeessasi, joten et ole niin v\u00e4synyt. Ota se kotiin, niin tavallisista sohvistasi ja vuoteistasi tulee hienostuneempia. Lis\u00e4ksi kuviollinen muhkea s\u00e4ngynp\u00e4\u00e4tytyynymme voi antaa raikkaan ja tyylikk\u00e4\u00e4n ilmeen olohuoneen sis\u00e4parvekkeille ja ulkopuutarhatuoleille. Tyynyjen sivutaskuissa voi s\u00e4ilytt\u00e4\u00e4 matkapuhelimia tai muita arjen tarpeita.<\/li>\n<li><strong>Koko:<\/strong> 60 cm (60 * 20 * 50 cm), 140 cm (140 * 20 * 50 cm), 180 cm (180 * 20 * 50 cm)<\/li>\n<li>Huomaa, ett\u00e4 napit eiv\u00e4t ole irrotettavissa ja ne on ommeltu tiukasti tyynyn ytimeen. Jokaisen painikkeen alla on reik\u00e4, joka on tarkoituksella j\u00e4tetty taakse, jotta tyynynp\u00e4\u00e4llinen on helpompi irrottaa.<\/li>\n<\/ul>","protected":false},"featured_media":4169,"comment_status":"open","ping_status":"closed","template":"","meta":[],"product_brand":[],"product_cat":[15],"product_tag":[],"class_list":{"0":"post-4182","1":"product","2":"type-product","3":"status-publish","4":"has-post-thumbnail","6":"product_cat-large-wedge-pillow","8":"first","9":"instock","10":"shipping-taxable","11":"purchasable","12":"product-type-variable","13":"has-default-attributes"},"_links":{"self":[{"href":"https:\/\/www.largepillow.com\/fi\/wp-json\/wp\/v2\/product\/4182","targetHints":{"allow":["GET"]}}],"collection":[{"href":"https:\/\/www.largepillow.com\/fi\/wp-json\/wp\/v2\/product"}],"about":[{"href":"https:\/\/www.largepillow.com\/fi\/wp-json\/wp\/v2\/types\/product"}],"replies":[{"embeddable":true,"href":"https:\/\/www.largepillow.com\/fi\/wp-json\/wp\/v2\/comments?post=4182"}],"wp:featuredmedia":[{"embeddable":true,"href":"https:\/\/www.largepillow.com\/fi\/wp-json\/wp\/v2\/media\/4169"}],"wp:attachment":[{"href":"https:\/\/www.largepillow.com\/fi\/wp-json\/wp\/v2\/media?parent=4182"}],"wp:term":[{"taxonomy":"product_brand","embeddable":true,"href":"https:\/\/www.largepillow.com\/fi\/wp-json\/wp\/v2\/product_brand?post=4182"},{"taxonomy":"product_cat","embeddable":true,"href":"https:\/\/www.largepillow.com\/fi\/wp-json\/wp\/v2\/product_cat?post=4182"},{"taxonomy":"product_tag","embeddable":true,"href":"https:\/\/www.largepillow.com\/fi\/wp-json\/wp\/v2\/product_tag?post=4182"}],"curies":[{"name":"wp","href":"https:\/\/api.w.org\/{rel}","templated":true}]}}