{"id":4230,"date":"2024-09-13T00:53:26","date_gmt":"2024-09-13T00:53:26","guid":{"rendered":"https:\/\/www.largepillow.com\/product\/space-themed-backrest-cushion-for-kids-headboard-pillow-earth"},"modified":"2024-10-03T16:31:23","modified_gmt":"2024-10-03T16:31:23","slug":"avaruusaiheinen-selkanojan-tyyny-lasten-sangynpaadylle-tyynyn-maa","status":"publish","type":"product","link":"https:\/\/www.largepillow.com\/fi\/product\/space-themed-backrest-cushion-for-kids-headboard-pillow-earth\/","title":{"rendered":"Avaruusaiheinen selk\u00e4nojatyyny lapsille \u2013 p\u00e4\u00e4tytyyny (maallinen)"},"content":{"rendered":"[zc_getpagecontent mb=&#8221;mb_aplus&#8221; apid=&#8221;90&#8243;]\n","protected":false},"excerpt":{"rendered":"<ul>\n<li><strong>Tuotteen koko:<\/strong>\u00a0Meill\u00e4 on saatavilla 3 erilaista planeetan selk\u00e4tukityyny\u00e4, jotka ovat maa, kuu ja Jupiter, mitat noin 39 x 19,6 tuumaa. Voit valita suosikkityynyjesi ulkoasun mielialaasi sopivaksi. Luo unenomainen ja mielikuvituksellinen makuuhuone t\u00e4ll\u00e4 suloisella planeettatyynyll\u00e4, joka on suunniteltu inspiroimaan lapsesi avaruustutkimusunelmia.<\/li>\n<li><strong>Pehme\u00e4 ja mukava:<\/strong>\u00a0Planet lukutyyny on valmistettu lyhyest\u00e4 muhkeasta kankaasta, pehme\u00e4 ja mukava, tarjoaa sinulle pehme\u00e4n, l\u00e4mpim\u00e4n ja mukavan rakenteen; sis\u00e4materiaali on PP-puuvillaa, pehme\u00e4\u00e4 ja tuettua, se voidaan laittaa s\u00e4nkyyn tai sohvalle, se antaa sel\u00e4n riitt\u00e4v\u00e4sti tukea, mutta my\u00f6s parantaa ryhti\u00e4 ja lievitt\u00e4\u00e4 mekaanista selk\u00e4kipua.<\/li>\n<li><strong>Eloisa ja el\u00e4v\u00e4 muotoilu:<\/strong>\u00a0Our planets -tyynyn p\u00e4\u00e4tytyyny on omaksuttu kaksipuoleisella painetulla suunnittelulla h\u00e4mm\u00e4stytt\u00e4v\u00e4n Outer Space Universe Galaxy Planet -teeman mukaisesti. Lapset voivat oppia jokaisesta planeettasta kuvioitujen yksityiskohtien avulla ja vertailla niiden kokoa oleskellessaan pehmeill\u00e4 tyynyill\u00e4, jotka ovat t\u00e4ydellisi\u00e4 mielikuvitukselliseen leikkimiseen. N\u00e4m\u00e4 siistit ulkoavaruusgalaksikoristeet lis\u00e4\u00e4v\u00e4t galaksin kodin sisustukseen galaktista tunnelmaa, Luo ainutlaatuinen astronauttiplaneetta koristava s\u00e4nkyhuone pojat, tyt\u00f6t.<\/li>\n<li><strong>Monipuolinen k\u00e4ytt\u00f6:<\/strong>\u00a03D-simuloitu planeetta-selk\u00e4nojatyyny, jossa on Vivid Kaksipuolinen painokuvio, n\u00e4it\u00e4 tyynyj\u00e4 ei voi k\u00e4ytt\u00e4\u00e4 vain erottuvana kodin sisustukseen lattialla, makuuhuoneessa, sohvalla, olohuoneessa ja huonekaluissa, vaan my\u00f6s mielenkiintoisena halaustyynyn\u00e4 perheellesi. parantaa monien paikkojen ilmett\u00e4.<\/li>\n<li><strong>Piilotetun vetoketjun muotoilu:<\/strong>\u00a0Jokainen planeetan tyynynp\u00e4\u00e4llinen on suunniteltu piilovetoketjulla, joka tarjoaa saumattoman ja herk\u00e4n ulkon\u00e4\u00f6n; Lis\u00e4ksi se mahdollistaa tyynyjen poistamisen ja asettamisen puhdistamista tai tuulta vaihtamista varten. T\u00e4m\u00e4 on erityinen maaginen syntym\u00e4p\u00e4iv\u00e4 joululahja pojille ja tyt\u00f6ille.<\/li>\n<\/ul>","protected":false},"featured_media":4222,"comment_status":"open","ping_status":"closed","template":"","meta":[],"product_brand":[],"product_cat":[228],"product_tag":[],"class_list":{"0":"post-4230","1":"product","2":"type-product","3":"status-publish","4":"has-post-thumbnail","6":"product_cat-cushions","8":"first","9":"instock","10":"shipping-taxable","11":"purchasable","12":"product-type-simple"},"_links":{"self":[{"href":"https:\/\/www.largepillow.com\/fi\/wp-json\/wp\/v2\/product\/4230","targetHints":{"allow":["GET"]}}],"collection":[{"href":"https:\/\/www.largepillow.com\/fi\/wp-json\/wp\/v2\/product"}],"about":[{"href":"https:\/\/www.largepillow.com\/fi\/wp-json\/wp\/v2\/types\/product"}],"replies":[{"embeddable":true,"href":"https:\/\/www.largepillow.com\/fi\/wp-json\/wp\/v2\/comments?post=4230"}],"wp:featuredmedia":[{"embeddable":true,"href":"https:\/\/www.largepillow.com\/fi\/wp-json\/wp\/v2\/media\/4222"}],"wp:attachment":[{"href":"https:\/\/www.largepillow.com\/fi\/wp-json\/wp\/v2\/media?parent=4230"}],"wp:term":[{"taxonomy":"product_brand","embeddable":true,"href":"https:\/\/www.largepillow.com\/fi\/wp-json\/wp\/v2\/product_brand?post=4230"},{"taxonomy":"product_cat","embeddable":true,"href":"https:\/\/www.largepillow.com\/fi\/wp-json\/wp\/v2\/product_cat?post=4230"},{"taxonomy":"product_tag","embeddable":true,"href":"https:\/\/www.largepillow.com\/fi\/wp-json\/wp\/v2\/product_tag?post=4230"}],"curies":[{"name":"wp","href":"https:\/\/api.w.org\/{rel}","templated":true}]}}