{"id":4365,"date":"2024-09-13T03:28:21","date_gmt":"2024-09-13T03:28:21","guid":{"rendered":"https:\/\/www.largepillow.com\/product\/large-headboard-reading-pillow-bolster-body-pillow-gray"},"modified":"2024-10-03T16:31:33","modified_gmt":"2024-10-03T16:31:33","slug":"iso-sangynpaaty-lukutyynyn-vartalotyyny-harmaa","status":"publish","type":"product","link":"https:\/\/www.largepillow.com\/fi\/product\/large-headboard-reading-pillow-bolster-body-pillow-gray","title":{"rendered":"Suuri s\u00e4ngynp\u00e4\u00e4dyn lukutyyny, vartalotyyny, harmaa"},"content":{"rendered":"[zc_getpagecontent mb=&#8221;mb_aplus&#8221; apid=&#8221;60&#8243;]\n","protected":false},"excerpt":{"rendered":"<ul>\n<li>Moderni muotoilu: Suunniteltu tuftatuilla napeilla ja ommeltuilla yksityiskohdilla, rullatut reunat lis\u00e4\u00e4v\u00e4t my\u00f6s ylim\u00e4\u00e4r\u00e4ist\u00e4 koristeellista tunnelmaa. T\u00e4m\u00e4 ylisuuri lanneosan tyyny runsaalla t\u00e4ytteell\u00e4 lis\u00e4\u00e4 mukavuutta ja varmistaa, ett\u00e4 saat parhaan tuen istuessasi ja rentoutuessasi. K\u00e4yt\u00e4 yksin\u00e4\u00e4n korostuskappaleena tai sekoita ja sovi yhteen muiden tavallisten painettujen\/kiinteiden tai muiden brodeerattujen tyynyjen kanssa koordinoidun ilmeen saamiseksi.<\/li>\n<li>Suuri selk\u00e4tukityyny: T\u00e4m\u00e4 ylisuuri tyyny tukee paremmin kuin tavallisen kokoiset p\u00f6rr\u00f6iset tyynyt, budoaarityynyt tai eurotyynyt, ja se on tukeva s\u00e4ilytt\u00e4\u00e4kseen muotonsa. T\u00e4m\u00e4 ylisuuri s\u00e4ngynp\u00e4\u00e4dyn tyyny, jossa on runsas t\u00e4yte lis\u00e4\u00e4 mukavuutta, yhdistettyn\u00e4 pehme\u00e4\u00e4n patjaan, se varmistaa, ett\u00e4 saat parhaan tuen nojaessasi taaksep\u00e4in ja rentoutuessasi. Ja t\u00e4m\u00e4 moderni iso selk\u00e4nojatyyny ratkaisee my\u00f6s s\u00e4nkysi tyynyjen liukumisen patjan ja p\u00e4\u00e4dyn v\u00e4liin.<\/li>\n<li>Monik\u00e4ytt\u00f6inen: K\u00e4yt\u00e4 t\u00e4t\u00e4 suurta selk\u00e4nojatyyny\u00e4 s\u00e4ngynp\u00e4\u00e4dyn vaihtoehtona tai sohvan selk\u00e4nojana tai aseta se penkille, niin saat uuden sohvan. T\u00e4t\u00e4 pitk\u00e4\u00e4 s\u00e4ngyn tyyny\u00e4 voidaan k\u00e4ytt\u00e4\u00e4 my\u00f6s suurena vartalotyynyn\u00e4, joka auttaa sinua saamaan hyv\u00e4t y\u00f6unet. T\u00e4m\u00e4 verhoiltu s\u00e4ngynp\u00e4\u00e4dyn tyyny on niin upea, niin erinomainen laatu ja eritt\u00e4in mukava nojata. Samalla se sopii hyvin erilaisiin kodin sisustustyyleihin ja lis\u00e4\u00e4 makuuhuoneeseen l\u00e4mmint\u00e4 ja mukavaa tunnelmaa.<\/li>\n<li>Ensiluokkaista k\u00e4sity\u00f6t\u00e4: 100% polyesterikankainen pitk\u00e4 tyyny on eritt\u00e4in pehme\u00e4 ja mukava kokemus ihollesi. Perinteisill\u00e4 tyynyill\u00e4 on taipumus roikkua ajan my\u00f6t\u00e4, mutta t\u00e4ss\u00e4 lukutyynyss\u00e4 on tuftatut napit, jotka eiv\u00e4t ainoastaan tarjoa nykyaikaista tyyli\u00e4, vaan my\u00f6s pit\u00e4v\u00e4t t\u00e4ytteen. paikka kest\u00e4vyydelle. Tilkkuompeleet ja laipalliset reunat lis\u00e4\u00e4v\u00e4t my\u00f6s ylim\u00e4\u00e4r\u00e4ist\u00e4 koristetta.<\/li>\n<li>Tyynyliinan hoito-ohjeet: Tyynyliinat ovat irrotettavia, eiv\u00e4t haalistu tai rispaa, helppohoitoiset ja konepest\u00e4v\u00e4t tuftaisen napin ja n\u00e4kym\u00e4t\u00f6n vetoketjun ansiosta.<\/li>\n<\/ul>","protected":false},"featured_media":4347,"comment_status":"open","ping_status":"closed","template":"","meta":[],"product_brand":[],"product_cat":[28],"product_tag":[],"class_list":{"0":"post-4365","1":"product","2":"type-product","3":"status-publish","4":"has-post-thumbnail","6":"product_cat-large-body-pillow","8":"first","9":"instock","10":"shipping-taxable","11":"purchasable","12":"product-type-variable","13":"has-default-attributes"},"_links":{"self":[{"href":"https:\/\/www.largepillow.com\/fi\/wp-json\/wp\/v2\/product\/4365","targetHints":{"allow":["GET"]}}],"collection":[{"href":"https:\/\/www.largepillow.com\/fi\/wp-json\/wp\/v2\/product"}],"about":[{"href":"https:\/\/www.largepillow.com\/fi\/wp-json\/wp\/v2\/types\/product"}],"replies":[{"embeddable":true,"href":"https:\/\/www.largepillow.com\/fi\/wp-json\/wp\/v2\/comments?post=4365"}],"wp:featuredmedia":[{"embeddable":true,"href":"https:\/\/www.largepillow.com\/fi\/wp-json\/wp\/v2\/media\/4347"}],"wp:attachment":[{"href":"https:\/\/www.largepillow.com\/fi\/wp-json\/wp\/v2\/media?parent=4365"}],"wp:term":[{"taxonomy":"product_brand","embeddable":true,"href":"https:\/\/www.largepillow.com\/fi\/wp-json\/wp\/v2\/product_brand?post=4365"},{"taxonomy":"product_cat","embeddable":true,"href":"https:\/\/www.largepillow.com\/fi\/wp-json\/wp\/v2\/product_cat?post=4365"},{"taxonomy":"product_tag","embeddable":true,"href":"https:\/\/www.largepillow.com\/fi\/wp-json\/wp\/v2\/product_tag?post=4365"}],"curies":[{"name":"wp","href":"https:\/\/api.w.org\/{rel}","templated":true}]}}