{"id":4405,"date":"2024-09-14T02:18:37","date_gmt":"2024-09-14T02:18:37","guid":{"rendered":"https:\/\/www.largepillow.com\/product\/large-floor-loveseat-cozy-chair-for-home-spaces"},"modified":"2024-12-12T09:14:40","modified_gmt":"2024-12-12T09:14:40","slug":"iso-lattia-loveseat-mukava-tuoli-kodin-tiloihin","status":"publish","type":"product","link":"https:\/\/www.largepillow.com\/fi\/product\/large-floor-loveseat-cozy-chair-for-home-spaces\/","title":{"rendered":"Large Floor Loveseat \u2013 Kodikas tuoli kotitiloihin"},"content":{"rendered":"[zc_getpagecontent mb=&#8221;mb_aplus&#8221; apid=&#8221;96&#8243;]\n","protected":false},"excerpt":{"rendered":"<ul>\n<li><strong>ERITT\u00c4IN MUKAVUUS:<\/strong> Nauti vertaansa vailla olevasta mukavuudesta leposohvalla. Kanin turkispehmusteella ja eritt\u00e4in joustavalla vaahtomuovipehmusteella varustettu sohva takaa maksimaalisen mukavuuden, olitpa sitten istumassa lukemassa kirjaa, katsomassa televisiota tai vain rentoutumassa kiireisen p\u00e4iv\u00e4n j\u00e4lkeen.<\/li>\n<li><strong>Huippuk\u00e4sity\u00f6taide:<\/strong> T\u00e4ss\u00e4 kehyksett\u00f6m\u00e4ss\u00e4 sohvassa on takkuinen vakosamettip\u00e4\u00e4llinen ja PP-puuvillapohja, jotka yhdist\u00e4v\u00e4t k\u00e4yt\u00e4nn\u00f6llisyyden ja mukavuuden ylelliseen ja kest\u00e4v\u00e4\u00e4n kokemukseen. Se on helppo purkaa ja koota, mik\u00e4 takaa kest\u00e4v\u00e4n eleganssin kaikissa huoneissa.<\/li>\n<li><strong>TAKAA TUKI:<\/strong> Nauti rauhallisesta rentoutumisesta lattiasohvallamme. Tihe\u00e4vaahto tarjoaa erinomaisen tuen ja pehmusteen, joka halaa vartalon kaarta ja lievitt\u00e4\u00e4 painepisteit\u00e4. Upotettavan sohvan vakaus takaa turvallisuuden ja luotettavuuden.<\/li>\n<li><strong>AINUTLAATUINEN MUOTO JA HELPPO PUHDISTAA:<\/strong> T\u00e4m\u00e4 sohva ei ole vain mukava, vaan my\u00f6s helppo pit\u00e4\u00e4 puhtaana. N\u00e4kym\u00e4t\u00f6n vetoketju on helppo irrottaa ja puhdistaa, mik\u00e4 pit\u00e4\u00e4 sohvan siistin\u00e4. Voit nauttia vapaa-ajasta mukavasti.<\/li>\n<li><strong>IDEALINEN KOKO MUKAVUUTEEN:<\/strong> Lepotuolimme sis\u00e4mitat ovat 122*122*27 cm, mik\u00e4 on ihanteellinen koko lepotuoliin ja on helppo s\u00e4ilytt\u00e4\u00e4 ja s\u00e4\u00e4st\u00e4\u00e4 tilaa.<\/li>\n<\/ul>","protected":false},"featured_media":4393,"comment_status":"open","ping_status":"closed","template":"","meta":[],"product_brand":[],"product_cat":[228],"product_tag":[],"class_list":{"0":"post-4405","1":"product","2":"type-product","3":"status-publish","4":"has-post-thumbnail","6":"product_cat-cushions","8":"first","9":"outofstock","10":"shipping-taxable","11":"purchasable","12":"product-type-simple"},"_links":{"self":[{"href":"https:\/\/www.largepillow.com\/fi\/wp-json\/wp\/v2\/product\/4405","targetHints":{"allow":["GET"]}}],"collection":[{"href":"https:\/\/www.largepillow.com\/fi\/wp-json\/wp\/v2\/product"}],"about":[{"href":"https:\/\/www.largepillow.com\/fi\/wp-json\/wp\/v2\/types\/product"}],"replies":[{"embeddable":true,"href":"https:\/\/www.largepillow.com\/fi\/wp-json\/wp\/v2\/comments?post=4405"}],"wp:featuredmedia":[{"embeddable":true,"href":"https:\/\/www.largepillow.com\/fi\/wp-json\/wp\/v2\/media\/4393"}],"wp:attachment":[{"href":"https:\/\/www.largepillow.com\/fi\/wp-json\/wp\/v2\/media?parent=4405"}],"wp:term":[{"taxonomy":"product_brand","embeddable":true,"href":"https:\/\/www.largepillow.com\/fi\/wp-json\/wp\/v2\/product_brand?post=4405"},{"taxonomy":"product_cat","embeddable":true,"href":"https:\/\/www.largepillow.com\/fi\/wp-json\/wp\/v2\/product_cat?post=4405"},{"taxonomy":"product_tag","embeddable":true,"href":"https:\/\/www.largepillow.com\/fi\/wp-json\/wp\/v2\/product_tag?post=4405"}],"curies":[{"name":"wp","href":"https:\/\/api.w.org\/{rel}","templated":true}]}}