{"id":4576,"date":"2024-10-25T03:48:45","date_gmt":"2024-10-25T03:48:45","guid":{"rendered":"https:\/\/www.largepillow.com\/product\/3-storey-felt-cat-cave-multi-cat-condo-tunnel-bed"},"modified":"2024-12-20T18:18:54","modified_gmt":"2024-12-20T18:18:54","slug":"3-kerroksinen-huopakissaluola-monen-kissan-asunnon-tunnelisanky","status":"publish","type":"product","link":"https:\/\/www.largepillow.com\/fi\/product\/3-storey-felt-cat-cave-multi-cat-condo-tunnel-bed\/","title":{"rendered":"3-kerroksinen huopakissan luola, monikissa-asunto ja tunnelis\u00e4nky"},"content":{"rendered":"[zc_getpagecontent mb=&#8221;mb_aplus&#8221; apid=&#8221;98&#8243;]\n","protected":false},"excerpt":{"rendered":"<ul>\n<li><strong>Sopii usean kissan kotitalouksiin:<\/strong> Pahviset kissatalot on suunniteltu useiden kissojen kotitalouksia silm\u00e4ll\u00e4 pit\u00e4en, ja ne tarjoavat runsaasti tilaa useille kissael\u00e4imille leikkimiseen ja harmoniseen yhteiseloon. N\u00e4iss\u00e4 sis\u00e4kissataloissa on useita ikkunoita, jotka eiv\u00e4t ainoastaan tyydyt\u00e4 kissojen luontaista uteliaisuutta, vaan tarjoavat heille my\u00f6s erilaisia n\u00e4k\u00f6kulmia tutkiakseen ja nauttiakseen ymp\u00e4rist\u00f6st\u00e4\u00e4n.<\/li>\n<li><strong>Naarmuuntumaton ja kest\u00e4v\u00e4:<\/strong> Kissan talomme ja asuntomme on valmistettu kevyest\u00e4 huopamateriaalista, joka ei ole vain naarmuuntumaton, vaan my\u00f6s uskomattoman kest\u00e4v\u00e4. T\u00e4m\u00e4 materiaali tarjoaa kissoille t\u00e4ydellisen pinnan raapimaan ja hiomaan kynsi\u00e4\u00e4n vahingoittamatta rakennetta. Suunnittelu on my\u00f6s vedenpit\u00e4v\u00e4 ja likaa hylkiv\u00e4, joten se on helppo puhdistaa ja huoltaa, mik\u00e4 varmistaa, ett\u00e4 kissasi leikkim\u00f6kki pysyy huippukunnossa v\u00e4h\u00e4ll\u00e4 vaivalla.<\/li>\n<li><strong>Helppo koota:<\/strong>\u00a0Sis\u00e4kissatunnelit on suunniteltu vaivattomasti koottavaksi, joten voit asentaa ne nopeasti oman ja kissojesi mieltymysten mukaan. Pahvikissatalomme yksinkertainen kokoonpanoprosessi lupaa vaivattoman kokemuksen. Vaiheittaisen oppaan saamiseksi suosittelemme katsomaan toimitettua kokoonpanovideota, jotta voit helposti koota hauskan ja turvallisen tilan kissayst\u00e4villesi.<\/li>\n<li><strong>Hengitt\u00e4v\u00e4 muotoilu:<\/strong> Hengitt\u00e4v\u00e4 muotoilu lis\u00e4\u00e4 kissayst\u00e4vien mukavuutta. Ainutlaatuinen huopamateriaali yhdistettyn\u00e4 strategisesti sijoitettuihin ikkunoihin takaa optimaalisen ilmanvaihdon, jolloin raitis ilma p\u00e4\u00e4see kiert\u00e4m\u00e4\u00e4n vapaasti. T\u00e4m\u00e4 pahvista valmistettu kissanraapimistalo on harkiten suunniteltu tarjoamaan mukavan ja hyvin tuuletetun tilan, jossa kissasi voivat leikki\u00e4 ja rentoutua tuntematta olonsa suljetuksi tai tukkoiseksi. Muotoilu yll\u00e4pit\u00e4\u00e4 tehokkaasti viihtyis\u00e4\u00e4 ja hengitt\u00e4v\u00e4\u00e4 ymp\u00e4rist\u00f6\u00e4 pit\u00e4en ne viilein\u00e4 kes\u00e4ll\u00e4 ja l\u00e4mpimin\u00e4 talvikuukausina.<\/li>\n<li><strong>Tilava sisustus:<\/strong> Ihastuttava leikkialue, joka koostuu itse asiassa kolmesta toisiinsa yhdistetyst\u00e4 kissatalosta. Yhdess\u00e4 ne muodostavat suuren tilan, jonka mitat ovat 17 x 17 x 39 tuumaa, ja se on t\u00e4ydellinen useille kissoille vaeltaa, leikki\u00e4 ja tutkia. T\u00e4m\u00e4 laaja sisustus tarjoaa kissoillesi runsaasti tilaa venytell\u00e4, lev\u00e4t\u00e4 ja leikkim\u00e4\u00e4n. Jopa 35 paunaan yhdistetyn painokapasiteetin ansiosta t\u00e4m\u00e4 toisiinsa yhdistetty kissaluola varmistaa, ett\u00e4 suuremmatkin kissat voivat nauttia mukavasti tilavasta tilasta. Se on t\u00e4ydellinen paratiisi kissayst\u00e4villesi rentoutumiseen ja leikki\u00e4 luoden kodikkaan ja mukaansatempaavan ymp\u00e4rist\u00f6n, joka on sek\u00e4 toimiva ett\u00e4 houkutteleva.<\/li>\n<\/ul>","protected":false},"featured_media":4563,"comment_status":"open","ping_status":"closed","template":"","meta":[],"product_brand":[],"product_cat":[227],"product_tag":[],"class_list":{"0":"post-4576","1":"product","2":"type-product","3":"status-publish","4":"has-post-thumbnail","6":"product_cat-pet-supplies","8":"first","9":"outofstock","10":"shipping-taxable","11":"purchasable","12":"product-type-simple"},"_links":{"self":[{"href":"https:\/\/www.largepillow.com\/fi\/wp-json\/wp\/v2\/product\/4576","targetHints":{"allow":["GET"]}}],"collection":[{"href":"https:\/\/www.largepillow.com\/fi\/wp-json\/wp\/v2\/product"}],"about":[{"href":"https:\/\/www.largepillow.com\/fi\/wp-json\/wp\/v2\/types\/product"}],"replies":[{"embeddable":true,"href":"https:\/\/www.largepillow.com\/fi\/wp-json\/wp\/v2\/comments?post=4576"}],"wp:featuredmedia":[{"embeddable":true,"href":"https:\/\/www.largepillow.com\/fi\/wp-json\/wp\/v2\/media\/4563"}],"wp:attachment":[{"href":"https:\/\/www.largepillow.com\/fi\/wp-json\/wp\/v2\/media?parent=4576"}],"wp:term":[{"taxonomy":"product_brand","embeddable":true,"href":"https:\/\/www.largepillow.com\/fi\/wp-json\/wp\/v2\/product_brand?post=4576"},{"taxonomy":"product_cat","embeddable":true,"href":"https:\/\/www.largepillow.com\/fi\/wp-json\/wp\/v2\/product_cat?post=4576"},{"taxonomy":"product_tag","embeddable":true,"href":"https:\/\/www.largepillow.com\/fi\/wp-json\/wp\/v2\/product_tag?post=4576"}],"curies":[{"name":"wp","href":"https:\/\/api.w.org\/{rel}","templated":true}]}}