{"id":459,"date":"2022-09-16T02:19:51","date_gmt":"2022-09-16T02:19:51","guid":{"rendered":"https:\/\/www.largepillow.com\/product\/large-bolster-cushion"},"modified":"2025-11-05T02:15:31","modified_gmt":"2025-11-05T02:15:31","slug":"sangyn-pehmuste-2","status":"publish","type":"product","link":"https:\/\/www.largepillow.com\/fi\/product\/bed-bolster","title":{"rendered":"Bed Bolster"},"content":{"rendered":"<p>L\u00f6yd\u00e4 \u00e4\u00e4rimm\u00e4inen mukavuus Bed Bolsterilla: t\u00e4ydellinen monik\u00e4ytt\u00f6inen tyynysi<\/p>\n<p>Nykyp\u00e4iv\u00e4n nopeatempoisessa maailmassa rentoutuminen ja kodin mukavuus eiv\u00e4t ole koskaan olleet t\u00e4rke\u00e4mpi\u00e4. Olitpa kirjatoukka, y\u00f6ky\u00f6peli, joka ty\u00f6skentelee my\u00f6h\u00e4\u00e4n, tai joku, joka nauttii suosikkisarjoidesi ahmimisesta s\u00e4ngyss\u00e4, Bed Bolster on t\u00e4\u00e4ll\u00e4 muuttamaan kokemuksesi. T\u00e4m\u00e4 s\u00e4ngynp\u00e4\u00e4dyn tyyny innovatiivisella muotoilullaan ja monik\u00e4ytt\u00f6isell\u00e4 k\u00e4yt\u00f6ll\u00e4\u00e4n varmistaa, ett\u00e4 mukavuudesta ei koskaan tinki\u00e4. Sukellaanpa siihen, mik\u00e4 tekee Bed Bolsterista v\u00e4ltt\u00e4m\u00e4tt\u00f6m\u00e4n jokaisessa modernissa kodissa.<\/p>\n<p>\u00c4\u00e4rimm\u00e4ist\u00e4 mukavuutta kolmiomaisella muotoilulla<\/p>\n<p>\u00c4\u00e4rimm\u00e4ist\u00e4 mukavuuttasi ajatellen suunniteltu Bed Bolster ei ole mik\u00e4\u00e4n tavallinen tyyny. Sen ainutlaatuinen kolmion muotoinen muoto on erityisesti muotoiltu istumaan t\u00e4ydellisesti selk\u00e4\u00e4n ja vy\u00f6t\u00e4r\u00f6\u00f6n, tarjoten vertaansa vailla olevaa tukea ja v\u00e4hent\u00e4en tehokkaasti lanne- ja selk\u00e4painetta. T\u00e4m\u00e4 eritt\u00e4in suuri tyyny on suunniteltu kahdelle hengelle, joten se on ainoa kiilatyyny, jota tarvitset j\u00e4nnitteett\u00f6m\u00e4\u00e4n rentoutumiseen s\u00e4ngyll\u00e4si tai sohvallasi.<\/p>\n<p>Monipuolisuus parhaimmillaan: 3 in 1 iso tyyny<\/p>\n<p>Bed Bolster m\u00e4\u00e4rittelee monipuolisuuden uudelleen. K\u00e4yt\u00e4 sit\u00e4 pystyasennossa selk\u00e4nojan tukena s\u00e4ngynp\u00e4\u00e4dyn tyynyn\u00e4 istuessasi s\u00e4ngyss\u00e4, aseta se litte\u00e4ksi suurena kiilatyynyn\u00e4 selk\u00e4- tai kyljess\u00e4 nukkumiseen tai jopa jalkatyynyn\u00e4 nostaaksesi jalkojasi verenkierron parantamiseksi. Se on t\u00e4ydellinen valinta pariskunnille, jotka etsiv\u00e4t suurta s\u00e4ngynp\u00e4\u00e4dyn tyyny\u00e4, joka tarjoaa tukea ja mukavuutta molemmille henkil\u00f6ille samanaikaisesti.<\/p>\n<p>Monik\u00e4ytt\u00f6inen muotoilu jokaiseen tarpeeseen<\/p>\n<p>S\u00e4ngynp\u00e4\u00e4tyynyn lis\u00e4ksi Bed Bolster toimii puskurityynyn\u00e4 ja tyylikk\u00e4\u00e4n\u00e4 sohvan tai leposohvan selk\u00e4nojan tyynyn\u00e4. Sen monitoiminen muotoilu varmistaa, ett\u00e4 se sopii saumattomasti mihin tahansa makuuhuoneeseen tai olohuoneeseen ja lis\u00e4\u00e4 sek\u00e4 toimivuutta ett\u00e4 tyyli\u00e4.<\/p>\n<p>K\u00e4sity\u00f6, joka puhuu paljon<\/p>\n<p>Bed Bolster on ammattitaitoinen 100%-polyesterisamettityynyliinansa ansiosta \u2013 pehme\u00e4, tyylik\u00e4s ja miellytt\u00e4v\u00e4 koskettaa. T\u00e4ytetty tiheill\u00e4, laadukkailla polyesterikuiduilla, se lupaa kest\u00e4vyytt\u00e4 ja mukavuutta ilman painumista, jopa pitk\u00e4n k\u00e4yt\u00f6n j\u00e4lkeen. Lis\u00e4ksi k\u00e4tev\u00e4t sivutaskut tarjoavat k\u00e4tev\u00e4n paikan s\u00e4ilytt\u00e4\u00e4 kirjaasi tai puhelintasi, pit\u00e4en olennaiset tavarat k\u00e4den ulottuvilla.<\/p>\n<p>Vaivaton huolto<\/p>\n<p>Bed Bolsterin pit\u00e4minen puhtaana on niin helppoa kuin mahdollista. Yksinkertaisella vetoketjulla varustettu lukutyynyn p\u00e4\u00e4llinen on vaivattomasti irrotettava ja konepest\u00e4v\u00e4, mik\u00e4 varmistaa, ett\u00e4 tyynysi pysyy raikkaana ja kutsuvana koko ajan.<\/p>\n<p>R\u00e4\u00e4t\u00e4l\u00f6ity tilaan sopivaksi<\/p>\n<p>Koot vaihtelevat 45 cm - 200 cm ja varustettu jopa 7 painikkeella helppoa s\u00e4\u00e4t\u00e4mist\u00e4 ja tukea varten, joten Bed Bolster on suunniteltu sopimaan t\u00e4ydellisesti mihin tahansa tilaan. Valitse tarpeisiisi parhaiten sopiva koko ja nauti mukautetun mukavuuden ja tuen tunteesta.<\/p>\n<p>Mit\u00e4 asiakkaat sanovat<\/p>\n<p>Hy\u00f6dykekommenteista k\u00e4y selv\u00e4sti ilmi, ett\u00e4 asiakkaat ovat innoissaan ostoksestaan. Monet korostavat &quot;kolmiomainen tukityyny&quot; sen poikkeuksellisesta mukavuudesta ja tuesta, kun taas toiset ylist\u00e4v\u00e4t &quot;sametti\u00e4&quot; sen pehmeydest\u00e4 ja ylellisyydest\u00e4. V\u00e4ri &quot;kahvi&quot; n\u00e4ytt\u00e4\u00e4 olevan ostajien suosikki, ja se lis\u00e4\u00e4 ripauksen eleganssia mihin tahansa huoneeseen.<\/p>\n<p>K\u00e4\u00e4rimist\u00e4<\/p>\n<p>Bed Bolster on enemm\u00e4n kuin pelkk\u00e4 tyyny; se on pelin muuttaja, kun haluat parantaa rentoutumistasi ja mukavuuttasi kotona. Sen monitoiminen muotoilu, poikkeuksellinen ammattitaito ja helppo huolto tekev\u00e4t siit\u00e4 erottuvan tuotteen. Olipa kyseess\u00e4 lukeminen, ty\u00f6skentely tai vain rentoutuminen pitk\u00e4n p\u00e4iv\u00e4n j\u00e4lkeen, Bed Bolster lupaa olla t\u00e4ydellinen kumppanisi. \u00c4l\u00e4 vain ota sanaamme; kokeile sit\u00e4 ja koe \u00e4\u00e4rimm\u00e4inen mukavuus itse!<\/p>","protected":false},"excerpt":{"rendered":"<ul>\n<li><strong>\u00c4\u00e4rimm\u00e4ist\u00e4 mukavuutta:<\/strong> T\u00e4m\u00e4 s\u00e4ngynp\u00e4\u00e4dyn tyyny tarjoaa erinomaisen mukavuuden kolmionmuotoisen muotoilunsa ansiosta. S\u00e4ngyn tukityyny istuu mukavasti selk\u00e4\u00e4n ja vy\u00f6t\u00e4r\u00f6lle minimoiden lanne-\/selk\u00e4paineen. T\u00e4m\u00e4 kiilatyyny voi auttaa sinua pysym\u00e4\u00e4n j\u00e4nnittym\u00e4tt\u00f6m\u00e4n\u00e4 s\u00e4ngyss\u00e4 tai sohvalla, mik\u00e4 sopii ihanteellisesti y\u00f6ky\u00f6pelien, kirjatoukkien ty\u00f6skentelyyn ja television katseluun s\u00e4ngyss\u00e4. T\u00e4m\u00e4 eritt\u00e4in suuri tyyny on ainoa kiilatyyny, johon mahtuu kaksi henkil\u00f6\u00e4.<\/li>\n<li><strong>3 in 1 iso pehmustetyyny:<\/strong> Voit k\u00e4ytt\u00e4\u00e4 tyyny\u00e4 pystyasennossa selk\u00e4nojan tyynyn\u00e4 istuessasi s\u00e4ngyss\u00e4 tai asettaa sen s\u00e4ngylle tasaisesti k\u00e4ytt\u00e4\u00e4ksesi sit\u00e4 suurena kiilatyynyn\u00e4 nukkuessasi sel\u00e4ll\u00e4\u00e4n tai kyljell\u00e4si tai jalkatyynyn\u00e4 nostaaksesi jalkojasi. Jos haluat suuren s\u00e4ngynp\u00e4\u00e4dyn tyynyn, joka tukee sek\u00e4 sinua ett\u00e4 puolisoasi. Se on erinomainen vaihtoehto.<\/li>\n<li><strong>Monik\u00e4ytt\u00f6inen muotoilu:<\/strong> Jotkut k\u00e4ytt\u00e4v\u00e4t isoa kolmiotyyny\u00e4 s\u00e4ngynp\u00e4\u00e4dyn tyynyn\u00e4, kun taas toiset k\u00e4ytt\u00e4v\u00e4t sit\u00e4 puskurin tyynyn\u00e4, se voi olla my\u00f6s sohva tai leposohvan selk\u00e4nojan tyyny. Se on tyylik\u00e4s ja toimiva, joten se on erinomainen lis\u00e4 jokaiseen makuuhuoneeseen.<\/li>\n<li><strong>Ylivoimaista k\u00e4sity\u00f6taitoa:<\/strong> Tyynyliinamme on valmistettu 100% polyesterisametista, joka on pehme\u00e4, tyylik\u00e4s ja mukava koskettaa. Pehmuste on valmistettu tiheist\u00e4, korkealaatuisista polyesterikuiduista, jotka est\u00e4v\u00e4t painumisen jopa kuukausien k\u00e4yt\u00f6n j\u00e4lkeen. Lis\u00e4ksi siin\u00e4 on sivutaskut kirjan tai puhelimen s\u00e4ilytt\u00e4miseen.<\/li>\n<li><strong>Helppo puhdistaa:<\/strong> Lukutyynyn p\u00e4\u00e4llinen kiinnitet\u00e4\u00e4n tyynyyn napeilla ja on helppo irrottaa yksinkertaisella vetoketjulla. T\u00e4m\u00e4 tekee sen puhdistamisesta vaivatonta. Poista vain p\u00e4\u00e4llinen ja pese tyyny nopeasti koneella, jotta se n\u00e4ytt\u00e4\u00e4 uudelta.<\/li>\n<li><strong>Koko:<\/strong> 45 cm (L45 x L20 x K50 | 0 nappia), 60 cm (L60 x L20 x K50 | 0 nappia), 80 cm (P80 x L20 x K50 | 2 nappia), 100 cm (L100 x L20 x K50 | 3 nappia), 120 cm ( L120 x L20 x K50 | 4 nappia), 140cm (L140 x L20 x K50 | 4 nappia), 160cm (P160 x L20 x K50 | 5 nappia), 180cm (P180 x L20 x K50 | 6 nappia), 200 cm (P20) L20 x K50 | 7 painiketta).<\/li>\n<\/ul>","protected":false},"featured_media":442,"comment_status":"open","ping_status":"closed","template":"","meta":[],"product_brand":[],"product_cat":[15],"product_tag":[66,210,206,102,75,168,132,163,143,59,120,65],"class_list":{"0":"post-459","1":"product","2":"type-product","3":"status-publish","4":"has-post-thumbnail","6":"product_cat-large-wedge-pillow","7":"product_tag-back-support-pillow","8":"product_tag-bed-bolster","9":"product_tag-bumper-pillow","10":"product_tag-couch-pillow","11":"product_tag-daybed-pillow","12":"product_tag-headboard-pillow","13":"product_tag-large-bolster-pillow","14":"product_tag-leg-pillow","15":"product_tag-multifunctional-pillow","16":"product_tag-reading-pillow","17":"product_tag-velvet-pillow","18":"product_tag-wedge-pillow","20":"first","21":"instock","22":"shipping-taxable","23":"purchasable","24":"product-type-variable"},"_links":{"self":[{"href":"https:\/\/www.largepillow.com\/fi\/wp-json\/wp\/v2\/product\/459","targetHints":{"allow":["GET"]}}],"collection":[{"href":"https:\/\/www.largepillow.com\/fi\/wp-json\/wp\/v2\/product"}],"about":[{"href":"https:\/\/www.largepillow.com\/fi\/wp-json\/wp\/v2\/types\/product"}],"replies":[{"embeddable":true,"href":"https:\/\/www.largepillow.com\/fi\/wp-json\/wp\/v2\/comments?post=459"}],"wp:featuredmedia":[{"embeddable":true,"href":"https:\/\/www.largepillow.com\/fi\/wp-json\/wp\/v2\/media\/442"}],"wp:attachment":[{"href":"https:\/\/www.largepillow.com\/fi\/wp-json\/wp\/v2\/media?parent=459"}],"wp:term":[{"taxonomy":"product_brand","embeddable":true,"href":"https:\/\/www.largepillow.com\/fi\/wp-json\/wp\/v2\/product_brand?post=459"},{"taxonomy":"product_cat","embeddable":true,"href":"https:\/\/www.largepillow.com\/fi\/wp-json\/wp\/v2\/product_cat?post=459"},{"taxonomy":"product_tag","embeddable":true,"href":"https:\/\/www.largepillow.com\/fi\/wp-json\/wp\/v2\/product_tag?post=459"}],"curies":[{"name":"wp","href":"https:\/\/api.w.org\/{rel}","templated":true}]}}