{"id":4670,"date":"2024-11-05T04:13:37","date_gmt":"2024-11-05T04:13:37","guid":{"rendered":"https:\/\/www.largepillow.com\/product\/wood-log-ottoman-pouf-cushion-foam-removable-cover"},"modified":"2025-11-24T01:41:33","modified_gmt":"2025-11-24T01:41:33","slug":"puuhirsi-ottomaani-tyyny-vaahtomuovi-irrotettava-paallinen","status":"publish","type":"product","link":"https:\/\/www.largepillow.com\/fi\/product\/wood-log-ottoman-pouf-cushion-foam-removable-cover","title":{"rendered":"Puuhirsi ottomaanien pouf-tyyny \u2013 vaahto ja irrotettava p\u00e4\u00e4llinen"},"content":{"rendered":"[zc_getpagecontent mb=&#8221;mb_aplus&#8221; apid=&#8221;101&#8243;]\n","protected":false},"excerpt":{"rendered":"<ul>\n<li>Erottuva puutekstuurimuotoilu: T\u00e4ss\u00e4 innovatiivisessa puun ottomaanissa on luova runkokuvio, se huokuu tyyli\u00e4 ja lis\u00e4\u00e4 sek\u00e4 visuaalista ett\u00e4 toiminnallista draamaa tilaan. Sen eloisat v\u00e4rit ja monipuoliset k\u00e4ytt\u00f6tavat tekev\u00e4t siit\u00e4 erottuvan lis\u00e4yksen mihin tahansa huonekaluj\u00e4rjestelyyn, mik\u00e4 kohottaa yleist\u00e4 estetiikkaa.<\/li>\n<li>Monik\u00e4ytt\u00f6inen ja tyylik\u00e4s: T\u00e4m\u00e4 tyylik\u00e4s yhdistelm\u00e4jalkarahi, joka sopii t\u00e4ydellisesti erilaisiin tiloihin, kuten makuuhuoneen pesualtaan eteen, lis\u00e4istuimeksi tai jalkatukeksi, lis\u00e4\u00e4 ripauksen eleganssia mihin tahansa huoneeseen. K\u00e4yt\u00e4 sit\u00e4 sohvap\u00f6yt\u00e4n\u00e4 tarjottimella sisustukseen, joten se on monipuolinen koriste-esine.<\/li>\n<li>Mukavuus ja laatu: Pehme\u00e4ll\u00e4 samettip\u00e4\u00e4llyksell\u00e4 valmistettu ja tihe\u00e4ll\u00e4 vaahdolla t\u00e4ytetty geometrinen rahi tarjoaa mukavan ja tukevan istumakokemuksen. Sen ihoyst\u00e4v\u00e4lliset materiaalit ja tukeva rakenne tekev\u00e4t ottomaanista ihanteellisen sopivan mihin tahansa kodin sisustukseen.<\/li>\n<li>K\u00e4tev\u00e4 huolto: Suunniteltu sis\u00e4k\u00e4ytt\u00f6\u00f6n, t\u00e4m\u00e4 pouf ottomaanien pehmuste sis\u00e4lt\u00e4\u00e4 sile\u00e4n vetoketjun, joka helpottaa kannen poistamista puhdistusta varten. Kevyt ja helposti siirrett\u00e4v\u00e4 huoneesta toiseen, se varmistaa vaivattoman huollon, jotta tilasi n\u00e4ytt\u00e4\u00e4 raikkaalta ja siistilt\u00e4.<\/li>\n<li>Tehokas toimitus ja avaaminen: Turvallisen ja tehokkaan toimitusprosessin takaamiseksi ottomaanien jalkatukemme on tyhji\u00f6pakattu. Anna niiden avautua 24\u201348 tuntia saapumisen j\u00e4lkeen parhaan kokemuksen saamiseksi. N\u00e4in varmistat, ett\u00e4 geometrinen pussi on valmis lis\u00e4\u00e4m\u00e4\u00e4n tilaasi tyylill\u00e4 ja mukavuudella.<\/li>\n<\/ul>","protected":false},"featured_media":4659,"comment_status":"open","ping_status":"closed","template":"","meta":[],"product_brand":[],"product_cat":[228],"product_tag":[],"class_list":{"0":"post-4670","1":"product","2":"type-product","3":"status-publish","4":"has-post-thumbnail","6":"product_cat-cushions","8":"first","9":"instock","10":"shipping-taxable","11":"purchasable","12":"product-type-variable","13":"has-default-attributes"},"_links":{"self":[{"href":"https:\/\/www.largepillow.com\/fi\/wp-json\/wp\/v2\/product\/4670","targetHints":{"allow":["GET"]}}],"collection":[{"href":"https:\/\/www.largepillow.com\/fi\/wp-json\/wp\/v2\/product"}],"about":[{"href":"https:\/\/www.largepillow.com\/fi\/wp-json\/wp\/v2\/types\/product"}],"replies":[{"embeddable":true,"href":"https:\/\/www.largepillow.com\/fi\/wp-json\/wp\/v2\/comments?post=4670"}],"wp:featuredmedia":[{"embeddable":true,"href":"https:\/\/www.largepillow.com\/fi\/wp-json\/wp\/v2\/media\/4659"}],"wp:attachment":[{"href":"https:\/\/www.largepillow.com\/fi\/wp-json\/wp\/v2\/media?parent=4670"}],"wp:term":[{"taxonomy":"product_brand","embeddable":true,"href":"https:\/\/www.largepillow.com\/fi\/wp-json\/wp\/v2\/product_brand?post=4670"},{"taxonomy":"product_cat","embeddable":true,"href":"https:\/\/www.largepillow.com\/fi\/wp-json\/wp\/v2\/product_cat?post=4670"},{"taxonomy":"product_tag","embeddable":true,"href":"https:\/\/www.largepillow.com\/fi\/wp-json\/wp\/v2\/product_tag?post=4670"}],"curies":[{"name":"wp","href":"https:\/\/api.w.org\/{rel}","templated":true}]}}