{"id":4881,"date":"2024-11-21T04:01:01","date_gmt":"2024-11-21T04:01:01","guid":{"rendered":"https:\/\/www.largepillow.com\/product\/versatile-fold-out-couch-chair-bed-for-home-outdoor"},"modified":"2024-12-13T02:58:30","modified_gmt":"2024-12-13T02:58:30","slug":"monipuolinen-kokoontaitettava-sohvasanky-kotikayttoon-ulkona","status":"publish","type":"product","link":"https:\/\/www.largepillow.com\/fi\/product\/versatile-fold-out-couch-chair-bed-for-home-outdoor\/","title":{"rendered":"Monipuolinen taitettava sohva ja tuolis\u00e4nky kotiin\/ulkok\u00e4ytt\u00f6\u00f6n"},"content":{"rendered":"[zc_getpagecontent mb=&#8221;mb_aplus&#8221; apid=&#8221;107&#8243;]\n","protected":false},"excerpt":{"rendered":"<ul>\n<li>Laadukkaat materiaalit: Taitettava vuodesohvamme on valmistettu Oxford-kankaasta, joka on sek\u00e4 kest\u00e4v\u00e4 ett\u00e4 vedenpit\u00e4v\u00e4 ja helppo puhdistaa. Polyesterit\u00e4yteaine antaa sinun kokea uppoamisen tunteen, mik\u00e4 tarjoaa erinomaisen selk\u00e4tuen pitki\u00e4 aikoja istuessa tai makaamalla, mik\u00e4 takaa mukavan ja rentouttavan kokemuksen.<\/li>\n<li>Monipuolinen ja tilaa s\u00e4\u00e4st\u00e4v\u00e4 muotoilu: Taitettava sohvamme muuntuu vaivattomasti lattiasohvien, leposohvien ja vuodesohvien v\u00e4lill\u00e4, mik\u00e4 vastaa erilaisiin tarpeisiisi. Kevyt ja kokoontaitettava tuolis\u00e4nky mahdollistaa helpon siirt\u00e4misen, taittamisen, s\u00e4ilytyksen ja siirrett\u00e4vyyden. Se on ihanteellinen valinta pieniin asuntoihin, asuntoihin tai mihin tahansa asuintiloihin, joissa on rajoitetusti tilaa. Yhdist\u00e4m\u00e4ll\u00e4 sohvan ja patjan toiminnot yhdeksi osaksi voit maksimoida tilan mukavuudesta tinkim\u00e4tt\u00e4.<\/li>\n<li>S\u00e4\u00e4dett\u00e4v\u00e4 ja turvallinen selk\u00e4noja: S\u00e4\u00e4dett\u00e4v\u00e4 selk\u00e4noja mahdollistaa my\u00f6s helpon s\u00e4\u00e4d\u00f6n omien mieltymystesi mukaan. sen avulla voit liikkua eteenp\u00e4in tai taaksep\u00e4in tukeaksesi yl\u00e4selk\u00e4\u00e4 ja p\u00e4\u00e4t\u00e4si ja tarjoaa mukavan tuen, olitpa sitten makuulla lep\u00e4\u00e4m\u00e4ss\u00e4 tai istuessasi lukeaksesi. Edist\u00e4\u00e4 terveellist\u00e4 ryhti\u00e4 ja v\u00e4hent\u00e4\u00e4 ep\u00e4mukavuutta.<\/li>\n<li>Ensiluokkaiset materiaalit ja helppo asentaa: Vuodesohvan ulkop\u00e4\u00e4llinen on valmistettu Oxford-kankaasta, mik\u00e4 takaa mukavan kokemuksen pitk\u00e4ll\u00e4 aikav\u00e4lill\u00e4. Vetoketjullinen p\u00e4\u00e4llinen on helposti irrotettava ja pest\u00e4v\u00e4, mik\u00e4 yksinkertaistaa huoltoa ja yll\u00e4pitoa.<\/li>\n<li>Tyhji\u00f6puristuspakkaus: Tehokkaan kuljetuksen takaamiseksi lattiasohvamme on tyhji\u00f6pakattu ja saattaa aiheuttaa liev\u00e4\u00e4 muodonmuutosta avattaessa. Voit yritt\u00e4\u00e4 taputtaa sohvaa, jotta se saa muotonsa nopeasti takaisin. Voit olla varma, ett\u00e4 48\u201372 tunnin kuluessa pakkauksen purkamisesta vuodesohva saa takaisin alkuper\u00e4isen muotonsa ja tarjoaa parhaan k\u00e4ytt\u00f6kokemuksen.<\/li>\n<\/ul>","protected":false},"featured_media":4866,"comment_status":"open","ping_status":"closed","template":"","meta":[],"product_brand":[],"product_cat":[228],"product_tag":[],"class_list":{"0":"post-4881","1":"product","2":"type-product","3":"status-publish","4":"has-post-thumbnail","6":"product_cat-cushions","8":"first","9":"outofstock","10":"shipping-taxable","11":"purchasable","12":"product-type-simple"},"_links":{"self":[{"href":"https:\/\/www.largepillow.com\/fi\/wp-json\/wp\/v2\/product\/4881","targetHints":{"allow":["GET"]}}],"collection":[{"href":"https:\/\/www.largepillow.com\/fi\/wp-json\/wp\/v2\/product"}],"about":[{"href":"https:\/\/www.largepillow.com\/fi\/wp-json\/wp\/v2\/types\/product"}],"replies":[{"embeddable":true,"href":"https:\/\/www.largepillow.com\/fi\/wp-json\/wp\/v2\/comments?post=4881"}],"wp:featuredmedia":[{"embeddable":true,"href":"https:\/\/www.largepillow.com\/fi\/wp-json\/wp\/v2\/media\/4866"}],"wp:attachment":[{"href":"https:\/\/www.largepillow.com\/fi\/wp-json\/wp\/v2\/media?parent=4881"}],"wp:term":[{"taxonomy":"product_brand","embeddable":true,"href":"https:\/\/www.largepillow.com\/fi\/wp-json\/wp\/v2\/product_brand?post=4881"},{"taxonomy":"product_cat","embeddable":true,"href":"https:\/\/www.largepillow.com\/fi\/wp-json\/wp\/v2\/product_cat?post=4881"},{"taxonomy":"product_tag","embeddable":true,"href":"https:\/\/www.largepillow.com\/fi\/wp-json\/wp\/v2\/product_tag?post=4881"}],"curies":[{"name":"wp","href":"https:\/\/api.w.org\/{rel}","templated":true}]}}