{"id":4896,"date":"2024-11-21T04:08:35","date_gmt":"2024-11-21T04:08:35","guid":{"rendered":"https:\/\/www.largepillow.com\/product\/large-shell-shaped-cat-couch-modern-cat-bed"},"modified":"2025-02-02T16:24:37","modified_gmt":"2025-02-02T16:24:37","slug":"iso-kuoren-muotoinen-kissasohva-moderni-kissansanky","status":"publish","type":"product","link":"https:\/\/www.largepillow.com\/fi\/product\/large-shell-shaped-cat-couch-modern-cat-bed\/","title":{"rendered":"Suuri kuoren muotoinen kissan sohva \u2013 moderni kissans\u00e4nky"},"content":{"rendered":"[zc_getpagecontent mb=&#8221;mb_aplus&#8221; apid=&#8221;100&#8243;]\n","protected":false},"excerpt":{"rendered":"<ul>\n<li>Kuoresta inspiroitunut muotoilu: T\u00e4ss\u00e4 kissan s\u00e4ngyss\u00e4 on ainutlaatuinen kuoren inspiroima muotoilu, joka ei vain n\u00e4yt\u00e4 esteettisesti miellytt\u00e4v\u00e4lt\u00e4, vaan tarjoaa my\u00f6s viihtyis\u00e4n ja mukavan ymp\u00e4rist\u00f6n kissallesi.<\/li>\n<li>Avoin ja puolisuljettu: Avoimella rakenteella, joka mahdollistaa helpon p\u00e4\u00e4syn ja ulosp\u00e4\u00e4syn, kissanpeti tarjoaa my\u00f6s sivusuojat, jotka tarjoavat kissallesi tarvittavan yksityisyyden ja turvallisuuden. T\u00e4m\u00e4 yhdistelm\u00e4 tyydytt\u00e4\u00e4 kissojen yksityisen tilan tarpeet. omistajan vuorovaikutus ja tarkkailu.<\/li>\n<li>Tilava sisustus: 30 x 25 tuuman kokoinen ylisuuri kissans\u00e4nky tarjoaa runsaasti tilaa suurille kissoille tai kahdelle kissalle mukavasti lev\u00e4t\u00e4. T\u00e4m\u00e4 runsas koko varmistaa, ett\u00e4 jopa suurimmat kissael\u00e4imet voivat venytell\u00e4 ja rentoutua tuntematta ahtautta.<\/li>\n<li>Mukavat materiaalit: Kissan s\u00e4ngyn sis\u00e4puoli on vuorattu pehme\u00e4ll\u00e4 fleecell\u00e4, joka koskettaa hell\u00e4sti kissan turkkia, ja t\u00e4yte on valmistettu sienest\u00e4 mukavuuden ja kest\u00e4vyyden lis\u00e4\u00e4miseksi; Ulkopuoli on valmistettu hengitt\u00e4v\u00e4st\u00e4 oxford-materiaalista, ja pohjassa on liukumaton muotoilu turvallisuuden ja mukavuuden takaamiseksi k\u00e4yt\u00f6n aikana.<\/li>\n<li>Helppo puhdistaa ja huoltaa: Kissanpetiin irrotettava pehmuste tekee siivoamisesta helppoa, mik\u00e4 auttaa pit\u00e4m\u00e4\u00e4n s\u00e4ngyn hygieenisen\u00e4 ja raikkaana. T\u00e4m\u00e4 muotoilu yksinkertaistaa kissanpetiin huoltoa ja pident\u00e4\u00e4 sen k\u00e4ytt\u00f6ik\u00e4\u00e4.<\/li>\n<\/ul>","protected":false},"featured_media":4882,"comment_status":"open","ping_status":"closed","template":"","meta":[],"product_brand":[],"product_cat":[227],"product_tag":[],"class_list":{"0":"post-4896","1":"product","2":"type-product","3":"status-publish","4":"has-post-thumbnail","6":"product_cat-pet-supplies","8":"first","9":"instock","10":"shipping-taxable","11":"purchasable","12":"product-type-variable","13":"has-default-attributes"},"_links":{"self":[{"href":"https:\/\/www.largepillow.com\/fi\/wp-json\/wp\/v2\/product\/4896","targetHints":{"allow":["GET"]}}],"collection":[{"href":"https:\/\/www.largepillow.com\/fi\/wp-json\/wp\/v2\/product"}],"about":[{"href":"https:\/\/www.largepillow.com\/fi\/wp-json\/wp\/v2\/types\/product"}],"replies":[{"embeddable":true,"href":"https:\/\/www.largepillow.com\/fi\/wp-json\/wp\/v2\/comments?post=4896"}],"wp:featuredmedia":[{"embeddable":true,"href":"https:\/\/www.largepillow.com\/fi\/wp-json\/wp\/v2\/media\/4882"}],"wp:attachment":[{"href":"https:\/\/www.largepillow.com\/fi\/wp-json\/wp\/v2\/media?parent=4896"}],"wp:term":[{"taxonomy":"product_brand","embeddable":true,"href":"https:\/\/www.largepillow.com\/fi\/wp-json\/wp\/v2\/product_brand?post=4896"},{"taxonomy":"product_cat","embeddable":true,"href":"https:\/\/www.largepillow.com\/fi\/wp-json\/wp\/v2\/product_cat?post=4896"},{"taxonomy":"product_tag","embeddable":true,"href":"https:\/\/www.largepillow.com\/fi\/wp-json\/wp\/v2\/product_tag?post=4896"}],"curies":[{"name":"wp","href":"https:\/\/api.w.org\/{rel}","templated":true}]}}