{"id":512,"date":"2022-09-16T02:23:30","date_gmt":"2022-09-16T02:23:30","guid":{"rendered":"https:\/\/www.largepillow.com\/product\/large-bed-pillow"},"modified":"2025-11-05T02:15:31","modified_gmt":"2025-11-05T02:15:31","slug":"iso-sanky-kiilatyyny","status":"publish","type":"product","link":"https:\/\/www.largepillow.com\/fi\/product\/large-bed-wedge-pillow\/","title":{"rendered":"Suuri Bed Wedge -tyyny"},"content":{"rendered":"<p>\u00c4\u00e4rimm\u00e4inen mukavuusratkaisu: Suuri s\u00e4ngyn kiilatyynymme<\/p>\n<p>Nauti vertaansa vailla olevasta mukavuudesta vallankumouksellisella Large Bed Wedge -tyynyll\u00e4mme, joka on suunniteltu tarjoamaan \u00e4\u00e4rimm\u00e4ist\u00e4 tukea ja rentoutumista kaikkiin tarpeisiisi. Sen kolmion muotoinen muoto mukautuu t\u00e4ydellisesti selk\u00e4\u00e4si ja vy\u00f6t\u00e4r\u00f6\u00e4si vasten, lievitt\u00e4en lanne- ja selk\u00e4painetta ja varmistaen autuaat y\u00f6unet tai mukavan lukuhetken.<\/p>\n<p>Monipuolinen 3-in-1-tyyny takaa \u00e4\u00e4rimm\u00e4isen mukavuuden<\/p>\n<p>T\u00e4m\u00e4 monipuolinen tyyny tarjoaa loputtomasti mahdollisuuksia: k\u00e4yt\u00e4 sit\u00e4 pystyasennossa s\u00e4ngynp\u00e4\u00e4dyn tukena mukavaan s\u00e4ngyss\u00e4 istumiseen, aseta se vaakatasoon suurena kiilatyynyn\u00e4 kyljess\u00e4 tai sel\u00e4ss\u00e4 nukkumiseen tai nosta jalkojasi ergonomisella jalkatyynyll\u00e4mme. Olitpa innokas lukija, y\u00f6ky\u00f6peli tai vain nautit s\u00e4ngyss\u00e4 rentoutumisesta, t\u00e4m\u00e4 tyyny on t\u00e4ydellinen kumppani.<\/p>\n<p>Poikkeuksellista k\u00e4sity\u00f6t\u00e4 vertaansa vailla olevaan mukavuuteen<\/p>\n<p>Eritt\u00e4in pehme\u00e4 ja muhkea tyynyliinamme on valmistettu 100%-polyesterisametista, mik\u00e4 tarjoaa tyylikk\u00e4\u00e4n ja kutsuvan kosketuksen. Tihe\u00e4 polyesterikuitupehmuste varmistaa optimaalisen tuen ja est\u00e4\u00e4 painumisen, joten t\u00e4m\u00e4 tyyny on pitk\u00e4kestoinen sijoitus mukavuuteen. Lis\u00e4ksi k\u00e4tev\u00e4t sivutaskut pit\u00e4v\u00e4t kirjasi tai puhelimesi helposti ulottuvilla.<\/p>\n<p>Vaivaton huolto kest\u00e4v\u00e4\u00e4 raikkautta varten<\/p>\n<p>Tyynyn yll\u00e4pito ei voisi olla helpompaa. Irrotettavassa tyynyliinassa on yksinkertainen vetoketju ja nappikiinnitykset, joiden avulla voit pest\u00e4 sen vaivattomasti koneessa pit\u00e4en sen koskemattomana.<\/p>\n<p>Asiakkaiden suositukset puhuvat paljon<\/p>\n<p>\u201dT\u00e4m\u00e4 tyyny on pelin muuttaja! Se tarjoaa uskomatonta tukea alaselk\u00e4lleni ja tekee s\u00e4ngyss\u00e4 lukemisesta paljon nautinnollisempaa.&quot; \u2013 Tyytyv\u00e4inen asiakas<\/p>\n<p>\u201dRakastan, ett\u00e4 voin k\u00e4ytt\u00e4\u00e4 sit\u00e4 monella eri tavalla. Se sopii t\u00e4ydellisesti p\u00e4\u00e4tytyynyksi tai jalkahissiksi. Suosittelen l\u00e4mpim\u00e4sti!\u201d \u2013 Innostunut k\u00e4ytt\u00e4j\u00e4<\/p>\n<p>Saatavana laajassa valikoimassa kokoja tarpeisiisi<\/p>\n<p>Valitse laajasta kokovalikoimastamme l\u00f6yt\u00e4\u00e4ksesi s\u00e4nkyllesi tai sohvallesi t\u00e4ydellisen istuvuuden:<\/p>\n<p>* 45 cm (L45 x L20 x K50 | 0 nappia)<br \/>\n* 60 cm (L60 x L20 x K50 | 0 nappia)<br \/>\n* 80 cm (L80 x L20 x K50 | 2 nappia)<br \/>\n* 100 cm (P100 x L20 x K50 | 3 nappia)<br \/>\n* 120 cm (P120 x L20 x K50 | 4 nappia)<br \/>\n* 140 cm (P140 x L20 x K50 | 4 nappia)<br \/>\n* 160 cm (P160 x L20 x K50 | 5 nappia)<br \/>\n* 180 cm (P180 x L20 x K50 | 6 nappia)<br \/>\n* 200 cm (P200 x L20 x K50 | 7 nappia)<\/p>\n<p>Nosta mukavuutesi uudelle tasolle suuren s\u00e4ngyn kiilatyynyll\u00e4mme t\u00e4n\u00e4\u00e4n!<\/p>","protected":false},"excerpt":{"rendered":"<ul>\n<li><strong>\u00c4\u00e4rimm\u00e4ist\u00e4 mukavuutta:<\/strong> T\u00e4m\u00e4 s\u00e4ngynp\u00e4\u00e4dyn tyyny tarjoaa erinomaisen mukavuuden kolmionmuotoisen muotoilunsa ansiosta. S\u00e4ngyn tukityyny istuu mukavasti selk\u00e4\u00e4n ja vy\u00f6t\u00e4r\u00f6lle minimoiden lanne-\/selk\u00e4paineen. T\u00e4m\u00e4 kiilatyyny voi auttaa sinua pysym\u00e4\u00e4n j\u00e4nnittym\u00e4tt\u00f6m\u00e4n\u00e4 s\u00e4ngyss\u00e4 tai sohvalla, mik\u00e4 sopii ihanteellisesti y\u00f6ky\u00f6pelien, kirjatoukkien ty\u00f6skentelyyn ja television katseluun s\u00e4ngyss\u00e4. T\u00e4m\u00e4 eritt\u00e4in suuri tyyny on ainoa kiilatyyny, johon mahtuu kaksi henkil\u00f6\u00e4.<\/li>\n<li><strong>3 in 1 iso pehmustetyyny:<\/strong> Voit k\u00e4ytt\u00e4\u00e4 tyyny\u00e4 pystyasennossa selk\u00e4nojan tyynyn\u00e4 istuessasi s\u00e4ngyss\u00e4 tai asettaa sen s\u00e4ngylle tasaisesti k\u00e4ytt\u00e4\u00e4ksesi sit\u00e4 suurena kiilatyynyn\u00e4 nukkuessasi sel\u00e4ll\u00e4\u00e4n tai kyljell\u00e4si tai jalkatyynyn\u00e4 nostaaksesi jalkojasi. Jos haluat suuren s\u00e4ngynp\u00e4\u00e4dyn tyynyn, joka tukee sek\u00e4 sinua ett\u00e4 puolisoasi. Se on erinomainen vaihtoehto.<\/li>\n<li><strong>Monik\u00e4ytt\u00f6inen muotoilu:<\/strong> Jotkut k\u00e4ytt\u00e4v\u00e4t isoa kolmiotyyny\u00e4 s\u00e4ngynp\u00e4\u00e4dyn tyynyn\u00e4, kun taas toiset k\u00e4ytt\u00e4v\u00e4t sit\u00e4 puskurin tyynyn\u00e4, se voi olla my\u00f6s sohva tai leposohvan selk\u00e4nojan tyyny. Se on tyylik\u00e4s ja toimiva, joten se on erinomainen lis\u00e4 jokaiseen makuuhuoneeseen.<\/li>\n<li><strong>Ylivoimaista k\u00e4sity\u00f6taitoa:<\/strong> Tyynyliinamme on valmistettu 100% polyesterisametista, joka on pehme\u00e4, tyylik\u00e4s ja mukava koskettaa. Pehmuste on valmistettu tiheist\u00e4, korkealaatuisista polyesterikuiduista, jotka est\u00e4v\u00e4t painumisen jopa kuukausien k\u00e4yt\u00f6n j\u00e4lkeen. Lis\u00e4ksi siin\u00e4 on sivutaskut kirjan tai puhelimen s\u00e4ilytt\u00e4miseen.<\/li>\n<li><strong>Helppo puhdistaa:<\/strong> Lukutyynyn p\u00e4\u00e4llinen kiinnitet\u00e4\u00e4n tyynyyn napeilla ja on helppo irrottaa yksinkertaisella vetoketjulla. T\u00e4m\u00e4 tekee sen puhdistamisesta vaivatonta. Poista vain p\u00e4\u00e4llinen ja pese tyyny nopeasti koneella, jotta se n\u00e4ytt\u00e4\u00e4 uudelta.<\/li>\n<li><strong>Koko:<\/strong> 45 cm (L45 x L20 x K50 | 0 nappia), 60 cm (L60 x L20 x K50 | 0 nappia), 80 cm (P80 x L20 x K50 | 2 nappia), 100 cm (L100 x L20 x K50 | 3 nappia), 120 cm ( L120 x L20 x K50 | 4 nappia), 140cm (L140 x L20 x K50 | 4 nappia), 160cm (P160 x L20 x K50 | 5 nappia), 180cm (P180 x L20 x K50 | 6 nappia), 200 cm (P20) L20 x K50 | 7 painiketta).<\/li>\n<\/ul>","protected":false},"featured_media":498,"comment_status":"open","ping_status":"closed","template":"","meta":[],"product_brand":[],"product_cat":[15],"product_tag":[205,204,206,207,168,203,132,199,163,68],"class_list":{"0":"post-512","1":"product","2":"type-product","3":"status-publish","4":"has-post-thumbnail","6":"product_cat-large-wedge-pillow","7":"product_tag-back-support-headboard-pillow","8":"product_tag-bed-support-cushion","9":"product_tag-bumper-pillow","10":"product_tag-daybed-backrest-bolster-pillow","11":"product_tag-headboard-pillow","12":"product_tag-large-bed-wedge-pillow","13":"product_tag-large-bolster-pillow","14":"product_tag-large-wedge-pillow","15":"product_tag-leg-pillow","16":"product_tag-wedge-reading-pillow","18":"first","19":"instock","20":"shipping-taxable","21":"purchasable","22":"product-type-variable"},"_links":{"self":[{"href":"https:\/\/www.largepillow.com\/fi\/wp-json\/wp\/v2\/product\/512","targetHints":{"allow":["GET"]}}],"collection":[{"href":"https:\/\/www.largepillow.com\/fi\/wp-json\/wp\/v2\/product"}],"about":[{"href":"https:\/\/www.largepillow.com\/fi\/wp-json\/wp\/v2\/types\/product"}],"replies":[{"embeddable":true,"href":"https:\/\/www.largepillow.com\/fi\/wp-json\/wp\/v2\/comments?post=512"}],"wp:featuredmedia":[{"embeddable":true,"href":"https:\/\/www.largepillow.com\/fi\/wp-json\/wp\/v2\/media\/498"}],"wp:attachment":[{"href":"https:\/\/www.largepillow.com\/fi\/wp-json\/wp\/v2\/media?parent=512"}],"wp:term":[{"taxonomy":"product_brand","embeddable":true,"href":"https:\/\/www.largepillow.com\/fi\/wp-json\/wp\/v2\/product_brand?post=512"},{"taxonomy":"product_cat","embeddable":true,"href":"https:\/\/www.largepillow.com\/fi\/wp-json\/wp\/v2\/product_cat?post=512"},{"taxonomy":"product_tag","embeddable":true,"href":"https:\/\/www.largepillow.com\/fi\/wp-json\/wp\/v2\/product_tag?post=512"}],"curies":[{"name":"wp","href":"https:\/\/api.w.org\/{rel}","templated":true}]}}