{"id":538,"date":"2022-09-16T02:24:42","date_gmt":"2022-09-16T02:24:42","guid":{"rendered":"https:\/\/www.largepillow.com\/product\/large-bolster-pillow"},"modified":"2025-11-05T02:15:31","modified_gmt":"2025-11-05T02:15:31","slug":"iso-kiila-tyyny","status":"publish","type":"product","link":"https:\/\/www.largepillow.com\/fi\/product\/large-wedge-bolster-pillow","title":{"rendered":"Suuri Wedge Bolster -tyyny"},"content":{"rendered":"<p>Nauti mukavuudesta Ultimate Large Wedge Bolster -tyynyll\u00e4<\/p>\n<p>Etsitk\u00f6 s\u00e4ngynp\u00e4\u00e4dyn tyyny\u00e4, joka tarjoaa poikkeuksellista mukavuutta ja tukea? \u00c4l\u00e4 etsi kauempaa kuin Large Wedge Bolster Pillow. T\u00e4m\u00e4 monipuolinen tyyny tarjoaa joukon etuja, jotka tekev\u00e4t s\u00e4ngyss\u00e4 tai sohvalla viett\u00e4m\u00e4st\u00e4si ajasta todellista nautintoa.<\/p>\n<p>\u00c4\u00e4rimm\u00e4ist\u00e4 mukavuutta ja tukea<\/p>\n<p>Large Wedge Bolster Pillow -tyynyn kolmion muotoinen muotoilu sopii t\u00e4ydellisesti selk\u00e4si ja vy\u00f6t\u00e4r\u00f6n muotoihin minimoiden lanne- ja selk\u00e4painetta. Lukitpa sitten kirjaa, t\u00f6iss\u00e4 my\u00f6h\u00e4\u00e4n tai katsot televisiota, t\u00e4m\u00e4 tyyny pit\u00e4\u00e4 sinut j\u00e4nnittym\u00e4tt\u00f6m\u00e4n\u00e4 ja mukavana. Se on my\u00f6s riitt\u00e4v\u00e4n suuri kahdelle hengelle, joten se on t\u00e4ydellinen valinta pariskunnille.<\/p>\n<p>3-in-1 Monipuolisuus<\/p>\n<p>Large Wedge Bolster Pillow ei ole vain p\u00e4\u00e4tytyyny. Se on my\u00f6s monipuolinen lis\u00e4varuste, jota voidaan k\u00e4ytt\u00e4\u00e4 kiilatyynyn\u00e4 nukkumiseen, jalkatyynyn\u00e4 nousuun tai jopa puskurityynyn\u00e4 mukavuuden lis\u00e4\u00e4miseksi. Mahdollisuudet ovat rajattomat!<\/p>\n<p>Ylivoimaista k\u00e4sity\u00f6taitoa ja muotoilua<\/p>\n<p>Suuri kiilatyyny on valmistettu huolella yksityiskohtiin, ja se on valmistettu korkealaatuisista materiaaleista. Pehme\u00e4, tyylik\u00e4s samettip\u00e4\u00e4llinen on hell\u00e4varainen kosketukseen, kun taas tihe\u00e4 polyesterikuitut\u00e4yte tarjoaa poikkeuksellisen tuen, joka ei painu ajan my\u00f6t\u00e4. Lis\u00e4ksi sivutaskut tarjoavat k\u00e4tev\u00e4n s\u00e4ilytystilan kirjalle tai puhelimelle.<\/p>\n<p>Helppo huolto<\/p>\n<p>Large Wedge Bolster -tyynyn huoltaminen on helppoa. Tyynyliina on irrotettava napeilla ja siin\u00e4 on piilovetoketju, joka helpottaa puhdistamista. Poista vain kansi ja heit\u00e4 se pesukoneeseen nopeaa virkistyst\u00e4 varten.<\/p>\n<p>Asiakkaiden suosittelut<\/p>\n<p>\u201dT\u00e4m\u00e4 tyyny on pelin muuttaja! Minulla on aina ollut vaikeuksia l\u00f6yt\u00e4\u00e4 s\u00e4ngynp\u00e4\u00e4dyn tyyny\u00e4, joka tarjoaa oikean m\u00e4\u00e4r\u00e4n tukea, mutta t\u00e4m\u00e4 on t\u00e4ydellinen. Se on niin mukava ja se on todella auttanut parantamaan ryhti\u00e4ni. \u2013 Karen, tyytyv\u00e4inen asiakas<\/p>\n<p>\u201dRakastan t\u00e4m\u00e4n tyynyn monipuolisuutta. Se on loistava p\u00e4\u00e4tytyyny, mutta k\u00e4yt\u00e4n sit\u00e4 my\u00f6s kiilatyynyn\u00e4 nukkuessani ja jalkatyynyn\u00e4 rentoutuessani. Laatu on h\u00e4mm\u00e4stytt\u00e4v\u00e4\u00e4, ja se kest\u00e4\u00e4 hyvin kuukausien k\u00e4yt\u00f6n j\u00e4lkeen.&quot; \u2013 Sarah, toinen tyytyv\u00e4inen asiakas<\/p>\n<p>Johtop\u00e4\u00e4t\u00f6s<\/p>\n<p>Large Wedge Bolster Pillow on t\u00e4ydellinen valinta kaikille, jotka etsiv\u00e4t mukavaa, tukevaa ja monipuolista tyyny\u00e4. Ylivertaisen ammattitaitonsa, 3-in-1-toiminnallisuutensa ja helpon huollon ansiosta se on investointi, joka parantaa rentoutumisaikaasi tulevina vuosina. Tilaa omasi jo t\u00e4n\u00e4\u00e4n ja koe parasta mukavuutta ja tukea!<\/p>","protected":false},"excerpt":{"rendered":"<ul>\n<li><strong>\u00c4\u00e4rimm\u00e4ist\u00e4 mukavuutta:<\/strong> T\u00e4m\u00e4 s\u00e4ngynp\u00e4\u00e4dyn tyyny tarjoaa erinomaisen mukavuuden kolmionmuotoisen muotoilunsa ansiosta. S\u00e4ngyn tukityyny istuu mukavasti selk\u00e4\u00e4n ja vy\u00f6t\u00e4r\u00f6lle minimoiden lanne-\/selk\u00e4paineen. T\u00e4m\u00e4 kiilatyyny voi auttaa sinua pysym\u00e4\u00e4n j\u00e4nnittym\u00e4tt\u00f6m\u00e4n\u00e4 s\u00e4ngyss\u00e4 tai sohvalla, mik\u00e4 sopii ihanteellisesti y\u00f6ky\u00f6pelien, kirjatoukkien ty\u00f6skentelyyn ja television katseluun s\u00e4ngyss\u00e4. T\u00e4m\u00e4 eritt\u00e4in suuri tyyny on ainoa kiilatyyny, johon mahtuu kaksi henkil\u00f6\u00e4.<\/li>\n<li><strong>3 in 1 iso pehmustetyyny:<\/strong> Voit k\u00e4ytt\u00e4\u00e4 tyyny\u00e4 pystyasennossa selk\u00e4nojan tyynyn\u00e4 istuessasi s\u00e4ngyss\u00e4 tai asettaa sen s\u00e4ngylle tasaisesti k\u00e4ytt\u00e4\u00e4ksesi sit\u00e4 suurena kiilatyynyn\u00e4 nukkuessasi sel\u00e4ll\u00e4\u00e4n tai kyljell\u00e4si tai jalkatyynyn\u00e4 nostaaksesi jalkojasi. Jos haluat suuren s\u00e4ngynp\u00e4\u00e4dyn tyynyn, joka tukee sek\u00e4 sinua ett\u00e4 puolisoasi. Se on erinomainen vaihtoehto.<\/li>\n<li><strong>Monik\u00e4ytt\u00f6inen muotoilu:<\/strong> Jotkut k\u00e4ytt\u00e4v\u00e4t isoa kolmiotyyny\u00e4 s\u00e4ngynp\u00e4\u00e4dyn tyynyn\u00e4, kun taas toiset k\u00e4ytt\u00e4v\u00e4t sit\u00e4 puskurin tyynyn\u00e4, se voi olla my\u00f6s sohva tai leposohvan selk\u00e4nojan tyyny. Se on tyylik\u00e4s ja toimiva, joten se on erinomainen lis\u00e4 jokaiseen makuuhuoneeseen.<\/li>\n<li><strong>Ylivoimaista k\u00e4sity\u00f6taitoa:<\/strong> Tyynyliinamme on valmistettu 100% polyesterisametista, joka on pehme\u00e4, tyylik\u00e4s ja mukava koskettaa. Pehmuste on valmistettu tiheist\u00e4, korkealaatuisista polyesterikuiduista, jotka est\u00e4v\u00e4t painumisen jopa kuukausien k\u00e4yt\u00f6n j\u00e4lkeen. Lis\u00e4ksi siin\u00e4 on sivutaskut kirjan tai puhelimen s\u00e4ilytt\u00e4miseen.<\/li>\n<li><strong>Helppo puhdistaa:<\/strong> Lukutyynyn p\u00e4\u00e4llinen kiinnitet\u00e4\u00e4n tyynyyn napeilla ja on helppo irrottaa yksinkertaisella vetoketjulla. T\u00e4m\u00e4 tekee sen puhdistamisesta vaivatonta. Poista vain p\u00e4\u00e4llinen ja pese tyyny nopeasti koneella, jotta se n\u00e4ytt\u00e4\u00e4 uudelta.<\/li>\n<li><strong>Koko:<\/strong> 45 cm (L45 x L20 x K50 | 0 nappia), 60 cm (L60 x L20 x K50 | 0 nappia), 80 cm (P80 x L20 x K50 | 2 nappia), 100 cm (L100 x L20 x K50 | 3 nappia), 120 cm ( L120 x L20 x K50 | 4 nappia), 140cm (L140 x L20 x K50 | 4 nappia), 160cm (P160 x L20 x K50 | 5 nappia), 180cm (P180 x L20 x K50 | 6 nappia), 200 cm (P20) L20 x K50 | 7 painiketta).<\/li>\n<\/ul>","protected":false},"featured_media":522,"comment_status":"open","ping_status":"closed","template":"","meta":[],"product_brand":[],"product_cat":[15],"product_tag":[66,70,102,75,168,202,163,112,143,59],"class_list":{"0":"post-538","1":"product","2":"type-product","3":"status-publish","4":"has-post-thumbnail","6":"product_cat-large-wedge-pillow","7":"product_tag-back-support-pillow","8":"product_tag-bed-wedge-pillow","9":"product_tag-couch-pillow","10":"product_tag-daybed-pillow","11":"product_tag-headboard-pillow","12":"product_tag-large-wedge-bolster-pillow","13":"product_tag-leg-pillow","14":"product_tag-lumbar-support-pillow","15":"product_tag-multifunctional-pillow","16":"product_tag-reading-pillow","18":"first","19":"instock","20":"featured","21":"shipping-taxable","22":"purchasable","23":"product-type-variable"},"_links":{"self":[{"href":"https:\/\/www.largepillow.com\/fi\/wp-json\/wp\/v2\/product\/538","targetHints":{"allow":["GET"]}}],"collection":[{"href":"https:\/\/www.largepillow.com\/fi\/wp-json\/wp\/v2\/product"}],"about":[{"href":"https:\/\/www.largepillow.com\/fi\/wp-json\/wp\/v2\/types\/product"}],"replies":[{"embeddable":true,"href":"https:\/\/www.largepillow.com\/fi\/wp-json\/wp\/v2\/comments?post=538"}],"wp:featuredmedia":[{"embeddable":true,"href":"https:\/\/www.largepillow.com\/fi\/wp-json\/wp\/v2\/media\/522"}],"wp:attachment":[{"href":"https:\/\/www.largepillow.com\/fi\/wp-json\/wp\/v2\/media?parent=538"}],"wp:term":[{"taxonomy":"product_brand","embeddable":true,"href":"https:\/\/www.largepillow.com\/fi\/wp-json\/wp\/v2\/product_brand?post=538"},{"taxonomy":"product_cat","embeddable":true,"href":"https:\/\/www.largepillow.com\/fi\/wp-json\/wp\/v2\/product_cat?post=538"},{"taxonomy":"product_tag","embeddable":true,"href":"https:\/\/www.largepillow.com\/fi\/wp-json\/wp\/v2\/product_tag?post=538"}],"curies":[{"name":"wp","href":"https:\/\/api.w.org\/{rel}","templated":true}]}}