{"id":565,"date":"2022-09-16T02:43:46","date_gmt":"2022-09-16T02:43:46","guid":{"rendered":"https:\/\/www.largepillow.com\/product\/bed-wedge-bolster"},"modified":"2026-01-07T18:09:48","modified_gmt":"2026-01-07T18:09:48","slug":"paaty-tyyny","status":"publish","type":"product","link":"https:\/\/www.largepillow.com\/fi\/product\/headboard-pillow","title":{"rendered":"P\u00e4\u00e4tytyyny"},"content":{"rendered":"<p>\u00c4\u00e4rimm\u00e4ist\u00e4 mukavuutta ja monipuolisuutta: p\u00e4\u00e4tytyyny<\/p>\n<p>Valmistaudu lis\u00e4\u00e4m\u00e4\u00e4n mukavuuttasi ja tyyli\u00e4si ainutlaatuisella p\u00e4\u00e4tytyynyll\u00e4mme, joka on suunniteltu tarjoamaan sinulle vertaansa vailla olevaa tukea ja toimivuutta.<\/p>\n<p>\u00c4\u00e4rimm\u00e4ist\u00e4 mukavuutta jokaiseen tarpeeseen<\/p>\n<p>S\u00e4ngynp\u00e4\u00e4tytyynymme on suunniteltu huolella tarjoamaan \u00e4\u00e4rimm\u00e4ist\u00e4 mukavuutta, rentoudutko s\u00e4ngyss\u00e4, loikoit sohvalla tai nautit hyv\u00e4st\u00e4 kirjasta. Sen muhkeat pehmusteet muotoutuvat t\u00e4ydellisesti vartaloasi ja tarjoavat poikkeuksellista tukea p\u00e4\u00e4llesi, kaulallesi ja sel\u00e4llesi.<\/p>\n<p>Monipuoliset mallit moneen tarkoitukseen<\/p>\n<p>T\u00e4t\u00e4 monik\u00e4ytt\u00f6ist\u00e4 tyyny\u00e4 voidaan k\u00e4ytt\u00e4\u00e4 lukemattomilla tavoilla:<\/p>\n<p>* Selk\u00e4tuki Lukutyyny: Tue se taaksesi mukavaa lukemista tai television katselua varten.<br \/>\n* Pitk\u00e4 kiilatyyny: Luo mukava kaltevuus nukkumiseen tai jalkojen nostamiseen.<br \/>\n* Jalkatyyny: Tue jalkojasi ja v\u00e4henn\u00e4 painetta turvotuksen ja ep\u00e4mukavuuden lievitt\u00e4miseksi.<\/p>\n<p>Ensiluokkaiset materiaalit kest\u00e4vyyteen ja tyyliin<\/p>\n<p>Tyynyliinamme on valmistettu kest\u00e4v\u00e4st\u00e4 polyesteri- ja pellavasekoitteesta, ja siin\u00e4 on upeat ompeleet ja yhteenkudottu rakenne. Pehmusteen tihe\u00e4t polyesterikuidut takaavat vuosien k\u00e4yt\u00f6n ilman, ett\u00e4 ne painuvat tai menett\u00e4v\u00e4t muotoaan.<\/p>\n<p>Vaivaton puhdistus ja k\u00e4ytt\u00f6mukavuus<\/p>\n<p>P\u00e4\u00e4tytyynyn huoltaminen on helppoa. Tyynyliina on helppo irrottaa yksinkertaisella vetoketjulla ja heitt\u00e4\u00e4 pesukoneeseen. Siin\u00e4 on my\u00f6s k\u00e4tev\u00e4 sivutasku v\u00e4ltt\u00e4m\u00e4tt\u00f6mien tavaroiden s\u00e4ilytt\u00e4mist\u00e4 varten, jolloin ne ovat k\u00e4den ulottuvilla.<\/p>\n<p>Sopii t\u00e4ydellisesti mihin tahansa s\u00e4nkyyn<\/p>\n<p>Valitse useista eri kokoista, jotka t\u00e4ydent\u00e4v\u00e4t t\u00e4ydellisesti s\u00e4nky\u00e4si tai muita huonekaluja. Viihtyis\u00e4st\u00e4 45 cm:st\u00e4 runsaaseen 200 cm:iin, l\u00f6yd\u00e4t tarpeisiisi sopivan.<\/p>\n<p>Asiakkaiden suosittelut<\/p>\n<p>P\u00e4\u00e4tytyynymme on saanut ylist\u00e4vi\u00e4 arvioita tyytyv\u00e4isilt\u00e4 asiakkailta:<\/p>\n<p>* &quot;T\u00e4m\u00e4 tyyny on niin mukava ja tukeva. Se sopii t\u00e4ydellisesti s\u00e4ngyss\u00e4 lukemiseen tai television katseluun. Rakastan sit\u00e4, ett\u00e4 voin s\u00e4\u00e4t\u00e4\u00e4 sen useisiin asentoihin.&quot;<br \/>\n* \u201dKangas on pehme\u00e4\u00e4 ja kest\u00e4v\u00e4\u00e4, ja tikkaukset ovat huippuluokkaa. Olen pest\u00e4nyt sen useita kertoja, ja se n\u00e4ytt\u00e4\u00e4 edelleen uudelta.&quot;<br \/>\n* &quot;Sivutasku on nerokas lis\u00e4ys. On niin k\u00e4tev\u00e4\u00e4, ett\u00e4 minulla on paikka s\u00e4ilytt\u00e4\u00e4 kaukos\u00e4\u00e4dint\u00e4, kirjoja tai v\u00e4lipaloja.&quot;<\/p>\n<p>P\u00e4ivit\u00e4 mukavuuttasi ja tyyli\u00e4si t\u00e4n\u00e4\u00e4n p\u00e4\u00e4tytyynyll\u00e4. Se on t\u00e4ydellinen lis\u00e4 mihin tahansa makuuhuoneeseen tai olohuoneeseen, ja siit\u00e4 tulee varmasti suosikkipaikkasi rentoutua ja rentoutua.<\/p>","protected":false},"excerpt":{"rendered":"<ul>\n<li><strong>\u00c4\u00e4rimm\u00e4ist\u00e4 mukavuutta:<\/strong> P\u00e4\u00e4tytyynymme on suunniteltu tarjoamaan sinulle \u00e4\u00e4rimm\u00e4ist\u00e4 mukavuutta lukiessasi, katsoessasi televisiota tai nukkuessasi. Se on t\u00e4ydellinen s\u00e4nkyyn, sohvaan, leposohvaan ja muuhun!<\/li>\n<li><strong>Monik\u00e4ytt\u00f6inen muotoilu:<\/strong> Isoa tukityyny\u00e4mme voidaan k\u00e4ytt\u00e4\u00e4 monella tavalla \u2013 selk\u00e4nojana lukutyynyn\u00e4, pitk\u00e4n\u00e4 kiilatyynyn\u00e4 tai jalkatyynyn\u00e4 jalkojen kohottamiseksi. Se on tyylik\u00e4s ja toimiva, joten se on erinomainen lis\u00e4 jokaiseen makuuhuoneeseen.<\/li>\n<li><strong>Ensiluokkaiset materiaalit:<\/strong> Tyynyliinamme on valmistettu 100%-polyesterist\u00e4, jossa on yhteenkudottu rakenne ja upeat ompeleet, jotka ovat tukevia kaikkialla. Pehmuste on valmistettu tiheist\u00e4, korkealaatuisista polyesterikuiduista, jotka est\u00e4v\u00e4t painumisen jopa kuukausien k\u00e4yt\u00f6n j\u00e4lkeen.<\/li>\n<li><strong>Helppo puhdistaa:<\/strong> S\u00e4ngynp\u00e4\u00e4dyn tyynynp\u00e4\u00e4llinen kiinnitet\u00e4\u00e4n tyynyyn napeilla ja on helppo irrottaa yksinkertaisella vetoketjulla. Poista vain p\u00e4\u00e4llinen ja pese tyyny nopeasti koneella, jotta se n\u00e4ytt\u00e4\u00e4 uudelta.<\/li>\n<li><strong>T\u00e4ydellinen s\u00e4ilytystasku:<\/strong> S\u00e4ngynp\u00e4\u00e4tyynyss\u00e4mme on k\u00e4tev\u00e4 sivutasku, joka varmistaa, ett\u00e4 et koskaan unohda kaukos\u00e4\u00e4dint\u00e4si uudelleen.<\/li>\n<li><strong>Kangas:<\/strong>\u00a0Polyesteri ja pellava sekoitus.<\/li>\n<li><strong>Koko:<\/strong> 45 cm (L45 x L20 x K50 | 0 nappia), 60 cm (L60 x L20 x K50 | 0 nappia), 80 cm (P80 x L20 x K50 | 2 nappia), 100 cm (L100 x L20 x K50 | 3 nappia), 120 cm ( L120 x L20 x K50 | 4 nappia), 140cm (L140 x L20 x K50 | 4 nappia), 160cm (P160 x L20 x K50 | 5 nappia), 180cm (P180 x L20 x K50 | 6 nappia), 200 cm (P20) L20 x K50 | 7 painiketta).<\/li>\n<\/ul>","protected":false},"featured_media":548,"comment_status":"open","ping_status":"closed","template":"","meta":[],"product_brand":[],"product_cat":[15],"product_tag":[187,102,75,201,168,131,189,184,143,59,65],"class_list":{"0":"post-565","1":"product","2":"type-product","3":"status-publish","4":"has-post-thumbnail","6":"product_cat-large-wedge-pillow","7":"product_tag-back-support-reading-pillow","8":"product_tag-couch-pillow","9":"product_tag-daybed-pillow","10":"product_tag-grey-pillow","11":"product_tag-headboard-pillow","12":"product_tag-leg-support-pillow","13":"product_tag-linen-pillow","14":"product_tag-long-wedge-pillow","15":"product_tag-multifunctional-pillow","16":"product_tag-reading-pillow","17":"product_tag-wedge-pillow","19":"first","20":"instock","21":"shipping-taxable","22":"purchasable","23":"product-type-variable"},"_links":{"self":[{"href":"https:\/\/www.largepillow.com\/fi\/wp-json\/wp\/v2\/product\/565","targetHints":{"allow":["GET"]}}],"collection":[{"href":"https:\/\/www.largepillow.com\/fi\/wp-json\/wp\/v2\/product"}],"about":[{"href":"https:\/\/www.largepillow.com\/fi\/wp-json\/wp\/v2\/types\/product"}],"replies":[{"embeddable":true,"href":"https:\/\/www.largepillow.com\/fi\/wp-json\/wp\/v2\/comments?post=565"}],"wp:featuredmedia":[{"embeddable":true,"href":"https:\/\/www.largepillow.com\/fi\/wp-json\/wp\/v2\/media\/548"}],"wp:attachment":[{"href":"https:\/\/www.largepillow.com\/fi\/wp-json\/wp\/v2\/media?parent=565"}],"wp:term":[{"taxonomy":"product_brand","embeddable":true,"href":"https:\/\/www.largepillow.com\/fi\/wp-json\/wp\/v2\/product_brand?post=565"},{"taxonomy":"product_cat","embeddable":true,"href":"https:\/\/www.largepillow.com\/fi\/wp-json\/wp\/v2\/product_cat?post=565"},{"taxonomy":"product_tag","embeddable":true,"href":"https:\/\/www.largepillow.com\/fi\/wp-json\/wp\/v2\/product_tag?post=565"}],"curies":[{"name":"wp","href":"https:\/\/api.w.org\/{rel}","templated":true}]}}