{"id":5691,"date":"2025-01-09T03:00:25","date_gmt":"2025-01-09T03:00:25","guid":{"rendered":"https:\/\/www.largepillow.com\/product\/soft-small-teddy-bear-birthday-gift-cuddly-stuffed-animal-toy-pink"},"modified":"2025-10-16T01:37:17","modified_gmt":"2025-10-16T01:37:17","slug":"pehmea-pieni-nallekarhu-syntymapaivalahja-pehmopehmolelu-vaaleanpunainen","status":"publish","type":"product","link":"https:\/\/www.largepillow.com\/fi\/product\/soft-small-teddy-bear-birthday-gift-cuddly-stuffed-animal-toy-pink","title":{"rendered":"Pehme\u00e4 pieni nalle syntym\u00e4p\u00e4iv\u00e4lahja pehmoinen t\u00e4ytetyt el\u00e4inlelu vaaleanpunainen"},"content":{"rendered":"[zc_getpagecontent mb=&#8221;mb_aplus&#8221; apid=&#8221;15&#8243;]\n","protected":false},"excerpt":{"rendered":"<ul>\n<li>Nallemme ovat t\u00e4ysikokoisia ja riitt\u00e4v\u00e4n t\u00e4ytettyj\u00e4, joten voimme olla varmoja, ett\u00e4 saamasi tavara on sama kuin kuvat; Laadukas nallemme on ihanteellinen lahja l\u00e4heisillemme ja eritt\u00e4in suosittu lahjana esimerkiksi jouluna ja yst\u00e4v\u00e4np\u00e4iv\u00e4n\u00e4.<\/li>\n<li>J\u00e4ttil\u00e4inen nalle eritt\u00e4in pehme\u00e4st\u00e4 pehmomateriaalista, eritt\u00e4in p\u00f6rr\u00f6inen, tuntuu liukkaalta, joten se on eritt\u00e4in mukautuva halaukseen ja halaukseen.<\/li>\n<li>Valtava 25 cm (10&quot;) nalle on suunniteltu lapsiturvallisella vetoketjulla takana, mik\u00e4 tekee siit\u00e4 turvallisen ja helpon pest\u00e4v\u00e4n.<\/li>\n<li>T\u00e4m\u00e4 nalle on puristettu todellista kokoaan pienemp\u00e4\u00e4n pakkaukseen, ja se laajenee nopeasti, kun pakkauspussi poistetaan.<\/li>\n<li>T\u00e4ydellinen nalle halaukseen ja halaukseen. T\u00e4m\u00e4 suloinen nallekarhu voi seurata sinua lukiessasi kirjoja, katsoessasi televisiota ja pit\u00e4m\u00e4ll\u00e4 hauskaa. Se voi olla hyv\u00e4 seuralainen! Suloisesta pehmolelusta tulee nopeasti rakas kumppani niin nuorille kuin vanhoillekin.<\/li>\n<li>Nalle on niin vieh\u00e4tt\u00e4v\u00e4, ett\u00e4 se koristaa makuuhuoneen tai leikkihuoneen. Voit k\u00e4perty\u00e4 t\u00e4h\u00e4n nallekarhuun pehme\u00e4ksi tyynyksi. Lapset voivat leikki\u00e4 t\u00e4m\u00e4n nallekarhun kanssa, mik\u00e4 voi olla my\u00f6s eritt\u00e4in mielenkiintoista aikaa perheen viihteelle.<\/li>\n<li>Se on ihanteellinen valinta vauvoille, lapsille tai yst\u00e4ville. Se on paras lahja erityisin\u00e4 p\u00e4ivin\u00e4, kuten kiitosp\u00e4iv\u00e4n\u00e4, yst\u00e4v\u00e4np\u00e4iv\u00e4n\u00e4, jouluna, syntym\u00e4p\u00e4ivin\u00e4 tai muina vuosip\u00e4ivin\u00e4.<\/li>\n<li>T\u00e4m\u00e4 nalle tuntuu eritt\u00e4in pehme\u00e4lt\u00e4. Napin silm\u00e4t ovat eritt\u00e4in kiinte\u00e4t. Pehmo ja t\u00e4yte ovat kaikki korkealaatuisia.<\/li>\n<li>Pehmo ja pehmusteet ovat kaikki hyv\u00e4laatuisia. Kaikki karhut toimitetaan tiukan laadunvalvonnan j\u00e4lkeen. Pehmo on valtuutetun laaturakenteen tarkastama ja saa CE-sertifikaatin.<\/li>\n<\/ul>","protected":false},"featured_media":5674,"comment_status":"open","ping_status":"closed","template":"","meta":[],"product_brand":[],"product_cat":[235],"product_tag":[],"class_list":{"0":"post-5691","1":"product","2":"type-product","3":"status-publish","4":"has-post-thumbnail","6":"product_cat-plush-toys","8":"first","9":"outofstock","10":"shipping-taxable","11":"purchasable","12":"product-type-simple"},"_links":{"self":[{"href":"https:\/\/www.largepillow.com\/fi\/wp-json\/wp\/v2\/product\/5691","targetHints":{"allow":["GET"]}}],"collection":[{"href":"https:\/\/www.largepillow.com\/fi\/wp-json\/wp\/v2\/product"}],"about":[{"href":"https:\/\/www.largepillow.com\/fi\/wp-json\/wp\/v2\/types\/product"}],"replies":[{"embeddable":true,"href":"https:\/\/www.largepillow.com\/fi\/wp-json\/wp\/v2\/comments?post=5691"}],"wp:featuredmedia":[{"embeddable":true,"href":"https:\/\/www.largepillow.com\/fi\/wp-json\/wp\/v2\/media\/5674"}],"wp:attachment":[{"href":"https:\/\/www.largepillow.com\/fi\/wp-json\/wp\/v2\/media?parent=5691"}],"wp:term":[{"taxonomy":"product_brand","embeddable":true,"href":"https:\/\/www.largepillow.com\/fi\/wp-json\/wp\/v2\/product_brand?post=5691"},{"taxonomy":"product_cat","embeddable":true,"href":"https:\/\/www.largepillow.com\/fi\/wp-json\/wp\/v2\/product_cat?post=5691"},{"taxonomy":"product_tag","embeddable":true,"href":"https:\/\/www.largepillow.com\/fi\/wp-json\/wp\/v2\/product_tag?post=5691"}],"curies":[{"name":"wp","href":"https:\/\/api.w.org\/{rel}","templated":true}]}}