{"id":5959,"date":"2025-02-02T13:23:53","date_gmt":"2025-02-02T13:23:53","guid":{"rendered":"https:\/\/www.largepillow.com\/product\/side-sleeper-pillow-with-arm-hole-foam-wedge-for-neck-and-shoulder-pain"},"modified":"2025-11-23T05:21:48","modified_gmt":"2025-11-23T05:21:48","slug":"sivuun-tyyny-jossa-kasivarren-reikavaahtomuovikiila-niska-ja-hartiakipuihin","status":"publish","type":"product","link":"https:\/\/www.largepillow.com\/fi\/product\/side-sleeper-pillow-with-arm-hole-foam-wedge-for-neck-and-shoulder-pain","title":{"rendered":"Side Sleeper Tyyny k\u00e4sirei\u00e4ll\u00e4 ja vaahtomuovikiila niska- ja hartiakipuihin"},"content":{"rendered":"[zc_getpagecontent mb=&#8221;mb_aplus&#8221; apid=&#8221;116&#8243;]\n","protected":false},"excerpt":{"rendered":"<ul>\n<li>Edistyksellinen muotoilu: Uusi, olkakipujen hoitoon tarkoitettu verson-sivutyynymme koostuu kolmesta olennaisesta osasta: vaahtomuovikiilatyynyst\u00e4 vakaata tukea varten, pienest\u00e4 niskatuesta ja mukavasta H-muotoisesta vartalotyynyst\u00e4. T\u00e4m\u00e4 vallankumouksellinen muotoilu tarjoaa merkitt\u00e4vi\u00e4 toiminnallisia parannuksia perinteisiin U-muotoisiin vartalotyynyihin verrattuna, mik\u00e4 mahdollistaa vaivattoman sivujen vaihtamisen unen aikana.<\/li>\n<li>Parannettu toiminnallisuus: Toisin kuin perinteiset U-muotoiset sivuvuodetyynyt, jotka est\u00e4v\u00e4t liikkumista unen aikana, H-muotoinen vartalotyynymme ja erillinen niskatuki mahdollistavat helpon k\u00e4sivarsien liikkeen ja sivujen vaihtamisen. Kiilatyynyn optimoitu kaltevuus varmistaa hell\u00e4varaisen tuen, joka vastaa sivuraap\u00f6lkkyjen monipuolisiin tarpeisiin.<\/li>\n<li>K\u00e4sivarsien paineenpoisto: Ota k\u00e4ytt\u00f6\u00f6n vertaansa vailla oleva mukavuus vaahtomuovityynyn taitavasti suunnitellulla kaksoisvarren rei\u00e4ll\u00e4. T\u00e4m\u00e4 muotoilu v\u00e4hent\u00e4\u00e4 k\u00e4sivarsien painetta, edist\u00e4\u00e4 parempaa verenkiertoa ja varmistaa levolliset y\u00f6unet ilman riippuvien k\u00e4sien ep\u00e4mukavuutta.<\/li>\n<li>\u00c4\u00e4rimm\u00e4inen mukavuus: Pehme\u00e4st\u00e4 ja p\u00f6rr\u00f6isest\u00e4 polyesterikuidusta valmistettu H-muotoinen vartalotyyny ja niskatuki takaavat maksimaalisen mukavuuden nukkuessasi. Tyynyliinan hengitt\u00e4v\u00e4 kangas takaa levolliset y\u00f6unet. Ergonominen vaahtomuovityyny kohottaa yl\u00e4vartaloa ja lievitt\u00e4\u00e4 tehokkaasti selk\u00e4kipuja, hapon refluksointia ja n\u00e4r\u00e4styst\u00e4. T\u00e4m\u00e4 tyyny on t\u00e4ytetty tihe\u00e4ll\u00e4 vaahdolla pitk\u00e4kestoisen vakauden takaamiseksi, ja se tarjoaa tukevan tuen koko y\u00f6n ajan, mik\u00e4 auttaa sivuunnukkujia toipumaan nopeammin.<\/li>\n<li>Kattava tuki: Nauti koko kehon tuesta H-muotoisen ergonomisen tyynynpuoleisen nukkujan pitk\u00e4nomaisen yl\u00e4osan avulla, joka ulottuu p\u00e4\u00e4st\u00e4 jalkoihin. Olipa kyseess\u00e4 lantio, selk\u00e4, niska tai vatsa, jotka kaipaavat rentoutumista, t\u00e4m\u00e4 vartalotyyny tarjoaa r\u00e4\u00e4t\u00e4l\u00f6ity\u00e4 tukea. Vartalotyynyn keskell\u00e4 oleva liitosrakenne varmistaa, ett\u00e4 aikuisten sivuvuodetyynyt eiv\u00e4t kietoudu kehosi ymp\u00e4rille k\u00e4\u00e4nnett\u00e4ess\u00e4.<\/li>\n<\/ul>","protected":false},"featured_media":5945,"comment_status":"open","ping_status":"closed","template":"","meta":[],"product_brand":[],"product_cat":[228],"product_tag":[],"class_list":{"0":"post-5959","1":"product","2":"type-product","3":"status-publish","4":"has-post-thumbnail","6":"product_cat-cushions","8":"first","9":"instock","10":"shipping-taxable","11":"purchasable","12":"product-type-variable","13":"has-default-attributes"},"_links":{"self":[{"href":"https:\/\/www.largepillow.com\/fi\/wp-json\/wp\/v2\/product\/5959","targetHints":{"allow":["GET"]}}],"collection":[{"href":"https:\/\/www.largepillow.com\/fi\/wp-json\/wp\/v2\/product"}],"about":[{"href":"https:\/\/www.largepillow.com\/fi\/wp-json\/wp\/v2\/types\/product"}],"replies":[{"embeddable":true,"href":"https:\/\/www.largepillow.com\/fi\/wp-json\/wp\/v2\/comments?post=5959"}],"wp:featuredmedia":[{"embeddable":true,"href":"https:\/\/www.largepillow.com\/fi\/wp-json\/wp\/v2\/media\/5945"}],"wp:attachment":[{"href":"https:\/\/www.largepillow.com\/fi\/wp-json\/wp\/v2\/media?parent=5959"}],"wp:term":[{"taxonomy":"product_brand","embeddable":true,"href":"https:\/\/www.largepillow.com\/fi\/wp-json\/wp\/v2\/product_brand?post=5959"},{"taxonomy":"product_cat","embeddable":true,"href":"https:\/\/www.largepillow.com\/fi\/wp-json\/wp\/v2\/product_cat?post=5959"},{"taxonomy":"product_tag","embeddable":true,"href":"https:\/\/www.largepillow.com\/fi\/wp-json\/wp\/v2\/product_tag?post=5959"}],"curies":[{"name":"wp","href":"https:\/\/api.w.org\/{rel}","templated":true}]}}