{"id":614,"date":"2022-09-16T03:33:52","date_gmt":"2022-09-16T03:33:52","guid":{"rendered":"https:\/\/www.largepillow.com\/product\/bed-wedge-pillow-2"},"modified":"2026-04-11T08:10:25","modified_gmt":"2026-04-11T08:10:25","slug":"iso-selkatyyny-sankyyn","status":"publish","type":"product","link":"https:\/\/www.largepillow.com\/fi\/product\/large-back-pillow-for-bed","title":{"rendered":"Suuri selk\u00e4tyyny s\u00e4nkyyn"},"content":{"rendered":"<p>Koe \u00e4\u00e4rimm\u00e4ist\u00e4 mukavuutta korkealuokkaisella suurella s\u00e4nkymme selk\u00e4tyynyll\u00e4mme<\/p>\n<p>Nauti vertaansa vailla olevasta mukavuudesta ylellisell\u00e4 suurella selk\u00e4tyynyll\u00e4mme, joka on suunniteltu parantamaan nukkumaanmenokokemustasi. Olitpa tarinaan eksynyt kirjatoukka, elokuvien yst\u00e4v\u00e4 tai vain mukavaa selk\u00e4nojaa etsiv\u00e4, s\u00e4ngynp\u00e4\u00e4dyn tyynymme auttaa sinua.<\/p>\n<p>Monipuolinen ja monik\u00e4ytt\u00f6inen<\/p>\n<p>Pehmustetyynymme monipuolisuudella ei ole rajoja. K\u00e4yt\u00e4 sit\u00e4 tukevana selk\u00e4nojana lukemiseen, pitk\u00e4n\u00e4 kiilatyynyn\u00e4 lis\u00e4\u00e4m\u00e4\u00e4n mukavuutta tai jopa jalkatyynyn\u00e4 v\u00e4syneiden lihasten rauhoittamiseksi. Sen tyylik\u00e4s muotoilu tekee siit\u00e4 tervetulleeksi lis\u00e4yksen mihin tahansa makuuhuoneen sisustukseen.<\/p>\n<p>Ensiluokkaiset materiaalit, horjumaton tuki<\/p>\n<p>Valmistettu ensiluokkaisesta 100%-polyesteri- ja pellavasekoitteesta, tyynyliinassamme on yhteenkudottu rakenne ja upeat ompeleet, jotka huokuvat kest\u00e4vyytt\u00e4. Tihe\u00e4, korkealaatuinen polyesterikuitupehmuste varmistaa poikkeuksellisen tuen, est\u00e4en painumisen my\u00f6s pitk\u00e4aikaisen k\u00e4yt\u00f6n j\u00e4lkeen.<\/p>\n<p>Vaivaton huolto<\/p>\n<p>P\u00e4\u00e4tytyynymme koskemattoman kunnon yll\u00e4pit\u00e4minen on helppoa. Avaa tyynynp\u00e4\u00e4llinen helposti avattavalla vetoketjulla ja heit\u00e4 se pesukoneeseen vaivatonta puhdistusta varten. Se on niin yksinkertaista!<\/p>\n<p>K\u00e4tev\u00e4 s\u00e4ilytystasku<\/p>\n<p>\u00c4l\u00e4 en\u00e4\u00e4 koskaan menet\u00e4 kaukos\u00e4\u00e4dint\u00e4si! P\u00e4\u00e4tytyynyss\u00e4mme on n\u00e4pp\u00e4r\u00e4 sivutasku, joka tarjoaa turvallisen ja k\u00e4tev\u00e4n paikan v\u00e4ltt\u00e4m\u00e4tt\u00f6mien tavaroiden s\u00e4ilytt\u00e4miseen.<\/p>\n<p>Asiakkaiden suosittelut<\/p>\n<p>&quot;T\u00e4m\u00e4 tyyny on uskomattoman mukava! K\u00e4yt\u00e4n sit\u00e4 s\u00e4ngyss\u00e4 lukemiseen ja se on tehnyt y\u00f6rutiinistani paljon nautinnollisempaa.&quot; \u2013 Sarah J.<\/p>\n<p>\u201dRakastan t\u00e4m\u00e4n tyynyn monipuolisuutta. Se on t\u00e4ydellinen sek\u00e4 oleskeluun ett\u00e4 nukkumiseen. S\u00e4ilytystasku on loistava bonus!\u201d \u2013 Emily B.<\/p>\n<p>Saatavilla koot<\/p>\n<p>Suuri selk\u00e4tyynymme on saatavana eri kokoisina tarpeisiisi:<\/p>\n<p>* 45 cm (P45 x L20 x K50)<br \/>\n* 60 cm (L60 x L20 x K50)<br \/>\n* 80 cm (P80 x L20 x K50)<br \/>\n* 100 cm (P100 x L20 x K50)<br \/>\n* 120 cm (P120 x L20 x K50)<br \/>\n* 140 cm (P140 x L20 x K50)<br \/>\n* 160 cm (P160 x L20 x K50)<br \/>\n* 180 cm (P180 x L20 x K50)<br \/>\n* 200 cm (P200 x L20 x K50)<\/p>\n<p>P\u00e4ivit\u00e4 nukkumis- ja oleskelukokemustasi suurella selk\u00e4tyynyll\u00e4mme s\u00e4nkyyn jo t\u00e4n\u00e4\u00e4n. Tilaa nyt ja nauti \u00e4\u00e4rimm\u00e4isest\u00e4 mukavuudesta!<\/p>","protected":false},"excerpt":{"rendered":"<ul>\n<li><strong>\u00c4\u00e4rimm\u00e4ist\u00e4 mukavuutta:<\/strong> P\u00e4\u00e4tytyynymme on suunniteltu tarjoamaan sinulle \u00e4\u00e4rimm\u00e4ist\u00e4 mukavuutta lukiessasi, katsoessasi televisiota tai nukkuessasi. Se on t\u00e4ydellinen s\u00e4nkyyn, sohvaan, leposohvaan ja muuhun!<\/li>\n<li><strong>Monik\u00e4ytt\u00f6inen muotoilu:<\/strong> Isoa tukityyny\u00e4mme voidaan k\u00e4ytt\u00e4\u00e4 monella tavalla \u2013 selk\u00e4nojana lukutyynyn\u00e4, pitk\u00e4n\u00e4 kiilatyynyn\u00e4 tai jalkatyynyn\u00e4 jalkojen kohottamiseksi. Se on tyylik\u00e4s ja toimiva, joten se on erinomainen lis\u00e4 jokaiseen makuuhuoneeseen.<\/li>\n<li><strong>Ensiluokkaiset materiaalit:<\/strong> Tyynyliinamme on valmistettu 100%-polyesterist\u00e4, jossa on yhteenkudottu rakenne ja upeat ompeleet, jotka ovat tukevia kaikkialla. Pehmuste on valmistettu tiheist\u00e4, korkealaatuisista polyesterikuiduista, jotka est\u00e4v\u00e4t painumisen jopa kuukausien k\u00e4yt\u00f6n j\u00e4lkeen.<\/li>\n<li><strong>Helppo puhdistaa:<\/strong> S\u00e4ngynp\u00e4\u00e4dyn tyynynp\u00e4\u00e4llinen kiinnitet\u00e4\u00e4n tyynyyn napeilla ja on helppo irrottaa yksinkertaisella vetoketjulla. Poista vain p\u00e4\u00e4llinen ja pese tyyny nopeasti koneella, jotta se n\u00e4ytt\u00e4\u00e4 uudelta.<\/li>\n<li><strong>T\u00e4ydellinen s\u00e4ilytystasku:<\/strong> S\u00e4ngynp\u00e4\u00e4tyynyss\u00e4mme on k\u00e4tev\u00e4 sivutasku, joka varmistaa, ett\u00e4 et koskaan unohda kaukos\u00e4\u00e4dint\u00e4si uudelleen.<\/li>\n<li><strong>Kangas:<\/strong>\u00a0Polyesteri ja pellava sekoitus.<\/li>\n<li><strong>Koko:<\/strong> 45 cm (L45 x L20 x K50 | 0 nappia), 60 cm (L60 x L20 x K50 | 0 nappia), 80 cm (P80 x L20 x K50 | 2 nappia), 100 cm (L100 x L20 x K50 | 3 nappia), 120 cm ( L120 x L20 x K50 | 4 nappia), 140cm (L140 x L20 x K50 | 4 nappia), 160cm (P160 x L20 x K50 | 5 nappia), 180cm (P180 x L20 x K50 | 6 nappia), 200 cm (P20) L20 x K50 | 7 painiketta).<\/li>\n<\/ul>","protected":false},"featured_media":600,"comment_status":"open","ping_status":"closed","template":"","meta":[],"product_brand":[],"product_cat":[15],"product_tag":[187,75,168,197,189,184,143,59,71,198],"class_list":{"0":"post-614","1":"product","2":"type-product","3":"status-publish","4":"has-post-thumbnail","6":"product_cat-large-wedge-pillow","7":"product_tag-back-support-reading-pillow","8":"product_tag-daybed-pillow","9":"product_tag-headboard-pillow","10":"product_tag-large-back-pillow-for-bed","11":"product_tag-linen-pillow","12":"product_tag-long-wedge-pillow","13":"product_tag-multifunctional-pillow","14":"product_tag-reading-pillow","15":"product_tag-tv-pillow","16":"product_tag-white-pillow","18":"first","19":"instock","20":"featured","21":"shipping-taxable","22":"purchasable","23":"product-type-variable"},"_links":{"self":[{"href":"https:\/\/www.largepillow.com\/fi\/wp-json\/wp\/v2\/product\/614","targetHints":{"allow":["GET"]}}],"collection":[{"href":"https:\/\/www.largepillow.com\/fi\/wp-json\/wp\/v2\/product"}],"about":[{"href":"https:\/\/www.largepillow.com\/fi\/wp-json\/wp\/v2\/types\/product"}],"replies":[{"embeddable":true,"href":"https:\/\/www.largepillow.com\/fi\/wp-json\/wp\/v2\/comments?post=614"}],"wp:featuredmedia":[{"embeddable":true,"href":"https:\/\/www.largepillow.com\/fi\/wp-json\/wp\/v2\/media\/600"}],"wp:attachment":[{"href":"https:\/\/www.largepillow.com\/fi\/wp-json\/wp\/v2\/media?parent=614"}],"wp:term":[{"taxonomy":"product_brand","embeddable":true,"href":"https:\/\/www.largepillow.com\/fi\/wp-json\/wp\/v2\/product_brand?post=614"},{"taxonomy":"product_cat","embeddable":true,"href":"https:\/\/www.largepillow.com\/fi\/wp-json\/wp\/v2\/product_cat?post=614"},{"taxonomy":"product_tag","embeddable":true,"href":"https:\/\/www.largepillow.com\/fi\/wp-json\/wp\/v2\/product_tag?post=614"}],"curies":[{"name":"wp","href":"https:\/\/api.w.org\/{rel}","templated":true}]}}