{"id":640,"date":"2022-09-16T03:40:56","date_gmt":"2022-09-16T03:40:56","guid":{"rendered":"https:\/\/www.largepillow.com\/product\/leg-elevation-pillow-2"},"modified":"2025-11-24T12:37:09","modified_gmt":"2025-11-24T12:37:09","slug":"tyyny-sangynpaatylle","status":"publish","type":"product","link":"https:\/\/www.largepillow.com\/fi\/product\/cushion-for-headboard","title":{"rendered":"Tyyny p\u00e4\u00e4dylle"},"content":{"rendered":"<p>The Cushion For Headboard \u2013 parasta mukavuutta, jota olet etsinyt! T\u00e4m\u00e4 s\u00e4ngynp\u00e4\u00e4dyn tyyny on suunniteltu mukavuuttasi ajatellen, ja se on t\u00e4ydellinen lukemiseen, television katseluun tai vain nukkumiseen. Se on monik\u00e4ytt\u00f6inen, tyylik\u00e4s ja erinomainen lis\u00e4 jokaiseen makuuhuoneeseen.<\/p>\n<p>Isoa tukityyny\u00e4mme voidaan k\u00e4ytt\u00e4\u00e4 monella tavalla \u2013 selk\u00e4nojana lukutyynyn\u00e4, pitk\u00e4n\u00e4 kiilatyynyn\u00e4 tai jalkatyynyn\u00e4 jalkojen kohottamiseksi. Se on valmistettu tiheist\u00e4, korkealaatuisista polyesterikuiduista, jotka est\u00e4v\u00e4t painumisen jopa kuukausien k\u00e4yt\u00f6n j\u00e4lkeen. Tyynyliina on valmistettu 100%-polyesterist\u00e4, jossa on yhteenkudottu rakenne ja upeat ompeleet, jotka ovat tukevia ymp\u00e4riins\u00e4.<\/p>\n<p>Yksi t\u00e4m\u00e4n p\u00e4\u00e4tytyynyn parhaista ominaisuuksista on, ett\u00e4 se on helppo puhdistaa. Poista vain p\u00e4\u00e4llinen yksinkertaisella vetoketjulla ja pese tyynysi nopeasti, jotta se n\u00e4ytt\u00e4\u00e4 uudelta.<\/p>\n<p>Mutta siin\u00e4 ei viel\u00e4 kaikki \u2013 p\u00e4\u00e4tytyynyss\u00e4mme on my\u00f6s k\u00e4tev\u00e4 sivutasku, joka varmistaa, ett\u00e4 et koskaan hukkaa kaukos\u00e4\u00e4dint\u00e4si en\u00e4\u00e4 koskaan. Se on t\u00e4ydellinen s\u00e4ilytystasku kaikelle v\u00e4ltt\u00e4m\u00e4tt\u00f6m\u00e4lle.<\/p>\n<p>Tarjoamme t\u00e4m\u00e4n tyynyn eri kokoja, alkaen 45cm - 200cm. Voit valita s\u00e4nkyyn ja s\u00e4ngynp\u00e4\u00e4tyyn parhaiten sopivan koon. Tyyny on valmistettu polyesteri- ja pellavasekoituskankaasta, joka on mukava ja kest\u00e4v\u00e4 materiaali.<\/p>\n<p>\u00c4l\u00e4 vain ota sanaamme, t\u00e4ss\u00e4 on joitain kommentteja tyytyv\u00e4isilt\u00e4 asiakkailtamme:<\/p>\n<p>&quot;Rakastan ehdottomasti t\u00e4t\u00e4 tyyny\u00e4. Se on niin mukava ja tukeva. K\u00e4yt\u00e4n sit\u00e4 joka ilta lukeakseni ennen nukkumaanmenoa.&quot;<\/p>\n<p>\u201dKangas on laadukasta ja tyyny on kauniisti tehty. Rakastan sivutaskua, koska se on niin k\u00e4tev\u00e4.&quot;<\/p>\n<p>\u201dT\u00e4m\u00e4 tyyny on tehnyt s\u00e4nkyst\u00e4ni paljon mukavamman. Se on kuin olisi mukava pieni pes\u00e4, jossa rentoutua.\u201d<\/p>\n<p>Lopuksi, jos etsit mukavaa ja monik\u00e4ytt\u00f6ist\u00e4 s\u00e4ngynp\u00e4\u00e4tytyyny\u00e4, Cushion For Headboard -tyynymme on t\u00e4ydellinen valinta sinulle. Se on tyylik\u00e4s, toimiva ja helppo puhdistaa. Tilaa omasi jo t\u00e4n\u00e4\u00e4n ja koe parasta mukavuutta!<\/p>","protected":false},"excerpt":{"rendered":"<ul>\n<li><strong>\u00c4\u00e4rimm\u00e4ist\u00e4 mukavuutta:<\/strong> P\u00e4\u00e4tytyynymme on suunniteltu tarjoamaan sinulle \u00e4\u00e4rimm\u00e4ist\u00e4 mukavuutta lukiessasi, katsoessasi televisiota tai nukkuessasi. Se on t\u00e4ydellinen s\u00e4nkyyn, sohvaan, leposohvaan ja muuhun!<\/li>\n<li><strong>Monik\u00e4ytt\u00f6inen muotoilu:<\/strong> Isoa tukityyny\u00e4mme voidaan k\u00e4ytt\u00e4\u00e4 monella tavalla \u2013 selk\u00e4nojana lukutyynyn\u00e4, pitk\u00e4n\u00e4 kiilatyynyn\u00e4 tai jalkatyynyn\u00e4 jalkojen kohottamiseksi. Se on tyylik\u00e4s ja toimiva, joten se on erinomainen lis\u00e4 jokaiseen makuuhuoneeseen.<\/li>\n<li><strong>Ensiluokkaiset materiaalit:<\/strong> Tyynyliinamme on valmistettu 100%-polyesterist\u00e4, jossa on yhteenkudottu rakenne ja upeat ompeleet, jotka ovat tukevia kaikkialla. Pehmuste on valmistettu tiheist\u00e4, korkealaatuisista polyesterikuiduista, jotka est\u00e4v\u00e4t painumisen jopa kuukausien k\u00e4yt\u00f6n j\u00e4lkeen.<\/li>\n<li><strong>Helppo puhdistaa:<\/strong> S\u00e4ngynp\u00e4\u00e4dyn tyynynp\u00e4\u00e4llinen kiinnitet\u00e4\u00e4n tyynyyn napeilla ja on helppo irrottaa yksinkertaisella vetoketjulla. Poista vain p\u00e4\u00e4llinen ja pese tyyny nopeasti koneella, jotta se n\u00e4ytt\u00e4\u00e4 uudelta.<\/li>\n<li><strong>T\u00e4ydellinen s\u00e4ilytystasku:<\/strong> S\u00e4ngynp\u00e4\u00e4tyynyss\u00e4mme on k\u00e4tev\u00e4 sivutasku, joka varmistaa, ett\u00e4 et koskaan unohda kaukos\u00e4\u00e4dint\u00e4si uudelleen.<\/li>\n<li><strong>Kangas:<\/strong>\u00a0Polyesteri ja pellava sekoitus.<\/li>\n<li><strong>Koko:<\/strong> 45 cm (L45 x L20 x K50 | 0 nappia), 60 cm (L60 x L20 x K50 | 0 nappia), 80 cm (P80 x L20 x K50 | 2 nappia), 100 cm (L100 x L20 x K50 | 3 nappia), 120 cm ( L120 x L20 x K50 | 4 nappia), 140cm (L140 x L20 x K50 | 4 nappia), 160cm (P160 x L20 x K50 | 5 nappia), 180cm (P180 x L20 x K50 | 6 nappia), 200 cm (P20) L20 x K50 | 7 painiketta).<\/li>\n<\/ul>","protected":false},"featured_media":624,"comment_status":"open","ping_status":"closed","template":"","meta":[],"product_brand":[],"product_cat":[15],"product_tag":[66,187,195,196,192,189,184,143,59],"class_list":{"0":"post-640","1":"product","2":"type-product","3":"status-publish","4":"has-post-thumbnail","6":"product_cat-large-wedge-pillow","7":"product_tag-back-support-pillow","8":"product_tag-back-support-reading-pillow","9":"product_tag-brown-pillow","10":"product_tag-cushion-for-headboard","11":"product_tag-headboard-cushion","12":"product_tag-linen-pillow","13":"product_tag-long-wedge-pillow","14":"product_tag-multifunctional-pillow","15":"product_tag-reading-pillow","17":"first","18":"instock","19":"shipping-taxable","20":"purchasable","21":"product-type-variable"},"_links":{"self":[{"href":"https:\/\/www.largepillow.com\/fi\/wp-json\/wp\/v2\/product\/640","targetHints":{"allow":["GET"]}}],"collection":[{"href":"https:\/\/www.largepillow.com\/fi\/wp-json\/wp\/v2\/product"}],"about":[{"href":"https:\/\/www.largepillow.com\/fi\/wp-json\/wp\/v2\/types\/product"}],"replies":[{"embeddable":true,"href":"https:\/\/www.largepillow.com\/fi\/wp-json\/wp\/v2\/comments?post=640"}],"wp:featuredmedia":[{"embeddable":true,"href":"https:\/\/www.largepillow.com\/fi\/wp-json\/wp\/v2\/media\/624"}],"wp:attachment":[{"href":"https:\/\/www.largepillow.com\/fi\/wp-json\/wp\/v2\/media?parent=640"}],"wp:term":[{"taxonomy":"product_brand","embeddable":true,"href":"https:\/\/www.largepillow.com\/fi\/wp-json\/wp\/v2\/product_brand?post=640"},{"taxonomy":"product_cat","embeddable":true,"href":"https:\/\/www.largepillow.com\/fi\/wp-json\/wp\/v2\/product_cat?post=640"},{"taxonomy":"product_tag","embeddable":true,"href":"https:\/\/www.largepillow.com\/fi\/wp-json\/wp\/v2\/product_tag?post=640"}],"curies":[{"name":"wp","href":"https:\/\/api.w.org\/{rel}","templated":true}]}}