{"id":665,"date":"2022-09-16T03:51:40","date_gmt":"2022-09-16T03:51:40","guid":{"rendered":"https:\/\/www.largepillow.com\/product\/bed-wedge-cushion"},"modified":"2025-12-13T21:06:55","modified_gmt":"2025-12-13T21:06:55","slug":"sanky-paaty-tyyny","status":"publish","type":"product","link":"https:\/\/www.largepillow.com\/fi\/product\/bed-headboard-cushion","title":{"rendered":"S\u00e4ngyn p\u00e4\u00e4tytyyny"},"content":{"rendered":"<p>S\u00e4ngyn p\u00e4\u00e4tytyynymme \u2013 paras ratkaisu mukavuuteen. Lukitpa, katsot televisiota tai nukut, p\u00e4\u00e4tytyynymme on suunniteltu tarjoamaan optimaalista mukavuutta ja tukea p\u00e4\u00e4llesi, sel\u00e4llesi ja jaloillesi.<\/p>\n<p>Ensiluokkaisesta polyesterin ja pellavasekoituksesta valmistetussa tyynyliinassamme on yhteenkudottu rakenne ja upeat tikkaukset, jotka ovat tukevat ja kest\u00e4v\u00e4t. Pehmuste on valmistettu tiheist\u00e4, korkealaatuisista polyesterikuiduista, jotka est\u00e4v\u00e4t painumisen jopa kuukausien k\u00e4yt\u00f6n j\u00e4lkeen.<\/p>\n<p>Suuri tyynymme on monik\u00e4ytt\u00f6inen ja sit\u00e4 voidaan k\u00e4ytt\u00e4\u00e4 selk\u00e4nojana lukutyynyn\u00e4, pitk\u00e4n\u00e4 kiilatyynyn\u00e4 tai jalkatyynyn\u00e4 jalkojen kohottamiseksi. Se on tyylik\u00e4s ja toimiva, joten se on erinomainen lis\u00e4 jokaiseen makuuhuoneeseen.<\/p>\n<p>Yksi asiakkaidemme suosikkiominaisuuksista on helposti puhdistettava kansi. Kiinnitetty napeilla ja vetoketjulla, irrota vain p\u00e4\u00e4llinen ja suorita nopea konepesu, jotta tyyny n\u00e4ytt\u00e4\u00e4 uudelta.<\/p>\n<p>Mutta siin\u00e4 ei viel\u00e4 kaikki \u2013 p\u00e4\u00e4tytyynyss\u00e4mme on my\u00f6s k\u00e4tev\u00e4 sivutasku s\u00e4ilytyst\u00e4 varten. Et koskaan unohda kaukos\u00e4\u00e4dint\u00e4si en\u00e4\u00e4 koskaan!<\/p>\n<p>Tarjoamme useita eri kokoja, jotka sopivat mihin tahansa s\u00e4nkyyn \u2013 45 cm, 60 cm, 80 cm, 100 cm, 120 cm, 140 cm, 160 cm, 180 cm ja 200 cm, kaikissa eri lukum\u00e4\u00e4r\u00e4ll\u00e4 painikkeita, jotka sopivat t\u00e4ydellisesti s\u00e4ngynrunkoon.<\/p>\n<p>Yksi tyytyv\u00e4inen asiakas sanoi: &quot;Rakastan t\u00e4t\u00e4 s\u00e4ngynp\u00e4\u00e4dyn tyyny\u00e4. Puuvilla- ja pellavamateriaali on pehme\u00e4\u00e4 ja mukavaa. Sininen v\u00e4ri on kaunis ja sopii t\u00e4ydellisesti s\u00e4nkyyni. Lis\u00e4ksi sivutasku on niin k\u00e4tev\u00e4 puhelimelleni ja kaukos\u00e4\u00e4timelleni.&quot;<\/p>\n<p>Investoi mukavuutesi s\u00e4ngynp\u00e4\u00e4tytyynyll\u00e4mme. Tilaa nyt ja muuta s\u00e4nkysi viihtyis\u00e4ksi lomapaikaksi.<\/p>","protected":false},"excerpt":{"rendered":"<ul>\n<li><strong>\u00c4\u00e4rimm\u00e4ist\u00e4 mukavuutta:<\/strong> P\u00e4\u00e4tytyynymme on suunniteltu tarjoamaan sinulle \u00e4\u00e4rimm\u00e4ist\u00e4 mukavuutta lukiessasi, katsoessasi televisiota tai nukkuessasi. Se on t\u00e4ydellinen s\u00e4nkyyn, sohvaan, leposohvaan ja muuhun!<\/li>\n<li><strong>Monik\u00e4ytt\u00f6inen muotoilu:<\/strong> Isoa tukityyny\u00e4mme voidaan k\u00e4ytt\u00e4\u00e4 monella tavalla \u2013 selk\u00e4nojana lukutyynyn\u00e4, pitk\u00e4n\u00e4 kiilatyynyn\u00e4 tai jalkatyynyn\u00e4 jalkojen kohottamiseksi. Se on tyylik\u00e4s ja toimiva, joten se on erinomainen lis\u00e4 jokaiseen makuuhuoneeseen.<\/li>\n<li><strong>Ensiluokkaiset materiaalit:<\/strong> Tyynyliinamme on valmistettu 100%-polyesterist\u00e4, jossa on yhteenkudottu rakenne ja upeat ompeleet, jotka ovat tukevia kaikkialla. Pehmuste on valmistettu tiheist\u00e4, korkealaatuisista polyesterikuiduista, jotka est\u00e4v\u00e4t painumisen jopa kuukausien k\u00e4yt\u00f6n j\u00e4lkeen.<\/li>\n<li><strong>Helppo puhdistaa:<\/strong> S\u00e4ngynp\u00e4\u00e4dyn tyynynp\u00e4\u00e4llinen kiinnitet\u00e4\u00e4n tyynyyn napeilla ja on helppo irrottaa yksinkertaisella vetoketjulla. Poista vain p\u00e4\u00e4llinen ja pese tyyny nopeasti koneella, jotta se n\u00e4ytt\u00e4\u00e4 uudelta.<\/li>\n<li><strong>T\u00e4ydellinen s\u00e4ilytystasku:<\/strong> S\u00e4ngynp\u00e4\u00e4tyynyss\u00e4mme on k\u00e4tev\u00e4 sivutasku, joka varmistaa, ett\u00e4 et koskaan unohda kaukos\u00e4\u00e4dint\u00e4si uudelleen.<\/li>\n<li><strong>Kangas:<\/strong>\u00a0Polyesteri ja pellava sekoitus.<\/li>\n<li><strong>Koko:<\/strong> 45 cm (L45 x L20 x K50 | 0 nappia), 60 cm (L60 x L20 x K50 | 0 nappia), 80 cm (P80 x L20 x K50 | 2 nappia), 100 cm (L100 x L20 x K50 | 3 nappia), 120 cm ( L120 x L20 x K50 | 4 nappia), 140cm (L140 x L20 x K50 | 4 nappia), 160cm (P160 x L20 x K50 | 5 nappia), 180cm (P180 x L20 x K50 | 6 nappia), 200 cm (P20) L20 x K50 | 7 painiketta).<\/li>\n<\/ul>","protected":false},"featured_media":650,"comment_status":"open","ping_status":"closed","template":"","meta":[],"product_brand":[],"product_cat":[15],"product_tag":[193,194,75,192,191,189,143,59,71,167,68],"class_list":{"0":"post-665","1":"product","2":"type-product","3":"status-publish","4":"has-post-thumbnail","6":"product_cat-large-wedge-pillow","7":"product_tag-bed-headboard-cushion","8":"product_tag-blue-pillow","9":"product_tag-daybed-pillow","10":"product_tag-headboard-cushion","11":"product_tag-headboard-pillow-wedge","12":"product_tag-linen-pillow","13":"product_tag-multifunctional-pillow","14":"product_tag-reading-pillow","15":"product_tag-tv-pillow","16":"product_tag-wedge-bolster-pillow","17":"product_tag-wedge-reading-pillow","19":"first","20":"instock","21":"featured","22":"shipping-taxable","23":"purchasable","24":"product-type-variable"},"_links":{"self":[{"href":"https:\/\/www.largepillow.com\/fi\/wp-json\/wp\/v2\/product\/665","targetHints":{"allow":["GET"]}}],"collection":[{"href":"https:\/\/www.largepillow.com\/fi\/wp-json\/wp\/v2\/product"}],"about":[{"href":"https:\/\/www.largepillow.com\/fi\/wp-json\/wp\/v2\/types\/product"}],"replies":[{"embeddable":true,"href":"https:\/\/www.largepillow.com\/fi\/wp-json\/wp\/v2\/comments?post=665"}],"wp:featuredmedia":[{"embeddable":true,"href":"https:\/\/www.largepillow.com\/fi\/wp-json\/wp\/v2\/media\/650"}],"wp:attachment":[{"href":"https:\/\/www.largepillow.com\/fi\/wp-json\/wp\/v2\/media?parent=665"}],"wp:term":[{"taxonomy":"product_brand","embeddable":true,"href":"https:\/\/www.largepillow.com\/fi\/wp-json\/wp\/v2\/product_brand?post=665"},{"taxonomy":"product_cat","embeddable":true,"href":"https:\/\/www.largepillow.com\/fi\/wp-json\/wp\/v2\/product_cat?post=665"},{"taxonomy":"product_tag","embeddable":true,"href":"https:\/\/www.largepillow.com\/fi\/wp-json\/wp\/v2\/product_tag?post=665"}],"curies":[{"name":"wp","href":"https:\/\/api.w.org\/{rel}","templated":true}]}}