{"id":7541,"date":"2025-05-19T02:51:40","date_gmt":"2025-05-19T02:51:40","guid":{"rendered":"https:\/\/www.largepillow.com\/product\/cloud-shaped-dog-cat-bed-with-removable-cover-easy-clean"},"modified":"2025-05-19T04:14:09","modified_gmt":"2025-05-19T04:14:09","slug":"pilvenmuotoinen-koiranpeti-irrotettavalla-paallisella-helppo-puhdistaa","status":"publish","type":"product","link":"https:\/\/www.largepillow.com\/fi\/product\/cloud-shaped-dog-cat-bed-with-removable-cover-easy-clean\/","title":{"rendered":"Pilvenmuotoinen koiran- ja kissanpeti irrotettavalla p\u00e4\u00e4llisell\u00e4, helppo puhdistaa"},"content":{"rendered":"[zc_getpagecontent mb=&#8221;mb_aplus&#8221; apid=&#8221;127&#8243;]\n","protected":false},"excerpt":{"rendered":"<ul>\n<li>Elegantti pilvimuotoilu: T\u00e4ss\u00e4 keskikokoisessa koiranpediss\u00e4 on vieh\u00e4tt\u00e4v\u00e4 pilviaiheinen muotoilu, joka ei ainoastaan vangitse lemmikin luonnollisen lepopaikan taivaalla, vaan toimii my\u00f6s ihastuttavana sisustuselementtin\u00e4. Sen pehme\u00e4t, ep\u00e4s\u00e4\u00e4nn\u00f6lliset reunat j\u00e4ljittelev\u00e4t oikean pilven p\u00f6rr\u00f6ist\u00e4 ulkon\u00e4k\u00f6\u00e4 ja tarjoavat visuaalisesti miellytt\u00e4v\u00e4n ja kutsuvan lepopaikan lemmikillesi.<\/li>\n<li>Mukavuus ja tuki: Tihe\u00e4st\u00e4 ja tukevasta sienipohjasta valmistettu peti tarjoaa lemmikkisi keholle tukevan mutta mukavan tuen. Ymp\u00e4r\u00f6iv\u00e4 pehmuste on t\u00e4ytetty pehme\u00e4ll\u00e4 PP-puuvillalla, joka paitsi lis\u00e4\u00e4 yleist\u00e4 mukavuutta, my\u00f6s tarjoaa pehme\u00e4n pehmusteen reunoille varmistaen, ett\u00e4 lemmikkisi tuntee olonsa turvalliseksi ja mukavaksi.<\/li>\n<li>Kest\u00e4v\u00e4 ja liukumaton pohja: S\u00e4nky on valmistettu kest\u00e4v\u00e4st\u00e4, pehme\u00e4st\u00e4 valkoisesta kankaasta, joka on helppo irrottaa, pest\u00e4 ja huoltaa. Liukumaton pohja varmistaa, ett\u00e4 s\u00e4nky pysyy paikallaan my\u00f6s sileill\u00e4 lattioilla, mik\u00e4 v\u00e4hent\u00e4\u00e4 riski\u00e4, ett\u00e4 lemmikkisi ty\u00f6nt\u00e4\u00e4 sit\u00e4 ymp\u00e4riins\u00e4 tai ett\u00e4 se liukuu k\u00e4yt\u00f6n aikana.<\/li>\n<li>Runsaasti tilaa useille lemmikeille: T\u00e4m\u00e4 pilvenmuotoinen koiranpeti on suunniteltu reilun 80 \u00d7 40 senttimetrin sis\u00e4tilalla, ja se on riitt\u00e4v\u00e4n tilava yhdelle keskikokoiselle koiralle tai jopa kolmelle pienelle koiralle. Se on erinomainen valinta useiden lemmikkien omistajille, jotka haluavat tarjota jokaiselle mukavan ja jaetun lepopaikan.<\/li>\n<li>Monipuolinen ja tyylik\u00e4s: Sen esteettinen vetovoima ja k\u00e4yt\u00e4nn\u00f6llinen muotoilu tekev\u00e4t siit\u00e4 sopivan sijoitettavaksi mihin tahansa kodin huoneeseen, mukaan lukien olohuoneet, makuuhuoneet ja jopa aurinkoiset parvekkeet, tyylist\u00e4 tai mukavuudesta tinkim\u00e4tt\u00e4.<\/li>\n<\/ul>","protected":false},"featured_media":7532,"comment_status":"open","ping_status":"closed","template":"","meta":[],"product_brand":[],"product_cat":[227],"product_tag":[],"class_list":{"0":"post-7541","1":"product","2":"type-product","3":"status-publish","4":"has-post-thumbnail","6":"product_cat-pet-supplies","8":"first","9":"outofstock","10":"shipping-taxable","11":"purchasable","12":"product-type-simple"},"_links":{"self":[{"href":"https:\/\/www.largepillow.com\/fi\/wp-json\/wp\/v2\/product\/7541","targetHints":{"allow":["GET"]}}],"collection":[{"href":"https:\/\/www.largepillow.com\/fi\/wp-json\/wp\/v2\/product"}],"about":[{"href":"https:\/\/www.largepillow.com\/fi\/wp-json\/wp\/v2\/types\/product"}],"replies":[{"embeddable":true,"href":"https:\/\/www.largepillow.com\/fi\/wp-json\/wp\/v2\/comments?post=7541"}],"wp:featuredmedia":[{"embeddable":true,"href":"https:\/\/www.largepillow.com\/fi\/wp-json\/wp\/v2\/media\/7532"}],"wp:attachment":[{"href":"https:\/\/www.largepillow.com\/fi\/wp-json\/wp\/v2\/media?parent=7541"}],"wp:term":[{"taxonomy":"product_brand","embeddable":true,"href":"https:\/\/www.largepillow.com\/fi\/wp-json\/wp\/v2\/product_brand?post=7541"},{"taxonomy":"product_cat","embeddable":true,"href":"https:\/\/www.largepillow.com\/fi\/wp-json\/wp\/v2\/product_cat?post=7541"},{"taxonomy":"product_tag","embeddable":true,"href":"https:\/\/www.largepillow.com\/fi\/wp-json\/wp\/v2\/product_tag?post=7541"}],"curies":[{"name":"wp","href":"https:\/\/api.w.org\/{rel}","templated":true}]}}