{"id":7579,"date":"2025-05-19T04:00:06","date_gmt":"2025-05-19T04:00:06","guid":{"rendered":"https:\/\/www.largepillow.com\/product\/high-side-washable-calming-beds-for-dogs-cats"},"modified":"2026-02-05T21:14:43","modified_gmt":"2026-02-05T21:14:43","slug":"korkealla-reunalla-pestavat-rauhoittavat-koiran-ja-kissapedit","status":"publish","type":"product","link":"https:\/\/www.largepillow.com\/fi\/product\/high-side-washable-calming-beds-for-dogs-cats\/","title":{"rendered":"Korkealla puolella pest\u00e4v\u00e4t rauhoittavat pedit koirille ja kissoille"},"content":{"rendered":"[zc_getpagecontent mb=&#8221;mb_aplus&#8221; apid=&#8221;121&#8243;]\n","protected":false},"excerpt":{"rendered":"<ul>\n<li>Korkeat sivut takaavat turvallisuuden \u2013 Korkean reunuksen ansiosta t\u00e4m\u00e4 ahdistusta lievitt\u00e4v\u00e4 lemmikkis\u00e4nky luo viihtyis\u00e4n ja turvallisen tilan pienille koirille ja kissanpennuille. Korotetut sein\u00e4t tarjoavat mukavuuden tunteen, joka j\u00e4ljittelee l\u00e4mmint\u00e4 syleily\u00e4 ja auttaa lemmikkej\u00e4 tuntemaan olonsa turvalliseksi ja mukavaksi edist\u00e4en syvemp\u00e4\u00e4 ja levollisempaa unta.<\/li>\n<li>Syv\u00e4 uni ja rauhoittava vaikutus \u2013 T\u00e4m\u00e4 rauhoittava koiranpeti on suunniteltu edist\u00e4m\u00e4\u00e4n syv\u00e4\u00e4 ja keskeytym\u00e4t\u00f6nt\u00e4 unta, ja se sopii t\u00e4ydellisesti lemmikeille, jotka tarvitsevat rauhallisen lepopaikan. Pehme\u00e4t ja muhkeat materiaalit yhdistettyn\u00e4 korkeisiin reunoihin rauhoittavat ahdistuneita lemmikkej\u00e4, mik\u00e4 tekee siit\u00e4 ihanteellisen valinnan stressille tai hyperaktiivisuuteen taipuvaisille.<\/li>\n<li>Pest\u00e4v\u00e4 vaivattoman huollon takaamiseksi \u2013 Mukavassa s\u00e4ngyss\u00e4 on irrotettava ja pest\u00e4v\u00e4 p\u00e4\u00e4llinen, joka takaa helpon puhdistuksen ja hygieenisen ymp\u00e4rist\u00f6n karvaisille yst\u00e4villesi. Irrota vain p\u00e4\u00e4llinen ja heit\u00e4 se pesukoneeseen pit\u00e4\u00e4ksesi s\u00e4ngyn raikkaana ja vapaana liasta, hiuksista ja hajuista.<\/li>\n<li>T\u00e4ydellinen pienille koirille ja kissanpennuille \u2013 T\u00e4m\u00e4 peti on suunniteltu pienille koirille ja kissanpennuille, ja se tarjoaa juuri sopivasti tilaa k\u00e4perty\u00e4 ja rentoutua. Kompaktin kokonsa ansiosta se sopii monenlaisiin tiloihin, olipa kyseess\u00e4 sitten viihtyis\u00e4 nurkkaus makuuhuoneessa tai paikka olohuoneessa.<\/li>\n<li>Tukeva ja kest\u00e4v\u00e4 rakenne \u2013 T\u00e4m\u00e4 lemmikkiel\u00e4inten peti on valmistettu korkealaatuisista materiaaleista, kuten tukevasta sienipehmusteesta ja kest\u00e4vist\u00e4 samettisista sivuista. Liukumaton pohja pit\u00e4\u00e4 petins\u00e4 paikoillaan est\u00e4en sit\u00e4 liukumasta lemmikkisi liikkuessa, mik\u00e4 varmistaa pitk\u00e4aikaisen k\u00e4yt\u00f6n ja vakauden.<\/li>\n<li>Irrotettava pehmuste mukautuvaa mukavuutta varten \u2013 T\u00e4m\u00e4n lemmikkipedin korkea pehmuste on k\u00e4tev\u00e4sti irrotettava, joten voit s\u00e4\u00e4t\u00e4\u00e4 s\u00e4ngyn asentoa lemmikkisi mieltymysten mukaan. Pehmuste kiinnittyy tukevasti lemmikkialustaan. Irrotettuna lemmikkialustaa voidaan k\u00e4ytt\u00e4\u00e4 itsen\u00e4isesti, mik\u00e4 tarjoaa monipuolisen vaihtoehdon lemmikkisi erilaisiin tarpeisiin.<\/li>\n<\/ul>","protected":false},"featured_media":7572,"comment_status":"open","ping_status":"closed","template":"","meta":[],"product_brand":[],"product_cat":[227],"product_tag":[],"class_list":{"0":"post-7579","1":"product","2":"type-product","3":"status-publish","4":"has-post-thumbnail","6":"product_cat-pet-supplies","8":"first","9":"instock","10":"shipping-taxable","11":"purchasable","12":"product-type-simple"},"_links":{"self":[{"href":"https:\/\/www.largepillow.com\/fi\/wp-json\/wp\/v2\/product\/7579","targetHints":{"allow":["GET"]}}],"collection":[{"href":"https:\/\/www.largepillow.com\/fi\/wp-json\/wp\/v2\/product"}],"about":[{"href":"https:\/\/www.largepillow.com\/fi\/wp-json\/wp\/v2\/types\/product"}],"replies":[{"embeddable":true,"href":"https:\/\/www.largepillow.com\/fi\/wp-json\/wp\/v2\/comments?post=7579"}],"wp:featuredmedia":[{"embeddable":true,"href":"https:\/\/www.largepillow.com\/fi\/wp-json\/wp\/v2\/media\/7572"}],"wp:attachment":[{"href":"https:\/\/www.largepillow.com\/fi\/wp-json\/wp\/v2\/media?parent=7579"}],"wp:term":[{"taxonomy":"product_brand","embeddable":true,"href":"https:\/\/www.largepillow.com\/fi\/wp-json\/wp\/v2\/product_brand?post=7579"},{"taxonomy":"product_cat","embeddable":true,"href":"https:\/\/www.largepillow.com\/fi\/wp-json\/wp\/v2\/product_cat?post=7579"},{"taxonomy":"product_tag","embeddable":true,"href":"https:\/\/www.largepillow.com\/fi\/wp-json\/wp\/v2\/product_tag?post=7579"}],"curies":[{"name":"wp","href":"https:\/\/api.w.org\/{rel}","templated":true}]}}