{"id":759,"date":"2022-09-16T07:57:41","date_gmt":"2022-09-16T07:57:41","guid":{"rendered":"https:\/\/www.largepillow.com\/product\/wedge-pillow-for-acid-reflux_37_38"},"modified":"2026-02-07T07:41:51","modified_gmt":"2026-02-07T07:41:51","slug":"iso-paaty-tyyny","status":"publish","type":"product","link":"https:\/\/www.largepillow.com\/fi\/product\/large-headboard-cushion","title":{"rendered":"Suuri s\u00e4ngynp\u00e4\u00e4dyn tyyny"},"content":{"rendered":"<p>L\u00f6yd\u00e4 mukavuus suurella p\u00e4\u00e4tytyynyll\u00e4<\/p>\n<p>Jos pid\u00e4t lukemisesta tai television katselusta s\u00e4ngyss\u00e4, mutta sinulla on vaikeuksia saada mukavuutta, suuri s\u00e4ngynp\u00e4\u00e4tytyyny on t\u00e4ydellinen ratkaisu. T\u00e4m\u00e4 ylisuuri tyyny muuttaa s\u00e4nkysi rentouttavan keitaan. <\/p>\n<p>Kaareva muotonsa ja korotetun kaksirivisen selk\u00e4nojan ansiosta Large Headboard Cushion tukee sinua muhkealla tuella. 100% polyesterip\u00e4\u00e4llinen ja eritt\u00e4in joustava kuitut\u00e4yte tarjoavat pehmeytt\u00e4, joka kest\u00e4\u00e4. Kuten er\u00e4s asiakas sanoi: &quot;T\u00e4m\u00e4 tyyny on eritt\u00e4in mukava ja tukee hyvin selk\u00e4\u00e4 s\u00e4ngyss\u00e4 istuessaan.&quot;<\/p>\n<p>Riippumatta siit\u00e4, kuinka haluat rentoutua, suuri s\u00e4ngynp\u00e4\u00e4tytyyny suojaa sinua. K\u00e4yt\u00e4 sit\u00e4 pystyasennossa selk\u00e4nojana lukemiseen, nojaa sit\u00e4 vasten katsellaksesi elokuvia handsfree-tilassa tai aseta se jalkojen alle mukavuuden lis\u00e4\u00e4miseksi. Er\u00e4s arvioija kommentoi: &quot;Pid\u00e4n siit\u00e4, ett\u00e4 minulla on mahdollisuus k\u00e4ytt\u00e4\u00e4 sit\u00e4 niin monella eri tavalla.&quot;  <\/p>\n<p>T\u00e4ss\u00e4 monipuolisessa tyynyss\u00e4 on my\u00f6s sivutaskut kaukos\u00e4\u00e4timien, kirjojen ja laitteiden pit\u00e4miseen helposti ulottuvilla. Sit\u00e4 on saatavana eri kokoisina 100\u2013200 cm leve\u00e4n\u00e4, jotta se sopii mihin tahansa s\u00e4nkyyn. Irrotettava kansi tekee puhdistamisesta helppoa \u2013 avaa vain vetoketju ja pese koneessa.<\/p>\n<p>Suuren s\u00e4ngynp\u00e4\u00e4tytyynyn tarkoituksena on miellytt\u00e4\u00e4 ylivertaista mukavuutta ja ammattitaitoa. Kuten asiakas kehui: &quot;T\u00e4m\u00e4 tyyny tekee s\u00e4ngyss\u00e4 l\u00f6h\u00f6ilyst\u00e4 niin ylellisen kokemuksen!&quot;<\/p>\n<p>Paranna rentoutumistasi suuren p\u00e4\u00e4tytyynyn monik\u00e4ytt\u00f6isell\u00e4 mukavuudella. Tilaa omasi jo t\u00e4n\u00e4\u00e4n!<\/p>","protected":false},"excerpt":{"rendered":"<ul>\n<li><strong>\u00c4\u00e4rimm\u00e4ist\u00e4 mukavuutta:<\/strong> T\u00e4m\u00e4 xl kohotettu p\u00e4\u00e4tytyyny tarjoaa erinomaisen mukavuuden kaarevan muotoilunsa ansiosta. T\u00e4m\u00e4 s\u00e4ngynp\u00e4\u00e4dyn lukutyyny auttaa sinua pysym\u00e4\u00e4n j\u00e4nnittym\u00e4tt\u00f6m\u00e4n\u00e4 vuodesohva-sohvassa tai sohvalla, joka on ihanteellinen y\u00f6ky\u00f6pelien, kirjatoukkien ty\u00f6skentelyyn ja television katseluun s\u00e4ngyss\u00e4.<\/li>\n<li><strong>Korotettu selk\u00e4nojan muotoilu:<\/strong> Nauti vertaansa vailla olevasta mukavuudesta p\u00e4\u00e4tytyynymme ainutlaatuisen kaksirivisen kohotetun selk\u00e4nojan ansiosta. Korotettu selk\u00e4nojan p\u00e4\u00e4tytyyny tarjoaa erinomaisen tuen niskallesi ja sel\u00e4llesi, joten se on t\u00e4ydellinen paikka rentoutua ja lukea s\u00e4ngyss\u00e4.<\/li>\n<li><strong>Monik\u00e4ytt\u00f6inen tyyny:<\/strong> Kolmella eri k\u00e4ytt\u00f6tavalla tyynymme sopii t\u00e4ydellisesti kaikkiin tilanteisiin. Haluatpa k\u00e4ytt\u00e4\u00e4 sit\u00e4 pystysuorana selk\u00e4tyynyn\u00e4, kiilatyynyn\u00e4 tai jalkatyynyn\u00e4 korkeamman tuen saamiseksi, se on ihanteellinen lis\u00e4varuste mukavaan lepoon ja rentoutumiseen.<\/li>\n<li><strong>Ylivoimaista k\u00e4sity\u00f6taitoa:<\/strong> Valmistettu pellavan\u00e4k\u00f6isest\u00e4 kankaasta, jonka koostumus on 100% polyesteri, p\u00e4\u00e4tytyynymme on t\u00e4ytetty ymp\u00e4rist\u00f6yst\u00e4v\u00e4llisell\u00e4 ja eritt\u00e4in kimmoisalla polyesterikuitut\u00e4ytteell\u00e4. Irrotettava pehmustetyyny on helppo pest\u00e4 koneessa, kun taas pienet sivutaskut lis\u00e4\u00e4v\u00e4t k\u00e4yt\u00e4nn\u00f6llisyytt\u00e4 jo ennest\u00e4\u00e4n ylelliseen tuotteeseen.<\/li>\n<li><strong>Helppo pest\u00e4:<\/strong> S\u00e4ngynp\u00e4\u00e4dyn tyynynp\u00e4\u00e4llinen on kiinnitetty tyynyn sis\u00e4osaan napeilla ja se on helppo irrottaa yksinkertaisella vetoketjulla. T\u00e4m\u00e4 tekee sen puhdistamisesta vaivatonta. Poista vain p\u00e4\u00e4llinen ja pese tyyny nopeasti koneella, jotta se n\u00e4ytt\u00e4\u00e4 uudelta.<\/li>\n<li><strong>Koko:<\/strong> 100 cm (L100 x L26 x K55 | 3 sarakepainiketta), 120 cm (P120 x L26 x K55 | 4 sarakkeen painiketta), 140 cm (L140 x L26 x K55 | 4 sarakkeen painiketta), 160 cm (P160 x 5 | 5 x 5 painikkeet) ), 180 cm (L180 x L26 x K55 | 6 sarakepainiketta), 200 cm (P200 x L26 x K55 | 7 sarakkeen painiketta).<\/li>\n<\/ul>","protected":false},"featured_media":745,"comment_status":"open","ping_status":"closed","template":"","meta":[],"product_brand":[],"product_cat":[15],"product_tag":[66,164,161,171,143,59,162],"class_list":{"0":"post-759","1":"product","2":"type-product","3":"status-publish","4":"has-post-thumbnail","6":"product_cat-large-wedge-pillow","7":"product_tag-back-support-pillow","8":"product_tag-detachable-bolster-bed-cushion","9":"product_tag-elevated-headboard-pillow","10":"product_tag-large-headboard-cushion","11":"product_tag-multifunctional-pillow","12":"product_tag-reading-pillow","13":"product_tag-upright-back-pillow","15":"first","16":"instock","17":"featured","18":"shipping-taxable","19":"purchasable","20":"product-type-variable"},"_links":{"self":[{"href":"https:\/\/www.largepillow.com\/fi\/wp-json\/wp\/v2\/product\/759","targetHints":{"allow":["GET"]}}],"collection":[{"href":"https:\/\/www.largepillow.com\/fi\/wp-json\/wp\/v2\/product"}],"about":[{"href":"https:\/\/www.largepillow.com\/fi\/wp-json\/wp\/v2\/types\/product"}],"replies":[{"embeddable":true,"href":"https:\/\/www.largepillow.com\/fi\/wp-json\/wp\/v2\/comments?post=759"}],"wp:featuredmedia":[{"embeddable":true,"href":"https:\/\/www.largepillow.com\/fi\/wp-json\/wp\/v2\/media\/745"}],"wp:attachment":[{"href":"https:\/\/www.largepillow.com\/fi\/wp-json\/wp\/v2\/media?parent=759"}],"wp:term":[{"taxonomy":"product_brand","embeddable":true,"href":"https:\/\/www.largepillow.com\/fi\/wp-json\/wp\/v2\/product_brand?post=759"},{"taxonomy":"product_cat","embeddable":true,"href":"https:\/\/www.largepillow.com\/fi\/wp-json\/wp\/v2\/product_cat?post=759"},{"taxonomy":"product_tag","embeddable":true,"href":"https:\/\/www.largepillow.com\/fi\/wp-json\/wp\/v2\/product_tag?post=759"}],"curies":[{"name":"wp","href":"https:\/\/api.w.org\/{rel}","templated":true}]}}