{"id":7712,"date":"2025-05-23T03:28:33","date_gmt":"2025-05-23T03:28:33","guid":{"rendered":"https:\/\/www.largepillow.com\/product\/multi-purpose-fun-comfortable-bean-bag-chairs"},"modified":"2025-06-17T14:08:43","modified_gmt":"2025-06-17T14:08:43","slug":"monikayttoiset-hauskat-ja-mukavat-sakkituolit","status":"publish","type":"product","link":"https:\/\/www.largepillow.com\/fi\/product\/multi-purpose-fun-comfortable-bean-bag-chairs","title":{"rendered":"Monik\u00e4ytt\u00f6iset hauskat ja mukavat s\u00e4kkituolit"},"content":{"rendered":"[zc_getpagecontent mb=&#8221;mb_aplus&#8221; apid=&#8221;128&#8243;]\n","protected":false},"excerpt":{"rendered":"<ul>\n<li>P\u00e4ivit\u00e4 rentoutumisesi CozyBanana-s\u00e4kkituolilla, joka on suunniteltu \u00e4\u00e4rimm\u00e4ist\u00e4 mukavuutta ja k\u00e4tevyytt\u00e4 ajatellen. Ensiluokkaisella lyhyell\u00e4 pehmokankaalla, konepest\u00e4v\u00e4ll\u00e4 irrotettavalla p\u00e4\u00e4llisell\u00e4 ja tyylikk\u00e4\u00e4ll\u00e4 hamppuk\u00f6ysikoristeella varustettu banaaninmuotoinen tuoli yhdist\u00e4\u00e4 ylellisyyden ja k\u00e4yt\u00e4nn\u00f6llisyyden. Se sopii t\u00e4ydellisesti rentoutumiseen, pelaamiseen tai torkkumiseen ja sopii erinomaisesti moderneihin koteihin, asuntoloihin tai viihdetiloihin.<\/li>\n<li>Huippumukavuus: 61 cm istuinsyvyys ja puuvillat\u00e4yte mukautuvat vartalon mukaan koko p\u00e4iv\u00e4n kest\u00e4v\u00e4\u00e4 tukea varten.<\/li>\n<li>Konepest\u00e4v\u00e4 muotoilu: Puhdista irrotettava p\u00e4\u00e4llinen vaivattomasti kylm\u00e4ll\u00e4 vedell\u00e4 s\u00e4ilytt\u00e4\u00e4ksesi raikkauden.<\/li>\n<li>Ylelliset materiaalit: Ihoyst\u00e4v\u00e4llinen, hengitt\u00e4v\u00e4 lyhyt plyysi kest\u00e4v\u00e4ll\u00e4 hamppuk\u00f6ydell\u00e4.<\/li>\n<li>Monipuolinen tyyli: Art Deco -henkinen banaaninmuotoinen yksiv\u00e4rinen keltainen t\u00e4ydent\u00e4\u00e4 mit\u00e4 tahansa sisustusta.<\/li>\n<li>Helppo liikutella: Kevyt (7,2 kg) ja kahvat mahdollistavat saumattoman siirt\u00e4misen huoneesta toiseen.<\/li>\n<li>T\u00e4ydellinen pieniin tiloihin: Kompakti mutta tilava (130 cm S x 61 cm L) asuntoihin, asuntolaan tai lukunurkkauksiin.<\/li>\n<li>Kest\u00e4vyys taattu: Tuplaommelluilla saumoilla ja tiheill\u00e4 vaahtomuovihelmill\u00e4 on hyv\u00e4t otepinnat.<\/li>\n<li>Monik\u00e4ytt\u00f6inen: Ihanteellinen elokuvailtoihin, pelisessioihin tai tyylikk\u00e4\u00e4ksi lattiasohvaksi.<\/li>\n<\/ul>","protected":false},"featured_media":7703,"comment_status":"open","ping_status":"closed","template":"","meta":[],"product_brand":[],"product_cat":[228],"product_tag":[],"class_list":{"0":"post-7712","1":"product","2":"type-product","3":"status-publish","4":"has-post-thumbnail","6":"product_cat-cushions","8":"first","9":"instock","10":"sold-individually","11":"shipping-taxable","12":"purchasable","13":"product-type-simple"},"_links":{"self":[{"href":"https:\/\/www.largepillow.com\/fi\/wp-json\/wp\/v2\/product\/7712","targetHints":{"allow":["GET"]}}],"collection":[{"href":"https:\/\/www.largepillow.com\/fi\/wp-json\/wp\/v2\/product"}],"about":[{"href":"https:\/\/www.largepillow.com\/fi\/wp-json\/wp\/v2\/types\/product"}],"replies":[{"embeddable":true,"href":"https:\/\/www.largepillow.com\/fi\/wp-json\/wp\/v2\/comments?post=7712"}],"wp:featuredmedia":[{"embeddable":true,"href":"https:\/\/www.largepillow.com\/fi\/wp-json\/wp\/v2\/media\/7703"}],"wp:attachment":[{"href":"https:\/\/www.largepillow.com\/fi\/wp-json\/wp\/v2\/media?parent=7712"}],"wp:term":[{"taxonomy":"product_brand","embeddable":true,"href":"https:\/\/www.largepillow.com\/fi\/wp-json\/wp\/v2\/product_brand?post=7712"},{"taxonomy":"product_cat","embeddable":true,"href":"https:\/\/www.largepillow.com\/fi\/wp-json\/wp\/v2\/product_cat?post=7712"},{"taxonomy":"product_tag","embeddable":true,"href":"https:\/\/www.largepillow.com\/fi\/wp-json\/wp\/v2\/product_tag?post=7712"}],"curies":[{"name":"wp","href":"https:\/\/api.w.org\/{rel}","templated":true}]}}