{"id":7724,"date":"2025-05-23T03:43:35","date_gmt":"2025-05-23T03:43:35","guid":{"rendered":"https:\/\/www.largepillow.com\/product\/calming-dog-bed-with-removable-cushion-indoor-round-kennel"},"modified":"2025-05-28T01:44:41","modified_gmt":"2025-05-28T01:44:41","slug":"rauhoittava-koiranpeti-irrotettavalla-tyynylla-sisakayttoon-tarkoitettu-pyorea-koiranpenkki","status":"publish","type":"product","link":"https:\/\/www.largepillow.com\/fi\/product\/calming-dog-bed-with-removable-cushion-indoor-round-kennel\/","title":{"rendered":"Rauhoittava koiranpeti irrotettavalla tyynyll\u00e4, py\u00f6re\u00e4 koiranpenkki sis\u00e4k\u00e4ytt\u00f6\u00f6n"},"content":{"rendered":"[zc_getpagecontent mb=&#8221;mb_aplus&#8221; apid=&#8221;120&#8243;]\n","protected":false},"excerpt":{"rendered":"<ul>\n<li>Ainutlaatuinen halausmuotoilu \u2013 T\u00e4m\u00e4 halauksesta inspiroitunut py\u00f6re\u00e4 koiranpeti on py\u00f6re\u00e4n muotoinen ja siin\u00e4 on korkeat reunat, jotka saavat koiran tuntemaan kuin omistaja pit\u00e4isi sit\u00e4 syliss\u00e4 koko ajan ja tarjoavat t\u00e4ydellisen turvallisuuden tunteen.<\/li>\n<li>Rauhoittava ja ahdistusta lievitt\u00e4v\u00e4 \u2013 Koiranpedin ainutlaatuinen rakenne luo pes\u00e4n kaltaisen ymp\u00e4rist\u00f6n, auttaa v\u00e4hent\u00e4m\u00e4\u00e4n koirien ahdistusta ja tarjoaa turvallisuuden ja mukavuuden tunteen. Se on ihanteellinen valinta koirille, jotka stressaantuvat helposti esimerkiksi eroahdistuksen, ukkosmyrskyjen tai uusien ymp\u00e4rist\u00f6jen vuoksi.<\/li>\n<li>Kaikkien vuodenaikojen matto \u2013 K\u00e4\u00e4nnett\u00e4v\u00e4n koiranmaton muotoilun ansiosta matto on valmistettu eri materiaaleista molemmilla puolilla, joten se mukautuu eri vuodenaikoihin; samettipuoli on l\u00e4mmin ja mukava talvella, kun taas toinen puoli on virkist\u00e4v\u00e4 ja hengitt\u00e4v\u00e4 kes\u00e4ll\u00e4, joten sit\u00e4 voidaan k\u00e4ytt\u00e4\u00e4 kaikkina vuodenaikoina ja se huolehtii koirasi unesta ymp\u00e4ri vuoden.<\/li>\n<li>Korkealaatuiset materiaalit \u2013 Valmistettu samettisesta l\u00e4mpim\u00e4st\u00e4 p\u00e4\u00e4llisest\u00e4, Oxford-kankaasta, tihe\u00e4st\u00e4 PP-puuvillasta, eritt\u00e4in tukevasta vaahtomuovista ja liukumattomasta pehmusteesta, se on paitsi pehme\u00e4 ja mukava, my\u00f6s erinomaisesti tukeva ja liukumaton, tekee koirasi k\u00e4yt\u00f6st\u00e4 turvallisempaa ja varmistaa tuotteen kest\u00e4vyyden.<\/li>\n<li>Helppo huolto \u2013 Koiranpeti on suunniteltu irrotettavaksi ja konepest\u00e4v\u00e4ksi; Avaa vain vetoketju, ota pois pohjan vaahtomuovi ja PP-puuvilla ja laita p\u00e4\u00e4llinen helposti pesukoneeseen; T\u00e4m\u00e4 ratkaisee helposti puhdistusongelman ja pit\u00e4\u00e4 koiranpedin puhtaana ja hygieenisen\u00e4.<\/li>\n<li>Koko: Keskikokoinen \u2013 76 * 76 * 30 cm (30,0\u2033 P x 30,0\u2033 L x 12,0\u2033 Paksuus); Suuri \u2013 110 * 110 * 35 cm (45,0\u2033 P x 45,0\u2033 L x 14,0\u2033 Paksuus).<\/li>\n<\/ul>","protected":false},"featured_media":7713,"comment_status":"open","ping_status":"closed","template":"","meta":[],"product_brand":[],"product_cat":[227],"product_tag":[],"class_list":{"0":"post-7724","1":"product","2":"type-product","3":"status-publish","4":"has-post-thumbnail","6":"product_cat-pet-supplies","8":"first","9":"instock","10":"shipping-taxable","11":"purchasable","12":"product-type-variable","13":"has-default-attributes"},"_links":{"self":[{"href":"https:\/\/www.largepillow.com\/fi\/wp-json\/wp\/v2\/product\/7724","targetHints":{"allow":["GET"]}}],"collection":[{"href":"https:\/\/www.largepillow.com\/fi\/wp-json\/wp\/v2\/product"}],"about":[{"href":"https:\/\/www.largepillow.com\/fi\/wp-json\/wp\/v2\/types\/product"}],"replies":[{"embeddable":true,"href":"https:\/\/www.largepillow.com\/fi\/wp-json\/wp\/v2\/comments?post=7724"}],"wp:featuredmedia":[{"embeddable":true,"href":"https:\/\/www.largepillow.com\/fi\/wp-json\/wp\/v2\/media\/7713"}],"wp:attachment":[{"href":"https:\/\/www.largepillow.com\/fi\/wp-json\/wp\/v2\/media?parent=7724"}],"wp:term":[{"taxonomy":"product_brand","embeddable":true,"href":"https:\/\/www.largepillow.com\/fi\/wp-json\/wp\/v2\/product_brand?post=7724"},{"taxonomy":"product_cat","embeddable":true,"href":"https:\/\/www.largepillow.com\/fi\/wp-json\/wp\/v2\/product_cat?post=7724"},{"taxonomy":"product_tag","embeddable":true,"href":"https:\/\/www.largepillow.com\/fi\/wp-json\/wp\/v2\/product_tag?post=7724"}],"curies":[{"name":"wp","href":"https:\/\/api.w.org\/{rel}","templated":true}]}}