{"id":781,"date":"2022-09-17T12:40:07","date_gmt":"2022-09-17T12:40:07","guid":{"rendered":"https:\/\/www.largepillow.com\/product\/wedge-pillow-for-acid-reflux_37_38_39"},"modified":"2025-01-24T18:55:31","modified_gmt":"2025-01-24T18:55:31","slug":"iso-kolmio-tyyny-kiila","status":"publish","type":"product","link":"https:\/\/www.largepillow.com\/fi\/product\/large-triangle-pillow-wedge","title":{"rendered":"Suuri kolmion muotoinen tyynykiila"},"content":{"rendered":"<p>\u00c4\u00e4rimm\u00e4isen mukava iso kolmiotyynykiila<\/p>\n<p>Etsitk\u00f6 t\u00e4ydellist\u00e4 luku- tai oleskelutyyny\u00e4? Sallikaa meid\u00e4n esitell\u00e4 Large Triangle Pillow Wedge -tyyny, t\u00e4ydellinen tyyny mukavuutta ja tukea varten. <\/p>\n<p>T\u00e4ss\u00e4 eritt\u00e4in suuressa s\u00e4ngynp\u00e4\u00e4tyynyss\u00e4 on ainutlaatuinen kaareva ja korotettu kaksirivinen selk\u00e4noja, joka tukee p\u00e4\u00e4t\u00e4si, niskaa ja selk\u00e4\u00e4. Ylivoimainen tuki auttaa sinua rentoutumaan t\u00e4ysin ilman j\u00e4nnityst\u00e4, istutpa lukemassa, ty\u00f6skentelet kannettavalla tietokoneella tai katsot televisiota s\u00e4ngyss\u00e4.  <\/p>\n<p>Kolmion muoto tekee t\u00e4st\u00e4 tyynyst\u00e4 uskomattoman monipuolisen. K\u00e4yt\u00e4 sit\u00e4 pystyasennossa kuin selk\u00e4nojan tyyny, kallistettuna kuin kiilatyyny korkeammalle l\u00f6h\u00f6ily\u00e4 varten tai jopa jalkatyynyn\u00e4 koko vartalon tukemiseksi. Kuusi saatavilla olevaa pituutta 100\u2013200 cm takaavat t\u00e4ydellisen istuvuuden kaikenkokoisille s\u00e4ngyille, sohvalle tai sohvalle.<\/p>\n<p>Pehme\u00e4st\u00e4, kest\u00e4v\u00e4st\u00e4 100%-polyesterista pellavan\u00e4k\u00f6isess\u00e4 kankaassa valmistettu konepest\u00e4v\u00e4 p\u00e4\u00e4llinen on helppo puhdistaa. K\u00e4tev\u00e4t sivutaskut tarjoavat paikan s\u00e4ilytt\u00e4\u00e4 kirjoja, kaukos\u00e4\u00e4timi\u00e4 tai laitteita k\u00e4den ulottuvilla. <\/p>\n<p>T\u00e4ss\u00e4 on mit\u00e4 jotkut asiakkaat sanoivat oston j\u00e4lkeen:<\/p>\n<p>&quot;Rakastan t\u00e4m\u00e4n tyynyn trigonometrist\u00e4 muotoilua, se tukee hyvin selk\u00e4\u00e4ni ja niskaani lukiessani tai ty\u00f6skennelless\u00e4ni kannettavalla tietokoneellani s\u00e4ngyss\u00e4.&quot;<\/p>\n<p>\u201dT\u00e4m\u00e4 tyynykiila on t\u00e4ydellinen oleskeluun ja television katseluun. Voin s\u00e4\u00e4t\u00e4\u00e4 kulmaa helposti nostaakseni yl\u00e4vartaloani.&quot;<\/p>\n<p>\u201dEritt\u00e4in suuri koko sopii mainiosti venytt\u00e4m\u00e4\u00e4n kirjan kanssa. Ja pid\u00e4n siit\u00e4, ett\u00e4 voin irrottaa kannen ja pest\u00e4 sen tarvittaessa.&quot;<\/p>\n<p>Ylivertaisen mukavuuden, s\u00e4\u00e4dett\u00e4v\u00e4n kolmion muotoisen ja laadukkaan rakenteensa ansiosta Large Triangle Pillow Wedge on erinomainen lis\u00e4ys mihin tahansa makuuhuoneeseen tai olohuoneeseen. Hanki t\u00e4ydellinen oleskelu-, luku- ja rentoutumistyynysi jo t\u00e4n\u00e4\u00e4n!<\/p>","protected":false},"excerpt":{"rendered":"<ul>\n<li><strong>\u00c4\u00e4rimm\u00e4ist\u00e4 mukavuutta:<\/strong> T\u00e4m\u00e4 xl kohotettu p\u00e4\u00e4tytyyny tarjoaa erinomaisen mukavuuden kaarevan muotoilunsa ansiosta. T\u00e4m\u00e4 s\u00e4ngynp\u00e4\u00e4dyn lukutyyny auttaa sinua pysym\u00e4\u00e4n j\u00e4nnittym\u00e4tt\u00f6m\u00e4n\u00e4 vuodesohva-sohvassa tai sohvalla, joka on ihanteellinen y\u00f6ky\u00f6pelien, kirjatoukkien ty\u00f6skentelyyn ja television katseluun s\u00e4ngyss\u00e4.<\/li>\n<li><strong>Korotettu selk\u00e4nojan muotoilu:<\/strong> Nauti vertaansa vailla olevasta mukavuudesta p\u00e4\u00e4tytyynymme ainutlaatuisen kaksirivisen kohotetun selk\u00e4nojan ansiosta. Korotettu selk\u00e4nojan p\u00e4\u00e4tytyyny tarjoaa erinomaisen tuen niskallesi ja sel\u00e4llesi, joten se on t\u00e4ydellinen paikka rentoutua ja lukea s\u00e4ngyss\u00e4.<\/li>\n<li><strong>Monik\u00e4ytt\u00f6inen tyyny:<\/strong> Kolmella eri k\u00e4ytt\u00f6tavalla tyynymme sopii t\u00e4ydellisesti kaikkiin tilanteisiin. Haluatpa k\u00e4ytt\u00e4\u00e4 sit\u00e4 pystysuorana selk\u00e4tyynyn\u00e4, kiilatyynyn\u00e4 tai jalkatyynyn\u00e4 korkeamman tuen saamiseksi, se on ihanteellinen lis\u00e4varuste mukavaan lepoon ja rentoutumiseen.<\/li>\n<li><strong>Ylivoimaista k\u00e4sity\u00f6taitoa:<\/strong> Valmistettu pellavan\u00e4k\u00f6isest\u00e4 kankaasta, jonka koostumus on 100% polyesteri, p\u00e4\u00e4tytyynymme on t\u00e4ytetty ymp\u00e4rist\u00f6yst\u00e4v\u00e4llisell\u00e4 ja eritt\u00e4in kimmoisalla polyesterikuitut\u00e4ytteell\u00e4. Irrotettava pehmustetyyny on helppo pest\u00e4 koneessa, kun taas pienet sivutaskut lis\u00e4\u00e4v\u00e4t k\u00e4yt\u00e4nn\u00f6llisyytt\u00e4 jo ennest\u00e4\u00e4n ylelliseen tuotteeseen.<\/li>\n<li><strong>Helppo pest\u00e4:<\/strong> S\u00e4ngynp\u00e4\u00e4dyn tyynynp\u00e4\u00e4llinen on kiinnitetty tyynyn sis\u00e4osaan napeilla ja se on helppo irrottaa yksinkertaisella vetoketjulla. T\u00e4m\u00e4 tekee sen puhdistamisesta vaivatonta. Poista vain p\u00e4\u00e4llinen ja pese tyyny nopeasti koneella, jotta se n\u00e4ytt\u00e4\u00e4 uudelta.<\/li>\n<li><strong>Koko:<\/strong> 100 cm (L100 x L26 x K55 | 3 sarakepainiketta), 120 cm (P120 x L26 x K55 | 4 sarakkeen painiketta), 140 cm (L140 x L26 x K55 | 4 sarakkeen painiketta), 160 cm (P160 x 5 | 5 x 5 painikkeet) ), 180 cm (L180 x L26 x K55 | 6 sarakepainiketta), 200 cm (P200 x L26 x K55 | 7 sarakkeen painiketta).<\/li>\n<\/ul>","protected":false},"featured_media":767,"comment_status":"open","ping_status":"closed","template":"","meta":[],"product_brand":[],"product_cat":[15],"product_tag":[164,161,168,170,143,162,65],"class_list":{"0":"post-781","1":"product","2":"type-product","3":"status-publish","4":"has-post-thumbnail","6":"product_cat-large-wedge-pillow","7":"product_tag-detachable-bolster-bed-cushion","8":"product_tag-elevated-headboard-pillow","9":"product_tag-headboard-pillow","10":"product_tag-large-triangle-pillow-wedge","11":"product_tag-multifunctional-pillow","12":"product_tag-upright-back-pillow","13":"product_tag-wedge-pillow","15":"first","16":"instock","17":"shipping-taxable","18":"purchasable","19":"product-type-variable"},"_links":{"self":[{"href":"https:\/\/www.largepillow.com\/fi\/wp-json\/wp\/v2\/product\/781","targetHints":{"allow":["GET"]}}],"collection":[{"href":"https:\/\/www.largepillow.com\/fi\/wp-json\/wp\/v2\/product"}],"about":[{"href":"https:\/\/www.largepillow.com\/fi\/wp-json\/wp\/v2\/types\/product"}],"replies":[{"embeddable":true,"href":"https:\/\/www.largepillow.com\/fi\/wp-json\/wp\/v2\/comments?post=781"}],"wp:featuredmedia":[{"embeddable":true,"href":"https:\/\/www.largepillow.com\/fi\/wp-json\/wp\/v2\/media\/767"}],"wp:attachment":[{"href":"https:\/\/www.largepillow.com\/fi\/wp-json\/wp\/v2\/media?parent=781"}],"wp:term":[{"taxonomy":"product_brand","embeddable":true,"href":"https:\/\/www.largepillow.com\/fi\/wp-json\/wp\/v2\/product_brand?post=781"},{"taxonomy":"product_cat","embeddable":true,"href":"https:\/\/www.largepillow.com\/fi\/wp-json\/wp\/v2\/product_cat?post=781"},{"taxonomy":"product_tag","embeddable":true,"href":"https:\/\/www.largepillow.com\/fi\/wp-json\/wp\/v2\/product_tag?post=781"}],"curies":[{"name":"wp","href":"https:\/\/api.w.org\/{rel}","templated":true}]}}