{"id":802,"date":"2022-09-17T13:48:56","date_gmt":"2022-09-17T13:48:56","guid":{"rendered":"https:\/\/www.largepillow.com\/product\/wedge-pillow-for-acid-reflux_37_38_39_40"},"modified":"2026-03-13T16:55:31","modified_gmt":"2026-03-13T16:55:31","slug":"kiila-pehmuste-tyyny","status":"publish","type":"product","link":"https:\/\/www.largepillow.com\/fi\/product\/wedge-bolster-pillow","title":{"rendered":"Wedge Bolster -tyyny"},"content":{"rendered":"<p>Ultimate Comfort Wedge Bolster -tyyny<\/p>\n<p>Etsitk\u00f6 t\u00e4ydellist\u00e4 luku- tai television katselutyyny\u00e4? Sallikaa meid\u00e4n esitell\u00e4 Wedge Bolster Pillow - \u00e4\u00e4rimm\u00e4inen kohotettu p\u00e4\u00e4tytyyny, joka tarjoaa erinomaisen mukavuuden ja tuen.<\/p>\n<p>Kaareva muotonsa ja kaksirivisesti korotetun selk\u00e4nojan ansiosta t\u00e4m\u00e4 XL-tyyny tukee kunnolla niskaasi ja selk\u00e4\u00e4si istuessasi s\u00e4ngyss\u00e4. Monik\u00e4ytt\u00f6inen muotoilu toimii erinomaisesti my\u00f6s pystysuorana selk\u00e4tyynyn\u00e4, kiilatyynyn\u00e4 tai jalkatyynyn\u00e4. <\/p>\n<p>Valmistettu 100%-polyesterist\u00e4 ymp\u00e4rist\u00f6yst\u00e4v\u00e4llisell\u00e4 polyesterikuitut\u00e4ytteell\u00e4, kangas on pellavan\u00e4k\u00f6inen, joka t\u00e4ydent\u00e4\u00e4 mink\u00e4 tahansa makuuhuoneen sisustuksen. Irrotettava p\u00e4\u00e4llinen on konepest\u00e4v\u00e4 helpon huollon vuoksi. T\u00e4ss\u00e4 ylisuuressa s\u00e4ngynp\u00e4\u00e4tyynyss\u00e4 on my\u00f6s pienet sivutaskut kirjoille, kaukos\u00e4\u00e4timille, puhelimille ja muille. <\/p>\n<p>T\u00e4ss\u00e4 on mit\u00e4 joidenkin asiakkaiden oli sanottava:<\/p>\n<p>&quot;Rakastan t\u00e4m\u00e4n s\u00e4ngyn kiilatyynyn ulkon\u00e4k\u00f6\u00e4 ja tuntumaa. Pellavakangas on eritt\u00e4in pehme\u00e4\u00e4 ja v\u00e4ri n\u00e4ytt\u00e4\u00e4 hyv\u00e4lt\u00e4 makuuhuoneessani.\u201d<\/p>\n<p>&quot;T\u00e4m\u00e4 lukutyyny tarjoaa upean selk\u00e4tuen. Pystyn istumaan s\u00e4ngyss\u00e4 tuntikausia ilman niska- tai selk\u00e4kipuja.&quot;<\/p>\n<p>&quot;Kohotettu muotoilu sopii t\u00e4ydellisesti lukemiseen tai kannettavan tietokoneeni parissa ty\u00f6skentelemiseen s\u00e4ngyss\u00e4. Se on loistava selk\u00e4noja, joka pit\u00e4\u00e4 minut pystyss\u00e4 mukavasti.\u201d<\/p>\n<p>\u201dSain koon 160 cm ja se vie koko s\u00e4ngyn p\u00e4\u00e4osan. Riitt\u00e4v\u00e4n suuri istumiseen ja elokuvien katseluun.\u201d<\/p>\n<p>Saatavilla olevat pituudet vaihtelevat 100\u2013200 cm, joten l\u00f6yd\u00e4t varmasti tilaan sopivan Wedge Bolster -tyynyn. Anna sel\u00e4llesi, kaulallesi ja jaloillesi niiden ansaitsema mukavuus! Hanki monitoiminen s\u00e4ngynp\u00e4\u00e4tytyynysi jo t\u00e4n\u00e4\u00e4n.<\/p>","protected":false},"excerpt":{"rendered":"<ul>\n<li><strong>\u00c4\u00e4rimm\u00e4ist\u00e4 mukavuutta:<\/strong> T\u00e4m\u00e4 xl kohotettu p\u00e4\u00e4tytyyny tarjoaa erinomaisen mukavuuden kaarevan muotoilunsa ansiosta. T\u00e4m\u00e4 s\u00e4ngynp\u00e4\u00e4dyn lukutyyny auttaa sinua pysym\u00e4\u00e4n j\u00e4nnittym\u00e4tt\u00f6m\u00e4n\u00e4 vuodesohva-sohvassa tai sohvalla, joka on ihanteellinen y\u00f6ky\u00f6pelien, kirjatoukkien ty\u00f6skentelyyn ja television katseluun s\u00e4ngyss\u00e4.<\/li>\n<li><strong>Korotettu selk\u00e4nojan muotoilu:<\/strong> Nauti vertaansa vailla olevasta mukavuudesta p\u00e4\u00e4tytyynymme ainutlaatuisen kaksirivisen kohotetun selk\u00e4nojan ansiosta. Korotettu selk\u00e4nojan p\u00e4\u00e4tytyyny tarjoaa erinomaisen tuen niskallesi ja sel\u00e4llesi, joten se on t\u00e4ydellinen paikka rentoutua ja lukea s\u00e4ngyss\u00e4.<\/li>\n<li><strong>Monik\u00e4ytt\u00f6inen tyyny:<\/strong> Kolmella eri k\u00e4ytt\u00f6tavalla tyynymme sopii t\u00e4ydellisesti kaikkiin tilanteisiin. Haluatpa k\u00e4ytt\u00e4\u00e4 sit\u00e4 pystysuorana selk\u00e4tyynyn\u00e4, kiilatyynyn\u00e4 tai jalkatyynyn\u00e4 korkeamman tuen saamiseksi, se on ihanteellinen lis\u00e4varuste mukavaan lepoon ja rentoutumiseen.<\/li>\n<li><strong>Ylivoimaista k\u00e4sity\u00f6taitoa:<\/strong> Valmistettu pellavan\u00e4k\u00f6isest\u00e4 kankaasta, jonka koostumus on 100% polyesteri, p\u00e4\u00e4tytyynymme on t\u00e4ytetty ymp\u00e4rist\u00f6yst\u00e4v\u00e4llisell\u00e4 ja eritt\u00e4in kimmoisalla polyesterikuitut\u00e4ytteell\u00e4. Irrotettava pehmustetyyny on helppo pest\u00e4 koneessa, kun taas pienet sivutaskut lis\u00e4\u00e4v\u00e4t k\u00e4yt\u00e4nn\u00f6llisyytt\u00e4 jo ennest\u00e4\u00e4n ylelliseen tuotteeseen.<\/li>\n<li><strong>Helppo pest\u00e4:<\/strong> S\u00e4ngynp\u00e4\u00e4dyn tyynynp\u00e4\u00e4llinen on kiinnitetty tyynyn sis\u00e4osaan napeilla ja se on helppo irrottaa yksinkertaisella vetoketjulla. T\u00e4m\u00e4 tekee sen puhdistamisesta vaivatonta. Poista vain p\u00e4\u00e4llinen ja pese tyyny nopeasti koneella, jotta se n\u00e4ytt\u00e4\u00e4 uudelta.<\/li>\n<li><strong>Koko:<\/strong> 100 cm (L100 x L26 x K55 | 3 sarakepainiketta), 120 cm (P120 x L26 x K55 | 4 sarakkeen painiketta), 140 cm (L140 x L26 x K55 | 4 sarakkeen painiketta), 160 cm (P160 x 5 | 5 x 5 painikkeet) ), 180 cm (L180 x L26 x K55 | 6 sarakepainiketta), 200 cm (P200 x L26 x K55 | 7 sarakkeen painiketta).<\/li>\n<\/ul>","protected":false},"featured_media":788,"comment_status":"open","ping_status":"closed","template":"","meta":[],"product_brand":[],"product_cat":[15],"product_tag":[164,161,168,163,143,169,162,167,65],"class_list":{"0":"post-802","1":"product","2":"type-product","3":"status-publish","4":"has-post-thumbnail","6":"product_cat-large-wedge-pillow","7":"product_tag-detachable-bolster-bed-cushion","8":"product_tag-elevated-headboard-pillow","9":"product_tag-headboard-pillow","10":"product_tag-leg-pillow","11":"product_tag-multifunctional-pillow","12":"product_tag-support-pillow","13":"product_tag-upright-back-pillow","14":"product_tag-wedge-bolster-pillow","15":"product_tag-wedge-pillow","17":"first","18":"instock","19":"shipping-taxable","20":"purchasable","21":"product-type-variable"},"_links":{"self":[{"href":"https:\/\/www.largepillow.com\/fi\/wp-json\/wp\/v2\/product\/802","targetHints":{"allow":["GET"]}}],"collection":[{"href":"https:\/\/www.largepillow.com\/fi\/wp-json\/wp\/v2\/product"}],"about":[{"href":"https:\/\/www.largepillow.com\/fi\/wp-json\/wp\/v2\/types\/product"}],"replies":[{"embeddable":true,"href":"https:\/\/www.largepillow.com\/fi\/wp-json\/wp\/v2\/comments?post=802"}],"wp:featuredmedia":[{"embeddable":true,"href":"https:\/\/www.largepillow.com\/fi\/wp-json\/wp\/v2\/media\/788"}],"wp:attachment":[{"href":"https:\/\/www.largepillow.com\/fi\/wp-json\/wp\/v2\/media?parent=802"}],"wp:term":[{"taxonomy":"product_brand","embeddable":true,"href":"https:\/\/www.largepillow.com\/fi\/wp-json\/wp\/v2\/product_brand?post=802"},{"taxonomy":"product_cat","embeddable":true,"href":"https:\/\/www.largepillow.com\/fi\/wp-json\/wp\/v2\/product_cat?post=802"},{"taxonomy":"product_tag","embeddable":true,"href":"https:\/\/www.largepillow.com\/fi\/wp-json\/wp\/v2\/product_tag?post=802"}],"curies":[{"name":"wp","href":"https:\/\/api.w.org\/{rel}","templated":true}]}}