{"id":8223,"date":"2025-06-12T02:27:17","date_gmt":"2025-06-12T02:27:17","guid":{"rendered":"https:\/\/www.largepillow.com\/product\/family-floor-couch-set-3-seater-ottoman-bolster"},"modified":"2025-06-17T14:08:43","modified_gmt":"2025-06-17T14:08:43","slug":"perhesohvaryhma-3-paikkainen-rahityyny","status":"publish","type":"product","link":"https:\/\/www.largepillow.com\/fi\/product\/family-floor-couch-set-3-seater-ottoman-bolster\/","title":{"rendered":"Perheen lattiasohvaryhm\u00e4: 3-paikkainen, rahi ja pohjallinen"},"content":{"rendered":"[zc_getpagecontent mb=&#8221;mb_aplus&#8221; apid=&#8221;131&#8243;]\n","protected":false},"excerpt":{"rendered":"<ul>\n<li>Innovatiivinen kaksialueinen muotoilu: T\u00e4m\u00e4 modulaarinen lattiasohva on nerokkaasti suunniteltu luomaan erilliset mutta harmoniset alueet vanhemmille ja lapsille. Kolmen istuttavan sohvan asettelu voidaan konfiguroida jakamaan tilaa, jolloin vanhemmat voivat keskitty\u00e4 ty\u00f6h\u00f6n h\u00e4iri\u00f6tt\u00e4, kun lapset nauttivat leikkiajasta tai rentoutumisesta l\u00e4hell\u00e4.<\/li>\n<li>Tilava 283 cm:n asettelu: 283 cm:n kokoinen s\u00e4nky tarjoaa runsaasti tilaa molemmille aktiviteeteille; Vanhemmat voivat levitt\u00e4\u00e4 ty\u00f6v\u00e4lineens\u00e4 toiselle puolelle, kun taas lapsilla on riitt\u00e4v\u00e4sti tilaa leikki\u00e4 leluilla tai lukea kirjoja tunkeutumatta toistensa alueelle, mik\u00e4 edist\u00e4\u00e4 rauhallista rinnakkaiseloa.<\/li>\n<li>Mukavat vaahtomuovityynyt: Korkealaatuiset vaahtomuovityynyt ovat paitsi pehmeit\u00e4 rentoutumiseen, my\u00f6s tukevat pitki\u00e4 istumistunteja. Olivatpa vanhemmat sitten ty\u00f6puhelussa tai lapset uppoutuneet elokuvaan, mukava istuin varmistaa, ettei ep\u00e4mukavuus h\u00e4iritse kumpaakaan osapuolta.<\/li>\n<li>Monipuolinen rahi: Mukana tulevaa rahia voidaan k\u00e4ytt\u00e4\u00e4 erillisen\u00e4 ty\u00f6tasona vanhemmille, sill\u00e4 sen tasainen yl\u00e4osa tarjoaa vakaan paikan kannettaville tietokoneille tai papereille. Lapsille se voi toimia ylim\u00e4\u00e4r\u00e4isen\u00e4 istuimena leikkien aikana tai jalkatukena piirrettyj\u00e4 katsellessa, mik\u00e4 parantaa heid\u00e4n oman alueensa toimivuutta.<\/li>\n<li>Sylinterim\u00e4inen tukityyny: Ainutlaatuinen sylinterim\u00e4inen tukityyny tarjoaa kohdennettua tukea; Vanhemmat voivat k\u00e4ytt\u00e4\u00e4 sit\u00e4 lannerangan tukena pitkien ty\u00f6jaksojen aikana v\u00e4hent\u00e4en sel\u00e4n v\u00e4symist\u00e4, kun taas lapset voivat painautua siihen lis\u00e4mukavuuden vuoksi lukiessaan tai rentoutuessaan, mik\u00e4 tekee sek\u00e4 ty\u00f6skentelyst\u00e4 ett\u00e4 leikkimisest\u00e4 nautinnollisempaa.<\/li>\n<\/ul>","protected":false},"featured_media":8209,"comment_status":"open","ping_status":"closed","template":"","meta":[],"product_brand":[],"product_cat":[228],"product_tag":[],"class_list":{"0":"post-8223","1":"product","2":"type-product","3":"status-publish","4":"has-post-thumbnail","6":"product_cat-cushions","8":"first","9":"instock","10":"sold-individually","11":"shipping-taxable","12":"purchasable","13":"product-type-simple"},"_links":{"self":[{"href":"https:\/\/www.largepillow.com\/fi\/wp-json\/wp\/v2\/product\/8223","targetHints":{"allow":["GET"]}}],"collection":[{"href":"https:\/\/www.largepillow.com\/fi\/wp-json\/wp\/v2\/product"}],"about":[{"href":"https:\/\/www.largepillow.com\/fi\/wp-json\/wp\/v2\/types\/product"}],"replies":[{"embeddable":true,"href":"https:\/\/www.largepillow.com\/fi\/wp-json\/wp\/v2\/comments?post=8223"}],"wp:featuredmedia":[{"embeddable":true,"href":"https:\/\/www.largepillow.com\/fi\/wp-json\/wp\/v2\/media\/8209"}],"wp:attachment":[{"href":"https:\/\/www.largepillow.com\/fi\/wp-json\/wp\/v2\/media?parent=8223"}],"wp:term":[{"taxonomy":"product_brand","embeddable":true,"href":"https:\/\/www.largepillow.com\/fi\/wp-json\/wp\/v2\/product_brand?post=8223"},{"taxonomy":"product_cat","embeddable":true,"href":"https:\/\/www.largepillow.com\/fi\/wp-json\/wp\/v2\/product_cat?post=8223"},{"taxonomy":"product_tag","embeddable":true,"href":"https:\/\/www.largepillow.com\/fi\/wp-json\/wp\/v2\/product_tag?post=8223"}],"curies":[{"name":"wp","href":"https:\/\/api.w.org\/{rel}","templated":true}]}}